{"id":22976,"date":"2025-01-10T16:23:26","date_gmt":"2025-01-10T14:23:26","guid":{"rendered":"https:\/\/toolhouse.fi\/?post_type=product&#038;p=22976"},"modified":"2026-05-07T13:53:45","modified_gmt":"2026-05-07T10:53:45","slug":"brytbladskniv-tvardy","status":"publish","type":"product","link":"https:\/\/toolhouse.fi\/sv\/produkt\/brytbladskniv-tvardy\/","title":{"rendered":"Brytbladskniv Tvardy"},"content":{"rendered":"","protected":false},"excerpt":{"rendered":"<div class=\"flex-shrink-0 flex flex-col relative items-end\">\n<div>\n<div class=\"pt-0\">\n<div class=\"gizmo-bot-avatar flex h-8 w-8 items-center justify-center overflow-hidden rounded-full\">\n<div class=\"relative p-1 rounded-sm flex items-center justify-center bg-token-main-surface-primary text-token-text-primary h-8 w-8\"><\/div>\n<\/div>\n<\/div>\n<\/div>\n<\/div>\n<div class=\"group\/conversation-turn relative flex w-full min-w-0 flex-col agent-turn\">\n<div class=\"flex-col gap-1 md:gap-3\">\n<div class=\"flex max-w-full flex-col flex-grow\">\n<div class=\"min-h-8 text-message flex w-full flex-col items-end gap-2 whitespace-normal break-words text-start [.text-message+&amp;]:mt-5\" dir=\"auto\" data-message-author-role=\"assistant\" data-message-id=\"ee797345-b391-4ba5-bace-ca40ffa36a4f\" data-message-model-slug=\"gpt-4o\">\n<div class=\"flex w-full flex-col gap-1 empty:hidden first:pt-[3px]\">\n<div class=\"markdown prose w-full break-words dark:prose-invert light\">\n<p><strong>Tvardy brytbladskniv<\/strong><\/p>\n<p>En brytbladskniv av h\u00f6g kvalitet, utrustad med ett 18 mm brett bimetallblad och s\u00e4ker bladl\u00e5sning f\u00f6r trygg anv\u00e4ndning. Kniven har ett utdragbart magasin med plats f\u00f6r tv\u00e5 extra blad, vilket g\u00f6r den praktisk och smidig att anv\u00e4nda. Handtaget \u00e4r tillverkat av slitstark ABS-plast med en bladh\u00e5llare av st\u00e5l f\u00f6r extra h\u00e5llbarhet.<\/p>\n<p>&nbsp;<\/p>\n<ul>\n<li><strong>Blad:<\/strong> SK2H, 100x18x0,5 mm<\/li>\n<li><strong>Medf\u00f6ljer:<\/strong> 3 st blad<\/li>\n<li><strong>L\u00e4ngd:<\/strong> 170 mm<\/li>\n<li><strong>Tillverkare:<\/strong> Tvardy<\/li>\n<\/ul>\n<\/div>\n<\/div>\n<\/div>\n<\/div>\n<\/div>\n<\/div>\n","protected":false},"featured_media":22979,"template":"","meta":{"_acf_changed":false,"_seopress_robots_primary_cat":"none","_seopress_titles_title":"","_seopress_titles_desc":"","_seopress_robots_index":"","_seopress_analysis_target_kw":""},"product_cat":[349,336,21],"product_tag":[],"class_list":{"0":"post-22976","1":"product","2":"type-product","3":"status-publish","4":"has-post-thumbnail","6":"product_cat-ovrigt","7":"product_cat-verktyg","8":"product_cat-verkstadsutrustning","10":"first","11":"instock","12":"taxable","13":"shipping-taxable","14":"purchasable","15":"product-type-simple","swatches":"rey-swatches","show_selected":""},"acf":[],"_links":{"self":[{"href":"https:\/\/toolhouse.fi\/sv\/wp-json\/wp\/v2\/product\/22976","targetHints":{"allow":["GET"]}}],"collection":[{"href":"https:\/\/toolhouse.fi\/sv\/wp-json\/wp\/v2\/product"}],"about":[{"href":"https:\/\/toolhouse.fi\/sv\/wp-json\/wp\/v2\/types\/product"}],"version-history":[{"count":1,"href":"https:\/\/toolhouse.fi\/sv\/wp-json\/wp\/v2\/product\/22976\/revisions"}],"predecessor-version":[{"id":32839,"href":"https:\/\/toolhouse.fi\/sv\/wp-json\/wp\/v2\/product\/22976\/revisions\/32839"}],"wp:featuredmedia":[{"embeddable":true,"href":"https:\/\/toolhouse.fi\/sv\/wp-json\/wp\/v2\/media\/22979"}],"wp:attachment":[{"href":"https:\/\/toolhouse.fi\/sv\/wp-json\/wp\/v2\/media?parent=22976"}],"wp:term":[{"taxonomy":"product_cat","embeddable":true,"href":"https:\/\/toolhouse.fi\/sv\/wp-json\/wp\/v2\/product_cat?post=22976"},{"taxonomy":"product_tag","embeddable":true,"href":"https:\/\/toolhouse.fi\/sv\/wp-json\/wp\/v2\/product_tag?post=22976"}],"curies":[{"name":"wp","href":"https:\/\/api.w.org\/{rel}","templated":true}]}}