{"id":23028,"date":"2025-01-14T15:14:51","date_gmt":"2025-01-14T13:14:51","guid":{"rendered":"https:\/\/toolhouse.fi\/?post_type=product&#038;p=23028"},"modified":"2025-06-20T11:19:38","modified_gmt":"2025-06-20T08:19:38","slug":"muttersprackare-9-27-mm","status":"publish","type":"product","link":"https:\/\/toolhouse.fi\/sv\/produkt\/muttersprackare-9-27-mm\/","title":{"rendered":"Mutterspr\u00e4ckare 9-27 mm"},"content":{"rendered":"","protected":false},"excerpt":{"rendered":"<p>V\u00e4lfungerande mutterspr\u00e4ckare som spr\u00e4cker muttrar utan att skada bulten.<\/p>\n<p>Oumb\u00e4rlig hj\u00e4lpreda till rundade och fastrostade muttrar.<\/p>\n<ul>\n<li>Nr 1 mutterstorlek 9 &#8211; 12 mm<\/li>\n<li>Nr 2 mutterstorlek 12 &#8211; 16 mm<\/li>\n<li>Nr 3 mutterstorlek 16 &#8211; 21 mm<\/li>\n<li>Nr 4 mutterstorlek 22 &#8211; 27 mm<\/li>\n<li>vikt 1,6 kg<\/li>\n<li>Tillverkare: Geko<\/li>\n<\/ul>\n","protected":false},"featured_media":23052,"template":"","meta":{"_acf_changed":false,"_seopress_robots_primary_cat":"none","_seopress_titles_title":"","_seopress_titles_desc":"","_seopress_robots_index":""},"product_cat":[588,349,336,21],"product_tag":[],"class_list":{"0":"post-23028","1":"product","2":"type-product","3":"status-publish","4":"has-post-thumbnail","6":"product_cat-avdragare","7":"product_cat-ovrigt","8":"product_cat-verktyg","9":"product_cat-verkstadsutrustning","11":"first","12":"instock","13":"taxable","14":"shipping-taxable","15":"purchasable","16":"product-type-simple","swatches":"rey-swatches","show_selected":""},"acf":[],"_links":{"self":[{"href":"https:\/\/toolhouse.fi\/sv\/wp-json\/wp\/v2\/product\/23028","targetHints":{"allow":["GET"]}}],"collection":[{"href":"https:\/\/toolhouse.fi\/sv\/wp-json\/wp\/v2\/product"}],"about":[{"href":"https:\/\/toolhouse.fi\/sv\/wp-json\/wp\/v2\/types\/product"}],"version-history":[{"count":1,"href":"https:\/\/toolhouse.fi\/sv\/wp-json\/wp\/v2\/product\/23028\/revisions"}],"predecessor-version":[{"id":23031,"href":"https:\/\/toolhouse.fi\/sv\/wp-json\/wp\/v2\/product\/23028\/revisions\/23031"}],"wp:featuredmedia":[{"embeddable":true,"href":"https:\/\/toolhouse.fi\/sv\/wp-json\/wp\/v2\/media\/23052"}],"wp:attachment":[{"href":"https:\/\/toolhouse.fi\/sv\/wp-json\/wp\/v2\/media?parent=23028"}],"wp:term":[{"taxonomy":"product_cat","embeddable":true,"href":"https:\/\/toolhouse.fi\/sv\/wp-json\/wp\/v2\/product_cat?post=23028"},{"taxonomy":"product_tag","embeddable":true,"href":"https:\/\/toolhouse.fi\/sv\/wp-json\/wp\/v2\/product_tag?post=23028"}],"curies":[{"name":"wp","href":"https:\/\/api.w.org\/{rel}","templated":true}]}}