{"id":23064,"date":"2025-01-15T14:34:18","date_gmt":"2025-01-15T12:34:18","guid":{"rendered":"https:\/\/toolhouse.fi\/?post_type=product&#038;p=23064"},"modified":"2025-11-01T23:45:12","modified_gmt":"2025-11-01T21:45:12","slug":"invento-tcs-521-sa","status":"publish","type":"product","link":"https:\/\/toolhouse.fi\/sv\/produkt\/invento-tcs-521-sa\/","title":{"rendered":"INVENTO TCS 521 SA"},"content":{"rendered":"<table border=\"0\" width=\"587\" cellspacing=\"0\" cellpadding=\"2\">\n<tbody>\n<tr>\n<td width=\"258\"><b>Typ\u00a0:<\/b><\/td>\n<td width=\"322\">Halvautomatisk<\/td>\n<\/tr>\n<tr>\n<td bgcolor=\"#f1f1f1\" width=\"258\"><b>Sp\u00e4nning\u00a0:<\/b><\/td>\n<td bgcolor=\"#f1f1f1\" width=\"322\">230V 50Hz<\/td>\n<\/tr>\n<tr>\n<td width=\"258\"><b>Rotationshastighet:<\/b><\/td>\n<td width=\"322\">6 rpm<\/td>\n<\/tr>\n<tr>\n<td bgcolor=\"#f1f1f1\" width=\"258\"><b>Presstryck<\/b><\/td>\n<td bgcolor=\"#f1f1f1\" width=\"322\">2500 kg<\/td>\n<\/tr>\n<tr>\n<td width=\"258\"><b>Maximal hjuldiameter\u00a0:<\/b><\/td>\n<td width=\"322\">1000 mm<\/td>\n<\/tr>\n<tr>\n<td bgcolor=\"#f1f1f1\" width=\"258\"><b>Maximal hjulbredd\u00a0:<\/b><\/td>\n<td bgcolor=\"#f1f1f1\" width=\"322\">335 mm<\/td>\n<\/tr>\n<tr>\n<td width=\"258\"><b>F\u00e4lgstorlek inv\u00e4ndig\u00a0:<\/b><\/td>\n<td width=\"322\">\u00a012\u201c- 23\u201d<\/td>\n<\/tr>\n<tr>\n<td bgcolor=\"#f1f1f1\" width=\"258\"><b>F\u00e4lgstorlek utv\u00e4ndig<\/b><\/td>\n<td bgcolor=\"#f1f1f1\" width=\"322\">\u00a010\u201c- 21\u201d<\/td>\n<\/tr>\n<tr>\n<td width=\"258\"><b>Lufttryck:<\/b><\/td>\n<td width=\"322\">8 \u2013 10 Bar<\/td>\n<\/tr>\n<tr>\n<td bgcolor=\"#f1f1f1\" width=\"258\"><b>Ljudniv\u00e5\u00a0:<\/b><\/td>\n<td bgcolor=\"#f1f1f1\" width=\"322\">&lt;75 dB<\/td>\n<\/tr>\n<tr>\n<td width=\"258\"><b>Motoreffekt\u00a0:<\/b><\/td>\n<td width=\"322\">0.75 kW<\/td>\n<\/tr>\n<tr>\n<td bgcolor=\"#f1f1f1\" width=\"258\"><b>Maximal bord vridmoment\u00a0:<\/b><\/td>\n<td bgcolor=\"#f1f1f1\" width=\"322\">1100 Nm<\/td>\n<\/tr>\n<tr>\n<td width=\"258\"><b>Dimensioner (H x D x B)\u00a0:<\/b><\/td>\n<td width=\"322\">188 x 100 x 78 cm<\/td>\n<\/tr>\n<tr>\n<td bgcolor=\"#f1f1f1\" width=\"258\"><b>Standardutrustning\u00a0:<\/b><\/td>\n<td bgcolor=\"#f1f1f1\" width=\"322\">Tryckregulator med sm\u00f6rjare och vattenavskiljare.<\/p>\n<p>D\u00e4ckj\u00e4rn.<\/p>\n<p>Luftp\u00e5fyllare.<\/p>\n<p>Borste till d\u00e4ckpasta.<\/p>\n<p>Plastskydd till monterinshuvud.<\/p>\n<p>Plastskydd till k\u00e4ftar.<\/p>\n<p>Plastskydd till klinchpress.<\/td>\n<\/tr>\n<\/tbody>\n<\/table>\n","protected":false},"excerpt":{"rendered":"<p><strong>D\u00e4ckmaskin TCS 521 SA<\/strong><\/p>\n<p>&nbsp;<\/p>\n<ul>\n<li>F\u00e4lgstorlek inv\u00e4ndig: 12 \u201c- 23\u201d<\/li>\n<li>F\u00e4lgstorlek utv\u00e4ndig: 10 \u201c- 21\u201d<\/li>\n<li>Maximal hjuldiameter: 1000 mm<\/li>\n<li>Maximal hjulbredd: 335 mm<\/li>\n<li>Presskraft: 2500 kg<\/li>\n<li>Str\u00f6mf\u00f6rs\u00f6rjning: 230V<\/li>\n<li>Vikt: 190\u00a0kg<\/li>\n<\/ul>\n<div class=\"flex-shrink-0 flex flex-col relative items-end\">\n<div>\n<div class=\"pt-0\">\n<div class=\"gizmo-bot-avatar flex h-8 w-8 items-center justify-center overflow-hidden rounded-full\">\n<div class=\"relative p-1 rounded-sm flex items-center justify-center bg-token-main-surface-primary text-token-text-primary h-8 w-8\"><\/div>\n<\/div>\n<\/div>\n<\/div>\n<\/div>\n<div class=\"group\/conversation-turn relative flex w-full min-w-0 flex-col agent-turn\">\n<div class=\"flex-col gap-1 md:gap-3\">\n<div class=\"flex max-w-full flex-col flex-grow\">\n<div class=\"min-h-8 text-message flex w-full flex-col items-end gap-2 whitespace-normal break-words text-start [.text-message+&amp;]:mt-5\" dir=\"auto\" data-message-author-role=\"assistant\" data-message-id=\"f61f44b5-81d6-4ccd-a7c2-76138b9f6016\" data-message-model-slug=\"gpt-4o\">\n<div class=\"flex w-full flex-col gap-1 empty:hidden first:pt-[3px]\">\n<div class=\"markdown prose w-full break-words dark:prose-invert light\">\n<p>TCS 521 SA \u00e4r en effektiv halvautomatisk d\u00e4ckmaskin fr\u00e5n Invento.<\/p>\n<p>Tack vare sin robusta konstruktion och tillverkning av h\u00f6gkvalitativa material garanterar maskinen en l\u00e5ng livsl\u00e4ngd och p\u00e5litlig prestanda, \u00e4ven vid kr\u00e4vande och l\u00e5ngvarig anv\u00e4ndning.<\/p>\n<p>D\u00e4ckmaskinen \u00e4r utrustad med ett extra stabilt monteringsbord och vridstyv pelare, vilket g\u00f6r TCS 521 SA perfekt f\u00f6r montering av d\u00e4ck p\u00e5 b\u00e5de personbilar och l\u00e4ttare transportfordon.<\/p>\n<\/div>\n<\/div>\n<\/div>\n<\/div>\n<\/div>\n<\/div>\n<div class=\"flex w-full flex-col gap-1 empty:hidden first:pt-[3px]\">\n<div class=\"markdown prose w-full break-words dark:prose-invert light\">Maskinen \u00e4r CE-godk\u00e4nd och levereras med 12 m\u00e5naders garanti. Alla reservdelar finns tillg\u00e4ngliga.<\/div>\n<\/div>\n","protected":false},"featured_media":23086,"template":"","meta":{"_acf_changed":false,"_seopress_robots_primary_cat":"none","_seopress_titles_title":"","_seopress_titles_desc":"","_seopress_robots_index":""},"product_cat":[18,186,591],"product_tag":[],"class_list":{"0":"post-23064","1":"product","2":"type-product","3":"status-publish","4":"has-post-thumbnail","6":"product_cat-dackarbete","7":"product_cat-dackmaskiner","8":"product_cat-dackmonteringsmaskiner","10":"first","11":"outofstock","12":"taxable","13":"shipping-taxable","14":"purchasable","15":"product-type-simple","swatches":"rey-swatches","show_selected":""},"acf":[],"_links":{"self":[{"href":"https:\/\/toolhouse.fi\/sv\/wp-json\/wp\/v2\/product\/23064","targetHints":{"allow":["GET"]}}],"collection":[{"href":"https:\/\/toolhouse.fi\/sv\/wp-json\/wp\/v2\/product"}],"about":[{"href":"https:\/\/toolhouse.fi\/sv\/wp-json\/wp\/v2\/types\/product"}],"version-history":[{"count":5,"href":"https:\/\/toolhouse.fi\/sv\/wp-json\/wp\/v2\/product\/23064\/revisions"}],"predecessor-version":[{"id":23093,"href":"https:\/\/toolhouse.fi\/sv\/wp-json\/wp\/v2\/product\/23064\/revisions\/23093"}],"wp:featuredmedia":[{"embeddable":true,"href":"https:\/\/toolhouse.fi\/sv\/wp-json\/wp\/v2\/media\/23086"}],"wp:attachment":[{"href":"https:\/\/toolhouse.fi\/sv\/wp-json\/wp\/v2\/media?parent=23064"}],"wp:term":[{"taxonomy":"product_cat","embeddable":true,"href":"https:\/\/toolhouse.fi\/sv\/wp-json\/wp\/v2\/product_cat?post=23064"},{"taxonomy":"product_tag","embeddable":true,"href":"https:\/\/toolhouse.fi\/sv\/wp-json\/wp\/v2\/product_tag?post=23064"}],"curies":[{"name":"wp","href":"https:\/\/api.w.org\/{rel}","templated":true}]}}