{"id":23095,"date":"2025-01-15T15:24:59","date_gmt":"2025-01-15T13:24:59","guid":{"rendered":"https:\/\/toolhouse.fi\/?post_type=product&#038;p=23095"},"modified":"2026-04-27T12:19:47","modified_gmt":"2026-04-27T09:19:47","slug":"invento-tcs-524-2v-ha","status":"publish","type":"product","link":"https:\/\/toolhouse.fi\/sv\/produkt\/invento-tcs-524-2v-ha\/","title":{"rendered":"INVENTO TCS 524 2V HA"},"content":{"rendered":"<table class=\"n54117_dictionary\">\n<tbody>\n<tr>\n<td class=\"n54117_item_a1\"><strong>Typ\u00a0<span class=\"n67256colon\">:<\/span><\/strong><\/td>\n<td class=\"n54117_item_b1\">\n<div class=\"n54117_item_b_sub\"><strong>Automatisk d\u00e4ckmaskin<\/strong><\/div>\n<\/td>\n<\/tr>\n<tr>\n<td class=\"n54117_item_a2\"><strong>Sp\u00e4nning\u00a0<span class=\"n67256colon\">:<\/span><\/strong><\/td>\n<td class=\"n54117_item_b2\">\n<div class=\"n54117_item_b_sub\"><strong>3-fas (400V)<\/strong><\/div>\n<\/td>\n<\/tr>\n<tr>\n<td class=\"n54117_item_a1\"><strong><span class=\"n67256colon\">Rotationshastighet:<\/span><\/strong><\/td>\n<td class=\"n54117_item_b1\">\n<div class=\"n54117_item_b_sub\"><strong>7 \/ 14 rpm<\/strong><\/div>\n<\/td>\n<\/tr>\n<tr>\n<td class=\"n54117_item_a2\"><strong><span class=\"n67256colon\">Klinchpress kraft:<\/span><\/strong><\/td>\n<td class=\"n54117_item_b2\">\n<div class=\"n54117_item_b_sub\"><strong>2500 kg<\/strong><\/div>\n<\/td>\n<\/tr>\n<tr>\n<td class=\"n54117_item_a1\"><strong>Maximal hjuldiameter\u00a0:\u00a0<span class=\"n67256colon\">:<\/span><\/strong><\/td>\n<td class=\"n54117_item_b1\">\n<div class=\"n54117_item_b_sub\"><strong>1110 mm<\/strong><\/div>\n<\/td>\n<\/tr>\n<tr>\n<td class=\"n54117_item_a2\"><strong><span class=\"n67256colon\">Maximal hjulbredd\u00a0::<\/span><\/strong><\/td>\n<td class=\"n54117_item_b2\">\n<div class=\"n54117_item_b_sub\"><strong>350 mm<\/strong><\/div>\n<\/td>\n<\/tr>\n<tr>\n<td class=\"n54117_item_a1\"><strong><span class=\"n67256colon\">F\u00e4lgstorlek inv\u00e4ndig\u00a0::<\/span><\/strong><\/td>\n<td class=\"n54117_item_b1\">\n<div class=\"n54117_item_b_sub\"><strong>14\u201c- 26\u201d<\/strong><\/div>\n<\/td>\n<\/tr>\n<tr>\n<td class=\"n54117_item_a2\"><strong>F\u00e4lgstorlek utv\u00e4ndig<\/strong><\/td>\n<td class=\"n54117_item_b2\">\n<div class=\"n54117_item_b_sub\"><strong>12\u201c-24\u201d<\/strong><\/div>\n<\/td>\n<\/tr>\n<tr>\n<td class=\"n54117_item_a1\"><strong><span class=\"n67256colon\">Lufttryck::<\/span><\/strong><\/td>\n<td class=\"n54117_item_b1\">\n<div class=\"n54117_item_b_sub\"><strong>8 \u2013 10 Bar<\/strong><\/div>\n<\/td>\n<\/tr>\n<tr>\n<td class=\"n54117_item_a2\"><strong>Ljudniv\u00e5\u00a0:<\/strong><\/td>\n<td class=\"n54117_item_b2\">\n<div class=\"n54117_item_b_sub\"><strong>&lt;75 dB<\/strong><\/div>\n<\/td>\n<\/tr>\n<tr>\n<td class=\"n54117_item_a1\"><strong>Motoreffekt\u00a0:<\/strong><\/td>\n<td class=\"n54117_item_b1\">\n<div class=\"n54117_item_b_sub\"><strong>hastighet 1: 0.75 kW<\/strong><\/div>\n<p><strong>,<\/strong><\/p>\n<div class=\"n54117_item_b_sub\"><strong>Hastighet 2: 1.1 kW<\/strong><\/div>\n<\/td>\n<\/tr>\n<tr>\n<td class=\"n54117_item_a2\"><\/td>\n<td class=\"n54117_item_b2\"><\/td>\n<\/tr>\n<tr>\n<td class=\"n54117_item_a1\"><strong><span class=\"n67256colon\">Maximal vridmoment bord :<\/span><\/strong><\/td>\n<td class=\"n54117_item_b1\">\n<div class=\"n54117_item_b_sub\"><strong>1100 Nm<\/strong><\/div>\n<\/td>\n<\/tr>\n<tr>\n<td class=\"n54117_item_a2\"><strong>Dimensioner (H x D x B)\u00a0:<\/strong><\/td>\n<td class=\"n54117_item_b2\">\n<div class=\"n54117_item_b_sub\"><\/div>\n<\/td>\n<\/tr>\n<tr>\n<td class=\"n54117_item_a1\"><strong>Standardutrustning\u00a0:<\/strong><\/td>\n<td class=\"n54117_item_b1\">\n<div class=\"n54117_item_b_sub\">\n<p><strong>Tryckregulator med sm\u00f6rjare och vattenavskiljare.<\/strong><\/p>\n<p><strong>D\u00e4ckj\u00e4rn\u00a0<\/strong><\/p>\n<p><strong>Borste till d\u00e4ckpasta<\/strong><\/p>\n<p><strong>Luftp\u00e5fyllare halvautomatisk<\/strong><\/p>\n<p><strong>Plastskydd till monteringshuvud<\/strong><\/p>\n<p><strong>Plastskydd till k\u00e4ftar<\/strong><\/p>\n<p><strong>Plastskydd till klinchpress<\/strong><\/p>\n<p><strong>2 rotationshastigheter 7 och 14 rpm<\/strong><\/p>\n<\/div>\n<div class=\"n54117_item_b_sub\"><strong>Hj\u00e4lparm 2V-HA (monteringsrulle, monteringstallrik,<\/strong><br \/>\n<strong>Centering cone)<\/strong><\/div>\n<\/td>\n<\/tr>\n<tr>\n<td class=\"n54117_item_a2\"><strong>Vikt\u00a0<span class=\"n67256colon\">:<\/span><\/strong><\/td>\n<td class=\"n54117_item_b2\">\n<div class=\"n54117_item_b_sub\"><strong>324 kg<\/strong><\/div>\n<\/td>\n<\/tr>\n<tr>\n<td class=\"n54117_item_a1\"><strong>Garanti\u00a0<span class=\"n67256colon\">:<\/span><\/strong><\/td>\n<td class=\"n54117_item_b1\">\n<div class=\"n54117_item_b_sub\"><strong>12 m\u00e5nader<\/strong><\/div>\n<\/td>\n<\/tr>\n<\/tbody>\n<\/table>\n","protected":false},"excerpt":{"rendered":"<div class=\"flex-shrink-0 flex flex-col relative items-end\">\n<div class=\"pt-0\">\n<div class=\"gizmo-bot-avatar flex h-8 w-8 items-center justify-center overflow-hidden rounded-full\">\n<div class=\"relative p-1 rounded-sm flex items-center justify-center bg-token-main-surface-primary text-token-text-primary h-8 w-8\">\n<p><strong>D\u00e4ckmaskin TCS 524 2V HA 12&#8243; &#8211; 26&#8243;<\/strong><\/p>\n<p>&nbsp;<\/p>\n<ul>\n<li><strong>2V HA-hj\u00e4lparm:<\/strong>\u00a0F\u00f6r enkel hantering av RUN-FLAT och l\u00e5gprofilsd\u00e4ck<\/li>\n<li><strong>2 hastighets rotation:<\/strong> 7 och 14 rpm<\/li>\n<li><strong>Pneumatiskt tiltbar pelare<\/strong><\/li>\n<li><strong>F\u00e4lgstorlek inv\u00e4ndig:<\/strong> 14\u201d \u2013 26\u201d<\/li>\n<li><strong>F\u00e4lgstorlek utv\u00e4ndig:<\/strong> 12\u201d \u2013 24\u201d<\/li>\n<li><strong>Maximal hjuldiameter:<\/strong>\u00a01110 mm<\/li>\n<li><strong>Maximal hjulbredd:<\/strong> 350 mm<\/li>\n<li><strong>Presskraft:<\/strong> 2500 kg<\/li>\n<li><strong>Halvautomatisk lyftp\u00e5fyllare<\/strong><\/li>\n<li><strong>Str\u00f6mf\u00f6rs\u00f6rjning:<\/strong>\u00a0400V<\/li>\n<li><strong>Vikt:\u00a0<\/strong>324 kg<\/li>\n<\/ul>\n<\/div>\n<\/div>\n<\/div>\n<\/div>\n<div class=\"group\/conversation-turn relative flex w-full min-w-0 flex-col agent-turn\">\n<div class=\"flex-col gap-1 md:gap-3\">\n<div class=\"flex max-w-full flex-col flex-grow\">\n<div class=\"min-h-8 text-message flex w-full flex-col items-end gap-2 whitespace-normal break-words text-start [.text-message+&amp;]:mt-5\" dir=\"auto\" data-message-author-role=\"assistant\" data-message-id=\"9b93849f-5186-4875-94d0-16d74f51e63e\" data-message-model-slug=\"gpt-4o\">\n<div class=\"flex w-full flex-col gap-1 empty:hidden first:pt-[3px]\">\n<div class=\"markdown prose w-full break-words dark:prose-invert light\">\n<p>Invento TCS 524 2V HA \u00e4r en h\u00f6gpresterande d\u00e4ckmonteringsmaskin designad f\u00f6r st\u00f6rre f\u00e4lgdiametrar och l\u00e5gprofilsd\u00e4ck. De robusta hj\u00e4lparmarna g\u00f6r det enkelt att montera l\u00e5gprofilsd\u00e4ck utan att riskera skador p\u00e5 d\u00e4ck eller f\u00e4lg. Maskinens m\u00e5nga funktioner, s\u00e5som en pneumatiskt styrd tiltbar pelare, ett stort och stabilt monteringsbord samt en kraftig pelare, g\u00f6r den idealisk f\u00f6r montering av RUN-FLAT och l\u00e5gprofilsd\u00e4ck, \u00e4ven i st\u00f6rre dimensioner.<\/p>\n<p>Maskinen \u00e4r utrustad med tv\u00e5 rotationshastigheter p\u00e5 monteringsbordet (7 och 14 rpm) och en halvautomatisk luftp\u00e5fyllare, vilket \u00f6kar effektiviteten och sparar arbetstid.<\/p>\n<\/div>\n<p>Maskinen \u00e4r CE-godk\u00e4nd och levereras med 12 m\u00e5naders garanti. Alla reservdelar finns tillg\u00e4ngliga.<\/p>\n<\/div>\n<\/div>\n<\/div>\n<\/div>\n<\/div>\n","protected":false},"featured_media":23124,"template":"","meta":{"_acf_changed":false,"_seopress_robots_primary_cat":"none","_seopress_titles_title":"","_seopress_titles_desc":"","_seopress_robots_index":""},"product_cat":[18,186,591],"product_tag":[],"class_list":{"0":"post-23095","1":"product","2":"type-product","3":"status-publish","4":"has-post-thumbnail","6":"product_cat-dackarbete","7":"product_cat-dackmaskiner","8":"product_cat-dackmonteringsmaskiner","10":"first","11":"instock","12":"sale","13":"taxable","14":"shipping-taxable","15":"purchasable","16":"product-type-simple","swatches":"rey-swatches","show_selected":""},"acf":[],"_links":{"self":[{"href":"https:\/\/toolhouse.fi\/sv\/wp-json\/wp\/v2\/product\/23095","targetHints":{"allow":["GET"]}}],"collection":[{"href":"https:\/\/toolhouse.fi\/sv\/wp-json\/wp\/v2\/product"}],"about":[{"href":"https:\/\/toolhouse.fi\/sv\/wp-json\/wp\/v2\/types\/product"}],"version-history":[{"count":5,"href":"https:\/\/toolhouse.fi\/sv\/wp-json\/wp\/v2\/product\/23095\/revisions"}],"predecessor-version":[{"id":23142,"href":"https:\/\/toolhouse.fi\/sv\/wp-json\/wp\/v2\/product\/23095\/revisions\/23142"}],"wp:featuredmedia":[{"embeddable":true,"href":"https:\/\/toolhouse.fi\/sv\/wp-json\/wp\/v2\/media\/23124"}],"wp:attachment":[{"href":"https:\/\/toolhouse.fi\/sv\/wp-json\/wp\/v2\/media?parent=23095"}],"wp:term":[{"taxonomy":"product_cat","embeddable":true,"href":"https:\/\/toolhouse.fi\/sv\/wp-json\/wp\/v2\/product_cat?post=23095"},{"taxonomy":"product_tag","embeddable":true,"href":"https:\/\/toolhouse.fi\/sv\/wp-json\/wp\/v2\/product_tag?post=23095"}],"curies":[{"name":"wp","href":"https:\/\/api.w.org\/{rel}","templated":true}]}}