{"id":2314,"date":"2021-01-19T18:53:25","date_gmt":"2021-01-19T16:53:25","guid":{"rendered":"https:\/\/toolhouse.fi\/?post_type=product&#038;p=2314"},"modified":"2025-09-22T14:51:04","modified_gmt":"2025-09-22T11:51:04","slug":"forhojningssats-til-billyft-100-mm-2","status":"publish","type":"product","link":"https:\/\/toolhouse.fi\/sv\/produkt\/forhojningssats-til-billyft-100-mm-2\/","title":{"rendered":"F\u00f6rh\u00f6jningssats till billyft &#8211; 100mm\/4st"},"content":{"rendered":"<p><span class=\"checkmark\">Passar till 1 och 2-pelarlyftar med 50mm h\u00e5l.<\/span><\/p>\n<p><span class=\"checkmark\">Satsen inneh\u00e5ller 4 st f\u00f6rh\u00f6jningar<\/span><\/p>\n","protected":false},"excerpt":{"rendered":"<p>Passar till 1 och 2-pelarlyftar med 50mm h\u00e5l. Satsen inneh\u00e5ller 4 st f\u00f6rh\u00f6jningar<\/p>\n","protected":false},"featured_media":27619,"template":"","meta":{"_acf_changed":false,"_seopress_robots_primary_cat":"none","_seopress_titles_title":"","_seopress_titles_desc":"","_seopress_robots_index":""},"product_cat":[20,282],"product_tag":[],"class_list":{"0":"post-2314","1":"product","2":"type-product","3":"status-publish","4":"has-post-thumbnail","6":"product_cat-lyftteknik","7":"product_cat-tillbehor-reservdelar","8":"product_shipping_class-tillbehor-590","10":"first","11":"outofstock","12":"taxable","13":"shipping-taxable","14":"purchasable","15":"product-type-simple","swatches":"rey-swatches","show_selected":""},"acf":[],"_links":{"self":[{"href":"https:\/\/toolhouse.fi\/sv\/wp-json\/wp\/v2\/product\/2314","targetHints":{"allow":["GET"]}}],"collection":[{"href":"https:\/\/toolhouse.fi\/sv\/wp-json\/wp\/v2\/product"}],"about":[{"href":"https:\/\/toolhouse.fi\/sv\/wp-json\/wp\/v2\/types\/product"}],"version-history":[{"count":0,"href":"https:\/\/toolhouse.fi\/sv\/wp-json\/wp\/v2\/product\/2314\/revisions"}],"wp:featuredmedia":[{"embeddable":true,"href":"https:\/\/toolhouse.fi\/sv\/wp-json\/wp\/v2\/media\/27619"}],"wp:attachment":[{"href":"https:\/\/toolhouse.fi\/sv\/wp-json\/wp\/v2\/media?parent=2314"}],"wp:term":[{"taxonomy":"product_cat","embeddable":true,"href":"https:\/\/toolhouse.fi\/sv\/wp-json\/wp\/v2\/product_cat?post=2314"},{"taxonomy":"product_tag","embeddable":true,"href":"https:\/\/toolhouse.fi\/sv\/wp-json\/wp\/v2\/product_tag?post=2314"}],"curies":[{"name":"wp","href":"https:\/\/api.w.org\/{rel}","templated":true}]}}