{"id":23261,"date":"2025-01-22T13:25:24","date_gmt":"2025-01-22T11:25:24","guid":{"rendered":"https:\/\/toolhouse.fi\/?post_type=product&#038;p=23261"},"modified":"2025-12-06T11:44:42","modified_gmt":"2025-12-06T09:44:42","slug":"invento-vbs-200e","status":"publish","type":"product","link":"https:\/\/toolhouse.fi\/sv\/produkt\/invento-vbs-200e\/","title":{"rendered":"INVENTO VBS 200E"},"content":{"rendered":"<table class=\"n54117_dictionary\">\n<tbody>\n<tr>\n<td class=\"n54117_item_a1\">Modell<span class=\"n67256colon\">:<\/span><\/td>\n<td class=\"n54117_item_b1\">\n<div class=\"n54117_item_b_sub\"><span class=\"n54117_name_sub\">Invento vbs 200e<\/span><\/div>\n<\/td>\n<\/tr>\n<tr>\n<td class=\"n54117_item_a2\">Typ\u00a0<span class=\"n67256colon\">:<\/span><\/td>\n<td class=\"n54117_item_b2\">\n<div class=\"n54117_item_b_sub\">halvautomatisk<\/div>\n<\/td>\n<\/tr>\n<tr>\n<td class=\"n54117_item_a1\">M\u00e5tt (B x D x H)\u00a0<span class=\"n67256colon\">:<\/span><\/p>\n<p>Vikt:<\/td>\n<td class=\"n54117_item_b1\">\n<div class=\"n54117_item_b_sub\">920 x 620 x 1160 mm<\/div>\n<div>105kg<\/div>\n<\/td>\n<\/tr>\n<tr>\n<td class=\"n54117_item_a2\">M\u00e4tningstid\u00a0<span class=\"n67256colon\">:<\/span><\/td>\n<td class=\"n54117_item_b2\">\n<div class=\"n54117_item_b_sub\">8 sekunder<\/div>\n<\/td>\n<\/tr>\n<tr>\n<td class=\"n54117_item_a1\">Ljudniv\u00e5l\u00a0<span class=\"n67256colon\">:<\/span><\/td>\n<td class=\"n54117_item_b1\">\n<div class=\"n54117_item_b_sub\">\u226469dB<\/div>\n<\/td>\n<\/tr>\n<tr>\n<td class=\"n54117_item_a2\">Axel diameter\u00a0<span class=\"n67256colon\">:<\/span><\/td>\n<td class=\"n54117_item_b2\">\n<div class=\"n54117_item_b_sub\">40mm (diameter) x 3mm (g\u00e4ngstigning)<\/div>\n<\/td>\n<\/tr>\n<tr>\n<td class=\"n54117_item_a1\">Program: <span class=\"n67256colon\">:<\/span><\/td>\n<td class=\"n54117_item_b1\">\n<div class=\"n54117_item_b_sub\">3st alu, mc, dynamisk, statisk<\/div>\n<\/td>\n<\/tr>\n<tr>\n<td class=\"n54117_item_a2\">Maximal hjulvikt <span class=\"n67256colon\">:<\/span><\/td>\n<td class=\"n54117_item_b2\">\n<div class=\"n54117_item_b_sub\">65 kg<\/div>\n<\/td>\n<\/tr>\n<tr>\n<td class=\"n54117_item_a1\">Rotations hastighet\u00a0<span class=\"n67256colon\">:<\/span><\/td>\n<td class=\"n54117_item_b1\">\n<div class=\"n54117_item_b_sub\">200 rpm<\/div>\n<\/td>\n<\/tr>\n<tr>\n<td class=\"n54117_item_a2\">Noggrannhet\u00a0<span class=\"n67256colon\">:<\/span><\/td>\n<td class=\"n54117_item_b2\">\n<div class=\"n54117_item_b_sub\">1g<\/div>\n<\/td>\n<\/tr>\n<tr>\n<td class=\"n54117_item_a1\">F\u00e4lgstorlek\u00a0<span class=\"n67256colon\">:<\/span><\/td>\n<td class=\"n54117_item_b1\">\n<div class=\"n54117_item_b_sub\">10 \u201c- 28\u201d<\/div>\n<\/td>\n<\/tr>\n<tr>\n<td class=\"n54117_item_a2\">Vikt positionering\u00a0<span class=\"n67256colon\">:<\/span><\/td>\n<td class=\"n54117_item_b2\">\n<div class=\"n54117_item_b_sub\">led lampor, ljudsignal<\/div>\n<\/td>\n<\/tr>\n<tr>\n<td class=\"n54117_item_a1\">Ytterligare funktioner\u00a0<span class=\"n67256colon\">:<\/span><\/td>\n<td class=\"n54117_item_b1\">\n<div class=\"n54117_item_b_sub\">Auto kalibrering,sj\u00e4lvdiagnos.<\/div>\n<\/td>\n<\/tr>\n<tr>\n<td class=\"n54117_item_a2\">Str\u00f6mf\u00f6rbrukning\u00a0<span class=\"n67256colon\">:<\/span><\/td>\n<td class=\"n54117_item_b2\">\n<div class=\"n54117_item_b_sub\">0.2kW<\/div>\n<\/td>\n<\/tr>\n<tr>\n<td class=\"n54117_item_a1\">Str\u00f6mf\u00f6rs\u00f6rjning\u00a0<span class=\"n67256colon\">:<\/span><\/td>\n<td class=\"n54117_item_b1\">\n<div class=\"n54117_item_b_sub\">230V 50Hz<\/div>\n<\/td>\n<\/tr>\n<tr>\n<td class=\"n54117_item_a2\">Garanti\u00a0<span class=\"n67256colon\">:<\/span><\/td>\n<td class=\"n54117_item_b2\">\n<div class=\"n54117_item_b_sub\">12 m\u00e5nader<\/div>\n<\/td>\n<\/tr>\n<tr>\n<td class=\"n54117_item_a1\"><span class=\"n67256colon\">Ce-m\u00e4rkt:<\/span><\/td>\n<td class=\"n54117_item_b1\">\n<div class=\"n54117_item_b_sub\">Ja<\/div>\n<\/td>\n<\/tr>\n<\/tbody>\n<\/table>\n","protected":false},"excerpt":{"rendered":"<p>&nbsp;<\/p>\n<p>&nbsp;<\/p>\n<p><strong>Invento VBS 200E<\/strong><\/p>\n<p>Invento VBS 200E \u00e4r en stabil och p\u00e5litlig balanseringsmaskin med h\u00f6g prestanda. Maskinen \u00e4r utrustad med extra stora displayer f\u00f6r enkel och tydlig anv\u00e4ndning. Dess robusta konstruktion, med h\u00f6g egenvikt och en stor basplatta, s\u00e4kerst\u00e4ller stabilitet och g\u00f6r den idealisk f\u00f6r att balansera b\u00e5de st\u00f6rre och tyngre hjul, samtidigt som den levererar noggranna och p\u00e5litliga m\u00e4tresultat.<\/p>\n<p><strong>Flera balanseringsprogram<\/strong><br \/>\nMaskinen \u00e4r utrustad med tre dedikerade program f\u00f6r l\u00e4ttmetallf\u00e4lgar och ett specifikt program f\u00f6r motorcykelhjul. Dessa program f\u00f6rb\u00e4ttrar precisionen vid balansering.<\/p>\n<p>Maskinen st\u00f6djer b\u00e5de dynamisk och statisk balansering.<\/p>\n<p><strong>LED-display<\/strong><\/p>\n<p>En extra stor LED-display visar exakt var obalansen \u00e4r. Maskinen har ocks\u00e5 stora, tydliga knappar f\u00f6r enkel anv\u00e4ndning.<\/p>\n<p><strong>Axeldiameter: 40 mm<\/strong><\/p>\n<p>VBS 200E \u00e4r utrustad med en 40 mm axel och kompatibel med ett brett utbud av tillbeh\u00f6r.<\/p>\n<p><strong>Sj\u00e4lvdiagnostik och kalibrering<\/strong><\/p>\n<p>Maskinen \u00e4r enkel att fels\u00f6ka och utrustad med ett anv\u00e4ndarv\u00e4nligt kalibreringssystem, vilket g\u00f6r att anv\u00e4ndaren sj\u00e4lv kan justera maskinen f\u00f6r optimala resultat.<\/p>\n<p><strong>Standardutrustning<\/strong><\/p>\n<ul>\n<li>Set med koner (4 st)<\/li>\n<li>Snabbmutter<\/li>\n<li>T\u00e5ng<\/li>\n<li>Verktyg f\u00f6r att m\u00e4ta hjulbredd och diameter<\/li>\n<li>Kalibreringsvikt (1 st)<\/li>\n<\/ul>\n","protected":false},"featured_media":23288,"template":"","meta":{"_acf_changed":false,"_seopress_robots_primary_cat":"none","_seopress_titles_title":"","_seopress_titles_desc":"","_seopress_robots_index":""},"product_cat":[185,18,623],"product_tag":[],"class_list":{"0":"post-23261","1":"product","2":"type-product","3":"status-publish","4":"has-post-thumbnail","6":"product_cat-balanseringsmaskiner","7":"product_cat-dackarbete","8":"product_cat-dackbalanserare","10":"first","11":"outofstock","12":"taxable","13":"shipping-taxable","14":"purchasable","15":"product-type-simple","swatches":"rey-swatches","show_selected":""},"acf":[],"_links":{"self":[{"href":"https:\/\/toolhouse.fi\/sv\/wp-json\/wp\/v2\/product\/23261","targetHints":{"allow":["GET"]}}],"collection":[{"href":"https:\/\/toolhouse.fi\/sv\/wp-json\/wp\/v2\/product"}],"about":[{"href":"https:\/\/toolhouse.fi\/sv\/wp-json\/wp\/v2\/types\/product"}],"version-history":[{"count":4,"href":"https:\/\/toolhouse.fi\/sv\/wp-json\/wp\/v2\/product\/23261\/revisions"}],"predecessor-version":[{"id":23295,"href":"https:\/\/toolhouse.fi\/sv\/wp-json\/wp\/v2\/product\/23261\/revisions\/23295"}],"wp:featuredmedia":[{"embeddable":true,"href":"https:\/\/toolhouse.fi\/sv\/wp-json\/wp\/v2\/media\/23288"}],"wp:attachment":[{"href":"https:\/\/toolhouse.fi\/sv\/wp-json\/wp\/v2\/media?parent=23261"}],"wp:term":[{"taxonomy":"product_cat","embeddable":true,"href":"https:\/\/toolhouse.fi\/sv\/wp-json\/wp\/v2\/product_cat?post=23261"},{"taxonomy":"product_tag","embeddable":true,"href":"https:\/\/toolhouse.fi\/sv\/wp-json\/wp\/v2\/product_tag?post=23261"}],"curies":[{"name":"wp","href":"https:\/\/api.w.org\/{rel}","templated":true}]}}