{"id":23296,"date":"2025-01-24T15:59:06","date_gmt":"2025-01-24T13:59:06","guid":{"rendered":"https:\/\/toolhouse.fi\/?post_type=product&#038;p=23296"},"modified":"2026-04-01T12:51:35","modified_gmt":"2026-04-01T09:51:35","slug":"trycklufts-slangvinda-20-m-med-snabbkopplingar","status":"publish","type":"product","link":"https:\/\/toolhouse.fi\/sv\/produkt\/trycklufts-slangvinda-20-m-med-snabbkopplingar\/","title":{"rendered":"Trycklufts slangvinda, 20 m. Med snabbkopplingar"},"content":{"rendered":"<table class=\"n54117_dictionary\">\n<tbody>\n<tr>\n<td class=\"n54117_item_a1\">V\u00e4ggf\u00e4ste inkluderat:<\/td>\n<td class=\"n54117_item_b1\">\n<div class=\"n54117_item_b_sub\">ja<\/div>\n<\/td>\n<\/tr>\n<tr>\n<td class=\"n54117_item_a2\">Utv\u00e4ndig anslutningsg\u00e4nga:<\/td>\n<td class=\"n54117_item_b2\">\n<div class=\"n54117_item_b_sub\">1\/4<\/div>\n<\/td>\n<\/tr>\n<tr>\n<td class=\"n54117_item_a1\">Snabbkopplingar inkluderat:<\/td>\n<td class=\"n54117_item_b1\">Ja<\/td>\n<\/tr>\n<tr>\n<td class=\"n54117_item_a2\">Slangl\u00e4ngd<span class=\"n67256colon\">:<\/span><\/td>\n<td class=\"n54117_item_b2\">\n<div class=\"n54117_item_b_sub\">20 m<\/div>\n<\/td>\n<\/tr>\n<tr>\n<td class=\"n54117_item_a1\"><span class=\"n67256colon\">L\u00e4ngd p\u00e5 anslutningsslang:<\/span><\/td>\n<td class=\"n54117_item_b1\">\n<div class=\"n54117_item_b_sub\">2 m<\/div>\n<\/td>\n<\/tr>\n<tr>\n<td class=\"n54117_item_a2\">Temperatur:<\/td>\n<td class=\"n54117_item_b2\">\n<div class=\"n54117_item_b_sub\">-5\u00b0C \u2013 +55\u00b0C<\/div>\n<\/td>\n<\/tr>\n<tr>\n<td class=\"n54117_item_a1\"><span class=\"n67256colon\">Automatiskt l\u00e5s:<\/span><\/td>\n<td class=\"n54117_item_b1\">\n<div class=\"n54117_item_b_sub\">Ja<\/div>\n<\/td>\n<\/tr>\n<tr>\n<td class=\"n54117_item_a2\">Ce-m\u00e4rkt:<\/td>\n<td class=\"n54117_item_b2\">\n<div class=\"n54117_item_b_sub\">Ja<\/div>\n<\/td>\n<\/tr>\n<tr>\n<td class=\"n54117_item_a1\">Vikt :<\/p>\n<p>M\u00e5tt<\/td>\n<td class=\"n54117_item_b1\">\n<div class=\"n54117_item_b_sub\">11,4 kg<\/div>\n<div>51 x 27.5 x 47 cm<\/div>\n<\/td>\n<\/tr>\n<tr>\n<td class=\"n54117_item_a2\">Slangdiameter\u00a0 utv\u00e4ndig:<\/p>\n<p>Slangdiameter\u00a0 inv\u00e4ndig:<\/td>\n<td class=\"n54117_item_b2\">\n<div>15,8 mm<\/div>\n<div class=\"n54117_item_b_sub\">9,5 mm<\/div>\n<\/td>\n<\/tr>\n<tr>\n<td class=\"n54117_item_a1\"><span class=\"n67256colon\">Arbetstryck:<\/span><\/p>\n<p>Spr\u00e4ngtryck:<\/td>\n<td class=\"n54117_item_b1\">\n<div class=\"n54117_item_b_sub\">10 bar<\/div>\n<div>30 bar<\/div>\n<\/td>\n<\/tr>\n<tr>\n<td class=\"n54117_item_a2\">Garanti\u00a0<span class=\"n67256colon\">:<\/span><\/td>\n<td class=\"n54117_item_b2\">\n<div class=\"n54117_item_b_sub\">1 \u00e5r<\/div>\n<\/td>\n<\/tr>\n<\/tbody>\n<\/table>\n","protected":false},"excerpt":{"rendered":"<h3>INVENTO Pneumatisk Slangvinda<\/h3>\n<p>&nbsp;<\/p>\n<ul>\n<li>Slangl\u00e4ngd: 20 meter<\/li>\n<li>Anslutningsslang: 2 meter<\/li>\n<li>Slangdimension: 9,5 x 15,8 mm<\/li>\n<li>Smidig och s\u00e4ker upprullning av slangen<\/li>\n<li>L\u00e5smekanism: Automatisk l\u00e5sning var 5:e cm<\/li>\n<li>Slangstyrning: F\u00f6rhindrar trassel och underl\u00e4ttar hantering<\/li>\n<li>V\u00e4ggf\u00e4ste: Sv\u00e4ngbart i 180\u00b0 och enkelt att ta bort<\/li>\n<li>Certifieringar: CE- och ROHS-godk\u00e4nd<\/li>\n<li>Levereras med snabbkopplingar av bra kvalitet f\u00f6r enkel anslutning och anv\u00e4ndning<\/li>\n<\/ul>\n<p>&nbsp;<\/p>\n<p>Denna h\u00f6gkvalitativa slangvinda \u00e4r utrustad med en flexibel och slitstark PVC-slang med en rej\u00e4l grovlek p\u00e5 15,8 mm, perfekt f\u00f6r kr\u00e4vande anv\u00e4ndning.<\/p>\n<p><strong>Enkel och smidig hantering:<\/strong><br \/>\nInvento slangvinda \u00e4r designad f\u00f6r att vara anv\u00e4ndarv\u00e4nlig med automatiskt rullstopp och l\u00e5sning var 5:e cm. Med sin l\u00e5ngsamma \u00e5terrullning och m\u00f6jlighet till fri stoppfunktion hanterar du slangen b\u00e5de s\u00e4kert och effektivt. N\u00e4r du \u00e4r klar drar du bara l\u00e4tt i slangen s\u00e5 rullas den automatiskt och prydligt tillbaka p\u00e5 vindan.<\/p>\n<p><strong>Robust och h\u00e5llbar konstruktion:<\/strong><br \/>\nVindan \u00e4r tillverkad med en inmatningsmekanism av slitstark ABS-plast som t\u00e5l b\u00e5de frekvent och kr\u00e4vande anv\u00e4ndning.<\/p>\n<p><strong>Flexibilitet i anv\u00e4ndning:<\/strong><br \/>\nSlangvindan \u00e4r enkel att montera och levereras med ett 180\u00b0 sv\u00e4ngbart och l\u00f6stagbart v\u00e4ggf\u00e4ste, vilket g\u00f6r den l\u00e4tt att flytta vid behov.<\/p>\n<p>&nbsp;<\/p>\n","protected":false},"featured_media":23302,"template":"","meta":{"_acf_changed":false,"_seopress_robots_primary_cat":"none","_seopress_titles_title":"","_seopress_titles_desc":"","_seopress_robots_index":""},"product_cat":[216,320],"product_tag":[],"class_list":{"0":"post-23296","1":"product","2":"type-product","3":"status-publish","4":"has-post-thumbnail","6":"product_cat-tryckluft-och-kompressor","7":"product_cat-tryckluftslang","9":"first","10":"outofstock","11":"taxable","12":"shipping-taxable","13":"purchasable","14":"product-type-simple","swatches":"rey-swatches","show_selected":""},"acf":[],"_links":{"self":[{"href":"https:\/\/toolhouse.fi\/sv\/wp-json\/wp\/v2\/product\/23296","targetHints":{"allow":["GET"]}}],"collection":[{"href":"https:\/\/toolhouse.fi\/sv\/wp-json\/wp\/v2\/product"}],"about":[{"href":"https:\/\/toolhouse.fi\/sv\/wp-json\/wp\/v2\/types\/product"}],"version-history":[{"count":5,"href":"https:\/\/toolhouse.fi\/sv\/wp-json\/wp\/v2\/product\/23296\/revisions"}],"predecessor-version":[{"id":23390,"href":"https:\/\/toolhouse.fi\/sv\/wp-json\/wp\/v2\/product\/23296\/revisions\/23390"}],"wp:featuredmedia":[{"embeddable":true,"href":"https:\/\/toolhouse.fi\/sv\/wp-json\/wp\/v2\/media\/23302"}],"wp:attachment":[{"href":"https:\/\/toolhouse.fi\/sv\/wp-json\/wp\/v2\/media?parent=23296"}],"wp:term":[{"taxonomy":"product_cat","embeddable":true,"href":"https:\/\/toolhouse.fi\/sv\/wp-json\/wp\/v2\/product_cat?post=23296"},{"taxonomy":"product_tag","embeddable":true,"href":"https:\/\/toolhouse.fi\/sv\/wp-json\/wp\/v2\/product_tag?post=23296"}],"curies":[{"name":"wp","href":"https:\/\/api.w.org\/{rel}","templated":true}]}}