{"id":23366,"date":"2025-01-27T17:29:32","date_gmt":"2025-01-27T15:29:32","guid":{"rendered":"https:\/\/toolhouse.fi\/?post_type=product&#038;p=23366"},"modified":"2026-05-07T13:54:08","modified_gmt":"2026-05-07T10:54:08","slug":"dackmonteringspasta-for-lastbil","status":"publish","type":"product","link":"https:\/\/toolhouse.fi\/sv\/produkt\/dackmonteringspasta-for-lastbil\/","title":{"rendered":"D\u00e4ckmonteringspasta f\u00f6r lastbil"},"content":{"rendered":"","protected":false},"excerpt":{"rendered":"<p><strong>INVENTO TRUCK Monteringspasta<\/strong><\/p>\n<p>Invento truck monteringspasta \u00e4r speciellt utvecklad f\u00f6r att underl\u00e4tta montering och demontering av lastbils- och jordbruksd\u00e4ck samt superflexibla d\u00e4ck. Den unika formulan inneh\u00e5ller naturliga hartser som ger h\u00f6ga friktionsegenskaper, samt tillsatser som skyddar mot korrosion.<\/p>\n<p><strong>Anv\u00e4ndningsomr\u00e5den och egenskaper:<\/strong><\/p>\n<ul>\n<li>Snabb och precis montering<\/li>\n<li>Korrekt positionering av d\u00e4cket p\u00e5 f\u00e4lgen<\/li>\n<li>\n<div class=\"flex max-w-full flex-col flex-grow\">\n<div class=\"min-h-8 text-message flex w-full flex-col items-end gap-2 whitespace-normal break-words text-start [.text-message+&amp;]:mt-5\" dir=\"auto\" data-message-author-role=\"assistant\" data-message-id=\"aa1de708-0420-40fa-a903-6cad2adcd2c7\" data-message-model-slug=\"gpt-4o\">\n<div class=\"flex w-full flex-col gap-1 empty:hidden first:pt-[3px]\">\n<div class=\"markdown prose w-full break-words dark:prose-invert light\">\n<p>F\u00f6rhindrar att lastbilsd\u00e4ck fastnar eller skadas vid h\u00f6ga belastningar under montering och demontering.<\/p>\n<\/div>\n<\/div>\n<\/div>\n<\/div>\n<div class=\"mb-2 flex gap-3 empty:hidden -ml-2\">\n<div class=\"items-center justify-start rounded-xl p-1 flex\"><\/div>\n<\/div>\n<\/li>\n<li>Underl\u00e4ttar montering av lastbils- och jordbruksd\u00e4ck<\/li>\n<li>F\u00f6rhindrar skador p\u00e5 d\u00e4cket vid demontering<\/li>\n<li>Stor t\u00e4tningsf\u00f6rm\u00e5ga mellan d\u00e4ck och f\u00e4lg<\/li>\n<li>S\u00e4kerst\u00e4ller exakt placering av d\u00e4cket p\u00e5 f\u00e4lgen<\/li>\n<li>Skyddar mot korrosion<\/li>\n<li>L\u00e4mplig f\u00f6r d\u00e4ck med h\u00f6g friktion<\/li>\n<li>-15\u00b0C till +50\u00b0C<\/li>\n<li>Vattenbaserad<\/li>\n<li>F\u00f6rpackning: 5kg<\/li>\n<\/ul>\n","protected":false},"featured_media":23369,"template":"","meta":{"_acf_changed":false,"_seopress_robots_primary_cat":"none","_seopress_titles_title":"","_seopress_titles_desc":"","_seopress_robots_index":""},"product_cat":[18,186,592,593],"product_tag":[],"class_list":{"0":"post-23366","1":"product","2":"type-product","3":"status-publish","4":"has-post-thumbnail","6":"product_cat-dackarbete","7":"product_cat-dackmaskiner","8":"product_cat-dackmaskiner-tunga-fordon","9":"product_cat-tillbehor-och-reservdelar","11":"first","12":"instock","13":"taxable","14":"shipping-taxable","15":"purchasable","16":"product-type-simple","swatches":"rey-swatches","show_selected":""},"acf":[],"_links":{"self":[{"href":"https:\/\/toolhouse.fi\/sv\/wp-json\/wp\/v2\/product\/23366","targetHints":{"allow":["GET"]}}],"collection":[{"href":"https:\/\/toolhouse.fi\/sv\/wp-json\/wp\/v2\/product"}],"about":[{"href":"https:\/\/toolhouse.fi\/sv\/wp-json\/wp\/v2\/types\/product"}],"version-history":[{"count":1,"href":"https:\/\/toolhouse.fi\/sv\/wp-json\/wp\/v2\/product\/23366\/revisions"}],"predecessor-version":[{"id":32840,"href":"https:\/\/toolhouse.fi\/sv\/wp-json\/wp\/v2\/product\/23366\/revisions\/32840"}],"wp:featuredmedia":[{"embeddable":true,"href":"https:\/\/toolhouse.fi\/sv\/wp-json\/wp\/v2\/media\/23369"}],"wp:attachment":[{"href":"https:\/\/toolhouse.fi\/sv\/wp-json\/wp\/v2\/media?parent=23366"}],"wp:term":[{"taxonomy":"product_cat","embeddable":true,"href":"https:\/\/toolhouse.fi\/sv\/wp-json\/wp\/v2\/product_cat?post=23366"},{"taxonomy":"product_tag","embeddable":true,"href":"https:\/\/toolhouse.fi\/sv\/wp-json\/wp\/v2\/product_tag?post=23366"}],"curies":[{"name":"wp","href":"https:\/\/api.w.org\/{rel}","templated":true}]}}