{"id":23405,"date":"2025-01-29T15:36:00","date_gmt":"2025-01-29T13:36:00","guid":{"rendered":"https:\/\/toolhouse.fi\/?post_type=product&#038;p=23405"},"modified":"2026-04-17T15:10:01","modified_gmt":"2026-04-17T12:10:01","slug":"tr413-ventil-omonterad","status":"publish","type":"product","link":"https:\/\/toolhouse.fi\/sv\/produkt\/tr413-ventil-omonterad\/","title":{"rendered":"TR413 ventil omonterad"},"content":{"rendered":"","protected":false},"excerpt":{"rendered":"<section id=\"projector_productname\" class=\"product_name d-flex mb-2 mb-sm-4 justify-content-between col-12\">\n<div class=\"product_name__wrapper pr-md-2\">\n<p class=\"product_name__name m-0\"><strong>TR 413 \u2013 100 st\u00a0 Epdm\/M\u00e4ssing<\/strong><\/p>\n<\/div>\n<\/section>\n<section id=\"projector_photos\" class=\"photos col-12 col-md-6 col-lg-7 d-flex align-items-start mb-2 mb-md-4\">\n<div id=\"photos_nav\" class=\"photos__nav d-none d-md-flex flex-md-column\" data-more-slides=\"6\">\n<p>H\u00f6gkvalitativa TR 413 ventiler, omonterade, f\u00f6rpackade i en sats om 100 st ventiler, 100 st ventiln\u00e5lar och 100 st ventilhattar.<\/p>\n<p>&nbsp;<\/p>\n<ul>\n<li>Passar de flesta st\u00e5l- och l\u00e4ttmetallf\u00e4lgar<\/li>\n<li>Tillverkade i EPDM-gummi och m\u00e4ssing f\u00f6r extra h\u00e5llbarhet<\/li>\n<li>Slitstarka och v\u00e4derbest\u00e4ndiga<\/li>\n<li>Ventil och k\u00e4rna i m\u00e4ssing f\u00f6r l\u00e5ng livsl\u00e4ngd och p\u00e5litlig prestanda<\/li>\n<li>Tillverkade i Tyskland &amp; T\u00dcV-godk\u00e4nda<\/li>\n<li>Tillverkare: Tip-Topol<\/li>\n<li>F\u00e4lgh\u00e5l 11,3mm<\/li>\n<li>L\u00e4ngd 43mm<\/li>\n<\/ul>\n<\/div>\n<\/section>\n","protected":false},"featured_media":23408,"template":"","meta":{"_acf_changed":false,"_seopress_robots_primary_cat":"none","_seopress_titles_title":"","_seopress_titles_desc":"","_seopress_robots_index":""},"product_cat":[18,294],"product_tag":[],"class_list":{"0":"post-23405","1":"product","2":"type-product","3":"status-publish","4":"has-post-thumbnail","6":"product_cat-dackarbete","7":"product_cat-dackventiler","9":"first","10":"instock","11":"taxable","12":"shipping-taxable","13":"purchasable","14":"product-type-simple","swatches":"rey-swatches","show_selected":""},"acf":[],"_links":{"self":[{"href":"https:\/\/toolhouse.fi\/sv\/wp-json\/wp\/v2\/product\/23405","targetHints":{"allow":["GET"]}}],"collection":[{"href":"https:\/\/toolhouse.fi\/sv\/wp-json\/wp\/v2\/product"}],"about":[{"href":"https:\/\/toolhouse.fi\/sv\/wp-json\/wp\/v2\/types\/product"}],"version-history":[{"count":0,"href":"https:\/\/toolhouse.fi\/sv\/wp-json\/wp\/v2\/product\/23405\/revisions"}],"wp:featuredmedia":[{"embeddable":true,"href":"https:\/\/toolhouse.fi\/sv\/wp-json\/wp\/v2\/media\/23408"}],"wp:attachment":[{"href":"https:\/\/toolhouse.fi\/sv\/wp-json\/wp\/v2\/media?parent=23405"}],"wp:term":[{"taxonomy":"product_cat","embeddable":true,"href":"https:\/\/toolhouse.fi\/sv\/wp-json\/wp\/v2\/product_cat?post=23405"},{"taxonomy":"product_tag","embeddable":true,"href":"https:\/\/toolhouse.fi\/sv\/wp-json\/wp\/v2\/product_tag?post=23405"}],"curies":[{"name":"wp","href":"https:\/\/api.w.org\/{rel}","templated":true}]}}