{"id":23523,"date":"2025-01-31T19:48:37","date_gmt":"2025-01-31T17:48:37","guid":{"rendered":"https:\/\/toolhouse.fi\/?post_type=product&#038;p=23523"},"modified":"2025-04-24T18:27:39","modified_gmt":"2025-04-24T15:27:39","slug":"30g-slagvikt-till-alufalg-zink-malad","status":"publish","type":"product","link":"https:\/\/toolhouse.fi\/sv\/produkt\/30g-slagvikt-till-alufalg-zink-malad\/","title":{"rendered":"30G slagvikt till aluf\u00e4lg zink\/m\u00e5lad"},"content":{"rendered":"","protected":false},"excerpt":{"rendered":"<p><strong>Invento balanseringsvikter f\u00f6r aluf\u00e4lgar \u2013 H\u00f6g kvalitet<\/strong><\/p>\n<ul>\n<li>H\u00f6g finish och utm\u00e4rkt passform<\/li>\n<li>M\u00e5lade med gr\u00e5 polymerf\u00e4rg f\u00f6r att matcha f\u00e4lgen<\/li>\n<li>L\u00e4ttmonterade med stabil fixering p\u00e5 f\u00e4lgen<\/li>\n<li>Material: Zink med polymerbel\u00e4ggning<\/li>\n<li>Vikt: 30 gram<\/li>\n<li>F\u00f6rpackning: 100 st vikter<\/li>\n<li>Tillverkare: Invento<\/li>\n<\/ul>\n<p>P\u00e5litliga och h\u00e5llbara vikter f\u00f6r exakt balansering av aluminiumf\u00e4lgar.<\/p>\n","protected":false},"featured_media":23527,"template":"","meta":{"_acf_changed":false,"_seopress_robots_primary_cat":"none","_seopress_titles_title":"","_seopress_titles_desc":"","_seopress_robots_index":""},"product_cat":[589,292],"product_tag":[],"class_list":{"0":"post-23523","1":"product","2":"type-product","3":"status-publish","4":"has-post-thumbnail","6":"product_cat-balanseringsvikter","7":"product_cat-slagvikter-for-alufalg","9":"first","10":"instock","11":"taxable","12":"shipping-taxable","13":"purchasable","14":"product-type-simple","swatches":"rey-swatches","show_selected":""},"acf":[],"_links":{"self":[{"href":"https:\/\/toolhouse.fi\/sv\/wp-json\/wp\/v2\/product\/23523","targetHints":{"allow":["GET"]}}],"collection":[{"href":"https:\/\/toolhouse.fi\/sv\/wp-json\/wp\/v2\/product"}],"about":[{"href":"https:\/\/toolhouse.fi\/sv\/wp-json\/wp\/v2\/types\/product"}],"version-history":[{"count":1,"href":"https:\/\/toolhouse.fi\/sv\/wp-json\/wp\/v2\/product\/23523\/revisions"}],"predecessor-version":[{"id":23529,"href":"https:\/\/toolhouse.fi\/sv\/wp-json\/wp\/v2\/product\/23523\/revisions\/23529"}],"wp:featuredmedia":[{"embeddable":true,"href":"https:\/\/toolhouse.fi\/sv\/wp-json\/wp\/v2\/media\/23527"}],"wp:attachment":[{"href":"https:\/\/toolhouse.fi\/sv\/wp-json\/wp\/v2\/media?parent=23523"}],"wp:term":[{"taxonomy":"product_cat","embeddable":true,"href":"https:\/\/toolhouse.fi\/sv\/wp-json\/wp\/v2\/product_cat?post=23523"},{"taxonomy":"product_tag","embeddable":true,"href":"https:\/\/toolhouse.fi\/sv\/wp-json\/wp\/v2\/product_tag?post=23523"}],"curies":[{"name":"wp","href":"https:\/\/api.w.org\/{rel}","templated":true}]}}