{"id":23715,"date":"2025-02-06T16:23:12","date_gmt":"2025-02-06T14:23:12","guid":{"rendered":"https:\/\/toolhouse.fi\/?post_type=product&#038;p=23715"},"modified":"2026-04-02T12:49:27","modified_gmt":"2026-04-02T09:49:27","slug":"pafyllningsnippel-quik-lok","status":"publish","type":"product","link":"https:\/\/toolhouse.fi\/sv\/produkt\/pafyllningsnippel-quik-lok\/","title":{"rendered":"P\u00e5fyllningsnippel Quik-Lok"},"content":{"rendered":"","protected":false},"excerpt":{"rendered":"<p><strong>QUICK-LOK luftp\u00e5fyllningsnippel<\/strong><\/p>\n<p>Enkel anv\u00e4ndning \u2013 QUICK-LOK luftp\u00e5fyllningsnippel l\u00e5ses fast p\u00e5 ventilen med en hand och lossas lika enkelt efter anv\u00e4ndning.<\/p>\n<ul>\n<li>Automatisk fasts\u00e4ttning med glidande l\u00e5smekanism, kr\u00e4ver inget handtryck.<\/li>\n<li>Perfekt t\u00e4tning utan l\u00e4ckage upp till 10 bar tack vare dubbelt l\u00e5ssystem.<\/li>\n<li>Slitstark konstruktion \u2013 tillverkad i ett stycke utan svaga brytpunkter.<\/li>\n<li>Patenterad design \u2013 innovativ och p\u00e5litlig l\u00f6sning f\u00f6r professionell anv\u00e4ndning.<\/li>\n<li>Kompakt design \u2013 Enkel att anv\u00e4nda \u00e4ven i tr\u00e5nga utrymmen.<\/li>\n<li>Slanganslutning: 7mm<\/li>\n<li>Tillverkare: Gentlin<\/li>\n<\/ul>\n","protected":false},"featured_media":23728,"template":"","meta":{"_acf_changed":false,"_seopress_robots_primary_cat":"none","_seopress_titles_title":"","_seopress_titles_desc":"","_seopress_robots_index":""},"product_cat":[319,216,330],"product_tag":[],"class_list":{"0":"post-23715","1":"product","2":"type-product","3":"status-publish","4":"has-post-thumbnail","6":"product_cat-luftpafyllare","7":"product_cat-tryckluft-och-kompressor","8":"product_cat-tryckluft-ovrigt","10":"first","11":"outofstock","12":"taxable","13":"shipping-taxable","14":"purchasable","15":"product-type-simple","swatches":"rey-swatches","show_selected":""},"acf":[],"_links":{"self":[{"href":"https:\/\/toolhouse.fi\/sv\/wp-json\/wp\/v2\/product\/23715","targetHints":{"allow":["GET"]}}],"collection":[{"href":"https:\/\/toolhouse.fi\/sv\/wp-json\/wp\/v2\/product"}],"about":[{"href":"https:\/\/toolhouse.fi\/sv\/wp-json\/wp\/v2\/types\/product"}],"version-history":[{"count":1,"href":"https:\/\/toolhouse.fi\/sv\/wp-json\/wp\/v2\/product\/23715\/revisions"}],"predecessor-version":[{"id":23718,"href":"https:\/\/toolhouse.fi\/sv\/wp-json\/wp\/v2\/product\/23715\/revisions\/23718"}],"wp:featuredmedia":[{"embeddable":true,"href":"https:\/\/toolhouse.fi\/sv\/wp-json\/wp\/v2\/media\/23728"}],"wp:attachment":[{"href":"https:\/\/toolhouse.fi\/sv\/wp-json\/wp\/v2\/media?parent=23715"}],"wp:term":[{"taxonomy":"product_cat","embeddable":true,"href":"https:\/\/toolhouse.fi\/sv\/wp-json\/wp\/v2\/product_cat?post=23715"},{"taxonomy":"product_tag","embeddable":true,"href":"https:\/\/toolhouse.fi\/sv\/wp-json\/wp\/v2\/product_tag?post=23715"}],"curies":[{"name":"wp","href":"https:\/\/api.w.org\/{rel}","templated":true}]}}