{"id":23736,"date":"2025-02-07T11:26:42","date_gmt":"2025-02-07T09:26:42","guid":{"rendered":"https:\/\/toolhouse.fi\/?post_type=product&#038;p=23736"},"modified":"2026-04-12T20:33:32","modified_gmt":"2026-04-12T17:33:32","slug":"skrapa-till-limvikter","status":"publish","type":"product","link":"https:\/\/toolhouse.fi\/sv\/produkt\/skrapa-till-limvikter\/","title":{"rendered":"Skrapa till limvikter"},"content":{"rendered":"","protected":false},"excerpt":{"rendered":"<p>Beh\u00e4ndig skrapa f\u00f6r att l\u00e4tt avl\u00e4gsna klistervikter och lim.<\/p>\n<p>L\u00e4ngd: <span class=\"dictionary__value_txt\">265 mm\u00a0<\/span><\/p>\n<div class=\"dictionary__param row mb-2\">\n<div class=\"dictionary__name col-6 d-flex align-items-center justify-content-end\"><span class=\"dictionary__name_txt\">Material: <\/span><span style=\"background-color: var(--body-bg-color); color: var(--body-color); font-family: var(--body-font-family),sans-serif; font-size: 1.125rem; font-weight: var(--body-font-weight,400);\">Komposit<\/span><\/div>\n<\/div>\n","protected":false},"featured_media":23743,"template":"","meta":{"_acf_changed":false,"_seopress_robots_primary_cat":"none","_seopress_titles_title":"","_seopress_titles_desc":"","_seopress_robots_index":""},"product_cat":[18,595],"product_tag":[],"class_list":{"0":"post-23736","1":"product","2":"type-product","3":"status-publish","4":"has-post-thumbnail","6":"product_cat-dackarbete","7":"product_cat-tillbehor-balanseringsvikter","9":"first","10":"instock","11":"taxable","12":"shipping-taxable","13":"purchasable","14":"product-type-simple","swatches":"rey-swatches","show_selected":""},"acf":[],"_links":{"self":[{"href":"https:\/\/toolhouse.fi\/sv\/wp-json\/wp\/v2\/product\/23736","targetHints":{"allow":["GET"]}}],"collection":[{"href":"https:\/\/toolhouse.fi\/sv\/wp-json\/wp\/v2\/product"}],"about":[{"href":"https:\/\/toolhouse.fi\/sv\/wp-json\/wp\/v2\/types\/product"}],"version-history":[{"count":1,"href":"https:\/\/toolhouse.fi\/sv\/wp-json\/wp\/v2\/product\/23736\/revisions"}],"predecessor-version":[{"id":23745,"href":"https:\/\/toolhouse.fi\/sv\/wp-json\/wp\/v2\/product\/23736\/revisions\/23745"}],"wp:featuredmedia":[{"embeddable":true,"href":"https:\/\/toolhouse.fi\/sv\/wp-json\/wp\/v2\/media\/23743"}],"wp:attachment":[{"href":"https:\/\/toolhouse.fi\/sv\/wp-json\/wp\/v2\/media?parent=23736"}],"wp:term":[{"taxonomy":"product_cat","embeddable":true,"href":"https:\/\/toolhouse.fi\/sv\/wp-json\/wp\/v2\/product_cat?post=23736"},{"taxonomy":"product_tag","embeddable":true,"href":"https:\/\/toolhouse.fi\/sv\/wp-json\/wp\/v2\/product_tag?post=23736"}],"curies":[{"name":"wp","href":"https:\/\/api.w.org\/{rel}","templated":true}]}}