{"id":23764,"date":"2025-02-10T20:01:15","date_gmt":"2025-02-10T18:01:15","guid":{"rendered":"https:\/\/toolhouse.fi\/?post_type=product&#038;p=23764"},"modified":"2026-03-23T11:09:30","modified_gmt":"2026-03-23T09:09:30","slug":"pneumatisk-hydraulisk-domkraft-80-40-ton","status":"publish","type":"product","link":"https:\/\/toolhouse.fi\/sv\/produkt\/pneumatisk-hydraulisk-domkraft-80-40-ton\/","title":{"rendered":"Pneumatisk hydraulisk domkraft 80\/40 Ton"},"content":{"rendered":"<table class=\"n54117_dictionary\">\n<tbody>\n<tr>\n<td class=\"n54117_item_a1\"><strong>Modell <span class=\"n67256colon\">:<\/span><\/strong><\/p>\n<p><strong>Typ :\u00a0<\/strong><\/p>\n<p><strong>Lyftkraft :\u00a0<\/strong><\/td>\n<td class=\"n54117_item_b1\"><strong>TPH4080<\/strong><\/p>\n<p><strong>Lufthydraulisk domkraft 80\/40 ton<\/strong><\/p>\n<p><strong>80 ton<\/strong><\/td>\n<\/tr>\n<tr>\n<td class=\"n54117_item_a2\"><strong>Min h\u00f6jd\u00a0<span class=\"n67256colon\">:<\/span><\/strong><\/td>\n<td class=\"n54117_item_b2\">\n<p class=\"n54117_item_b_sub\"><strong>200 mm<\/strong><\/p>\n<\/td>\n<\/tr>\n<tr>\n<td class=\"n54117_item_a1\"><strong>Max h\u00f6jd utan adapter <span class=\"n67256colon\">:<\/span><\/strong><\/p>\n<p><strong>Max h\u00f6jd med adaptrar <span class=\"n67256colon\">:<\/span><\/strong><\/td>\n<td class=\"n54117_item_b1\">\n<p class=\"n54117_item_b_sub\"><strong>375 mm<\/strong><\/p>\n<p><strong>485 mm<\/strong><\/td>\n<\/tr>\n<tr>\n<td class=\"n54117_item_a2\"><strong>Slagl\u00e4ngd\u00a0<span class=\"n67256colon\">:<\/span><\/strong><\/td>\n<td class=\"n54117_item_b2\">\n<p class=\"n54117_item_b_sub\"><strong>175 mm<\/strong><\/p>\n<\/td>\n<\/tr>\n<tr>\n<td class=\"n54117_item_a1\"><strong>F\u00f6rh\u00f6jningsdelar 2 st :<\/strong><\/td>\n<td class=\"n54117_item_b1\">\n<p class=\"n54117_item_b_sub\"><strong>60 + 40 mm<\/strong><\/p>\n<\/td>\n<\/tr>\n<tr>\n<td class=\"n54117_item_a2\"><\/td>\n<td class=\"n54117_item_b2\">\n<p class=\"n54117_item_b_sub\">\n<\/td>\n<\/tr>\n<tr>\n<td class=\"n54117_item_a1\"><strong><span class=\"n67256colon\">Hjulstorlek :<\/span><\/strong><\/td>\n<td class=\"n54117_item_b1\">\n<p class=\"n54117_item_b_sub\"><strong>180&#215;50 mm<\/strong><\/p>\n<\/td>\n<\/tr>\n<tr>\n<td class=\"n54117_item_a2\"><strong>\u00d6vertrycksventil :<\/strong><\/td>\n<td class=\"n54117_item_b2\">\n<p class=\"n54117_item_b_sub\"><strong>ja<\/strong><\/p>\n<\/td>\n<\/tr>\n<tr>\n<td class=\"n54117_item_a1\"><strong>Vikt\u00a0<span class=\"n67256colon\">:<\/span><\/strong><\/td>\n<td class=\"n54117_item_b1\">\n<p class=\"n54117_item_b_sub\"><strong>70 kg<\/strong><\/p>\n<\/td>\n<\/tr>\n<tr>\n<td class=\"n54117_item_a2\"><strong>Handtagets l\u00e4ngd\u00a0<span class=\"n67256colon\">:<\/span><\/strong><\/td>\n<td class=\"n54117_item_b2\">\n<p class=\"n54117_item_b_sub\"><strong>1350 mm<\/strong><\/p>\n<\/td>\n<\/tr>\n<tr>\n<td class=\"n54117_item_a1\"><strong>Dimensioner (L x B x H)\u00a0<span class=\"n67256colon\">:<\/span><\/strong><\/td>\n<td class=\"n54117_item_b1\">\n<p class=\"n54117_item_b_sub\"><strong>850 x 200\/280 x 200 mm<\/strong><\/p>\n<\/td>\n<\/tr>\n<tr>\n<td class=\"n54117_item_a2\"><strong>Luftf\u00f6rbrukning :<\/strong><\/p>\n<p><strong>Rekomenderat lufttryck :<\/strong><\/td>\n<td class=\"n54117_item_b2\">\n<p class=\"n54117_item_b_sub\"><strong>300 l\/min<\/strong><\/p>\n<p><strong>8 \u2013 12 bar<\/strong><\/td>\n<\/tr>\n<tr>\n<td class=\"n54117_item_a1\"><strong>CE-m\u00e4rkt\u00a0<span class=\"n67256colon\">:<\/span><\/strong><\/td>\n<td class=\"n54117_item_b1\">\n<p class=\"n54117_item_b_sub\"><strong>ja<\/strong><\/p>\n<\/td>\n<\/tr>\n<tr>\n<td class=\"n54117_item_a2\"><strong>Garanti\u00a0<span class=\"n67256colon\">:<\/span><\/strong><\/td>\n<td class=\"n54117_item_b2\">\n<p class=\"n54117_item_b_sub\"><strong>1 \u00e5r<\/strong><\/p>\n<\/td>\n<\/tr>\n<\/tbody>\n<\/table>\n","protected":false},"excerpt":{"rendered":"<p><strong>Pneumatisk-hydraulisk domkraft 80\/40 ton<\/strong><\/p>\n<p>En mycket stabil pneumatisk-hydraulisk domkraft av h\u00f6g kvalitet f\u00f6r s\u00e4kra och smidiga lyft av bland annat lastbilar, bussar, sl\u00e4pvagnar och maskiner.Med l\u00e4gsta h\u00f6jd p\u00e5 200 mm s\u00e5 f\u00e5r den plats under axlarna p\u00e5 de flesta tunga fordon.<\/p>\n<ul>\n<li>H\u00f6jd: 200\u2013475 mm<\/li>\n<li>2 adaptrar medf\u00f6ljer 60+40mm<\/li>\n<li>Lyftkraft &#8211; 80 000 \/ 40 000 kg<\/li>\n<li>L\u00e5ng och bred bas f\u00f6r maximal stabilitet<\/li>\n<li>F\u00f6rkromade cylindrar<\/li>\n<li>\u00d6vertrycksventil<\/li>\n<li>Tryckreduceringsventil f\u00f6r kontrollerad och l\u00e5ngsam s\u00e4nkning<\/li>\n<li>Stora gummihjul<\/li>\n<li>T-handtag: 1350 mm l\u00e5ngt, justerbart i tre positioner.<\/li>\n<\/ul>\n<p>En s\u00e4ker och l\u00e4ttanv\u00e4nd domkraft f\u00f6r lyft av st\u00f6rre maskiner.<\/p>\n<p>&nbsp;<\/p>\n<p>&nbsp;<\/p>\n","protected":false},"featured_media":23785,"template":"","meta":{"_acf_changed":false,"_seopress_robots_primary_cat":"none","_seopress_titles_title":"","_seopress_titles_desc":"","_seopress_robots_index":""},"product_cat":[283,20],"product_tag":[],"class_list":{"0":"post-23764","1":"product","2":"type-product","3":"status-publish","4":"has-post-thumbnail","6":"product_cat-domkraft-pallbock","7":"product_cat-lyftteknik","9":"first","10":"outofstock","11":"taxable","12":"shipping-taxable","13":"purchasable","14":"product-type-simple","swatches":"rey-swatches","show_selected":""},"acf":[],"_links":{"self":[{"href":"https:\/\/toolhouse.fi\/sv\/wp-json\/wp\/v2\/product\/23764","targetHints":{"allow":["GET"]}}],"collection":[{"href":"https:\/\/toolhouse.fi\/sv\/wp-json\/wp\/v2\/product"}],"about":[{"href":"https:\/\/toolhouse.fi\/sv\/wp-json\/wp\/v2\/types\/product"}],"version-history":[{"count":5,"href":"https:\/\/toolhouse.fi\/sv\/wp-json\/wp\/v2\/product\/23764\/revisions"}],"predecessor-version":[{"id":24252,"href":"https:\/\/toolhouse.fi\/sv\/wp-json\/wp\/v2\/product\/23764\/revisions\/24252"}],"wp:featuredmedia":[{"embeddable":true,"href":"https:\/\/toolhouse.fi\/sv\/wp-json\/wp\/v2\/media\/23785"}],"wp:attachment":[{"href":"https:\/\/toolhouse.fi\/sv\/wp-json\/wp\/v2\/media?parent=23764"}],"wp:term":[{"taxonomy":"product_cat","embeddable":true,"href":"https:\/\/toolhouse.fi\/sv\/wp-json\/wp\/v2\/product_cat?post=23764"},{"taxonomy":"product_tag","embeddable":true,"href":"https:\/\/toolhouse.fi\/sv\/wp-json\/wp\/v2\/product_tag?post=23764"}],"curies":[{"name":"wp","href":"https:\/\/api.w.org\/{rel}","templated":true}]}}