{"id":23804,"date":"2025-02-13T18:17:57","date_gmt":"2025-02-13T16:17:57","guid":{"rendered":"https:\/\/toolhouse.fi\/?post_type=product&#038;p=23804"},"modified":"2026-01-24T20:41:52","modified_gmt":"2026-01-24T18:41:52","slug":"svetsmask-automatisk-sherman-v4","status":"publish","type":"product","link":"https:\/\/toolhouse.fi\/sv\/produkt\/svetsmask-automatisk-sherman-v4\/","title":{"rendered":"Svetsmask automatisk Sherman V4"},"content":{"rendered":"<table class=\"table table-hover\">\n<tbody>\n<tr>\n<td class=\"param\">Tillverkare<\/td>\n<td class=\"value\">Sherman<\/td>\n<\/tr>\n<tr id=\"greybg\">\n<td class=\"param\">M\u00f6rkt l\u00e4ge<\/td>\n<td class=\"value\"><span class=\"attribute-value\">DIN 4 \u2013 13<\/span><\/td>\n<\/tr>\n<tr>\n<td class=\"param\">Omslagstid -ljus\/m\u00f6rk [s]<\/td>\n<td class=\"value\"><span class=\"attribute-value\">1\/25000<\/span><\/td>\n<\/tr>\n<tr id=\"greybg\">\n<td class=\"param\">Omslagstid \u2013 m\u00f6rk\/ljus [s]<\/td>\n<td class=\"value\"><span class=\"attribute-value\">0.3 \u2013 0.9 (st\u00e4llbar)<\/span><\/td>\n<\/tr>\n<tr>\n<td class=\"param\">Justering av k\u00e4nslighet<\/td>\n<td class=\"value\"><span class=\"attribute-value\">Stegl\u00f6s<\/span><\/td>\n<\/tr>\n<tr id=\"greybg\">\n<td class=\"param\">Anv\u00e4ndning<\/td>\n<td class=\"value\"><span class=\"attribute-value\">Svetsning, slipning<\/span><\/td>\n<\/tr>\n<tr>\n<td class=\"param\">Antal fotoceller<\/td>\n<td class=\"value\"><span class=\"attribute-value\">4<\/span><\/td>\n<\/tr>\n<tr id=\"greybg\">\n<td class=\"param\">Filterstorlek [mm]<\/td>\n<td class=\"value\"><span class=\"attribute-value\">100 x 65<\/span><\/td>\n<\/tr>\n<tr>\n<td class=\"param\">UV\/IR skydd<\/td>\n<td class=\"value\"><span class=\"attribute-value\">DIN 16<\/span><\/td>\n<\/tr>\n<tr id=\"greybg\">\n<td class=\"param\">Ljust l\u00e4ge\/slipl\u00e4ge<\/td>\n<td class=\"value\"><span class=\"attribute-value\">DIN 3,5<\/span><\/td>\n<\/tr>\n<tr>\n<td class=\"param\">Optisk klass<\/td>\n<td class=\"value\"><span class=\"attribute-value\">1\/1\/1\/1<\/span><\/td>\n<\/tr>\n<tr id=\"greybg\">\n<td class=\"param\">Str\u00f6mf\u00f6rs\u00f6rjning<\/p>\n<p>Batteri(utbytbart)<\/td>\n<td class=\"value\">Solcell<\/p>\n<p>Cr2450<\/td>\n<\/tr>\n<tr>\n<td class=\"param\">Av\/p\u00e5<\/td>\n<td class=\"value\"><span class=\"attribute-value\">Automatisk<\/span><\/td>\n<\/tr>\n<tr id=\"greybg\">\n<td class=\"param\">Anv\u00e4ndningstemperatur [\u00b0C]<\/td>\n<td class=\"value\"><span class=\"attribute-value\">-5 \u00f7 +55<\/span><\/td>\n<\/tr>\n<tr>\n<td class=\"param\">Garanti<\/td>\n<td class=\"value\"><span class=\"attribute-value\">1 \u00e5r<\/span><\/td>\n<\/tr>\n<tr id=\"greybg\">\n<td class=\"param\">Vikt [kg]<\/td>\n<td class=\"value\">0.85<\/td>\n<\/tr>\n<\/tbody>\n<\/table>\n","protected":false},"excerpt":{"rendered":"<h3 data-start=\"0\" data-end=\"54\"><strong data-start=\"4\" data-end=\"52\">Sherman profi V4 \u2013 Svetsmask med True Color-teknik<\/strong><\/h3>\n<p data-start=\"56\" data-end=\"245\">Sherman profi V4 \u00e4r en h\u00f6gkvalitativ svetsmask utrustad med True Color-teknik, vilket ger en naturlig och tydlig bild av svetsomr\u00e5det utan den gr\u00f6na nyans som traditionella LCD-sk\u00e4rmar har.<\/p>\n<p data-start=\"247\" data-end=\"522\">Masken erbjuder brett justeringsomr\u00e5de f\u00f6r m\u00f6rkhetsgrad (DIN 4-13), vilket g\u00f6r den l\u00e4mplig f\u00f6r alla typer av svetsning. Det stora synf\u00e4ltet i kombination med fyra fotoceller s\u00e4kerst\u00e4ller p\u00e5litlig ljusdetektering, vilket g\u00f6r V4 perfekt \u00e4ven f\u00f6r mer kr\u00e4vande arbeten.<\/p>\n<p data-start=\"524\" data-end=\"652\">Alla reglage \u00e4r ergonomiskt placerade f\u00f6r enkel \u00e5tkomst, inklusive inst\u00e4llningar f\u00f6r k\u00e4nslighet, f\u00f6rdr\u00f6jning och slipl\u00e4ge.<\/p>\n<p data-start=\"654\" data-end=\"774\" data-is-last-node=\"\">Huvudbandet \u00e4r fullt justerbart och utrustat med mjuk stoppning f\u00f6r maximal komfort vid l\u00e5ngvarig anv\u00e4ndning.<\/p>\n<p data-start=\"654\" data-end=\"774\" data-is-last-node=\"\">Optisk klass: 1\/1\/1\/1<\/p>\n","protected":false},"featured_media":23814,"template":"","meta":{"_acf_changed":false,"_seopress_robots_primary_cat":"none","_seopress_titles_title":"","_seopress_titles_desc":"","_seopress_robots_index":""},"product_cat":[597,55,615,605],"product_tag":[],"class_list":{"0":"post-23804","1":"product","2":"type-product","3":"status-publish","4":"has-post-thumbnail","6":"product_cat-mig-tillbehor","7":"product_cat-svets-metallarbete","8":"product_cat-svetstillbehor","9":"product_cat-tig-tillbehor","11":"first","12":"instock","13":"taxable","14":"shipping-taxable","15":"purchasable","16":"product-type-simple","swatches":"rey-swatches","show_selected":""},"acf":[],"_links":{"self":[{"href":"https:\/\/toolhouse.fi\/sv\/wp-json\/wp\/v2\/product\/23804","targetHints":{"allow":["GET"]}}],"collection":[{"href":"https:\/\/toolhouse.fi\/sv\/wp-json\/wp\/v2\/product"}],"about":[{"href":"https:\/\/toolhouse.fi\/sv\/wp-json\/wp\/v2\/types\/product"}],"version-history":[{"count":4,"href":"https:\/\/toolhouse.fi\/sv\/wp-json\/wp\/v2\/product\/23804\/revisions"}],"predecessor-version":[{"id":23831,"href":"https:\/\/toolhouse.fi\/sv\/wp-json\/wp\/v2\/product\/23804\/revisions\/23831"}],"wp:featuredmedia":[{"embeddable":true,"href":"https:\/\/toolhouse.fi\/sv\/wp-json\/wp\/v2\/media\/23814"}],"wp:attachment":[{"href":"https:\/\/toolhouse.fi\/sv\/wp-json\/wp\/v2\/media?parent=23804"}],"wp:term":[{"taxonomy":"product_cat","embeddable":true,"href":"https:\/\/toolhouse.fi\/sv\/wp-json\/wp\/v2\/product_cat?post=23804"},{"taxonomy":"product_tag","embeddable":true,"href":"https:\/\/toolhouse.fi\/sv\/wp-json\/wp\/v2\/product_tag?post=23804"}],"curies":[{"name":"wp","href":"https:\/\/api.w.org\/{rel}","templated":true}]}}