{"id":23930,"date":"2025-02-19T11:22:40","date_gmt":"2025-02-19T09:22:40","guid":{"rendered":"https:\/\/toolhouse.fi\/?post_type=product&#038;p=23930"},"modified":"2025-10-11T12:03:40","modified_gmt":"2025-10-11T09:03:40","slug":"mutterdragare-1-4800nm-geko","status":"publish","type":"product","link":"https:\/\/toolhouse.fi\/sv\/produkt\/mutterdragare-1-4800nm-geko\/","title":{"rendered":"Mutterdragare 1&#8243; 4800Nm GEKO"},"content":{"rendered":"<table class=\"n54117_dictionary\">\n<tbody>\n<tr>\n<td class=\"n54117_item_a1\">Tillverkare <span class=\"n67256colon\">:<\/span><\/td>\n<td class=\"n54117_item_b1\">\n<div class=\"n54117_item_b_sub\"><span class=\"n54117_name_sub\">Geko<\/span><\/div>\n<\/td>\n<\/tr>\n<tr>\n<td class=\"n54117_item_a2\">Max moment <span class=\"n67256colon\">:<\/span><\/td>\n<td class=\"n54117_item_b2\">\n<div class=\"n54117_item_b_sub\">4800 Nm<\/div>\n<\/td>\n<\/tr>\n<tr>\n<td class=\"n54117_item_a1\">Arbetstryck <span class=\"n67256colon\">:<\/span><\/td>\n<td class=\"n54117_item_b1\">\n<div class=\"n54117_item_b_sub\">8 &#8211; 10 Bar<\/div>\n<\/td>\n<\/tr>\n<tr>\n<td class=\"n54117_item_a2\">Ljudniv\u00e5 <span class=\"n67256colon\">:<\/span><\/td>\n<td class=\"n54117_item_b2\">\n<div class=\"n54117_item_b_sub\">80 dBA<\/div>\n<\/td>\n<\/tr>\n<tr>\n<td class=\"n54117_item_a1\">Inkluderat <span class=\"n67256colon\">:<\/span><\/td>\n<td class=\"n54117_item_b1\">\n<div class=\"n54117_item_b_sub\">1\/2r luftkoppling<\/div>\n<\/td>\n<\/tr>\n<tr>\n<td class=\"n54117_item_a2\">Luftf\u00f6rbrukning <span class=\"n67256colon\">:<\/span><\/td>\n<td class=\"n54117_item_b2\">\n<div class=\"n54117_item_b_sub\">medeltal 410 l \/ min<\/div>\n<\/td>\n<\/tr>\n<tr>\n<td class=\"n54117_item_a1\">Fyrkantsf\u00e4ste <span class=\"n67256colon\">:<\/span><\/td>\n<td class=\"n54117_item_b1\">\n<div class=\"n54117_item_b_sub\">1&#8243;<\/div>\n<\/td>\n<\/tr>\n<tr>\n<td class=\"n54117_item_a2\">Riktningsomkastn:<\/td>\n<td class=\"n54117_item_b2\">\n<div class=\"n54117_item_b_sub\">\n<div class=\"n54117_item_b_sub\">ja<\/div>\n<\/div>\n<\/td>\n<\/tr>\n<tr>\n<td class=\"n54117_item_a1\">Lossdragning:<\/td>\n<td class=\"n54117_item_b1\">3 steg<\/td>\n<\/tr>\n<tr>\n<td class=\"n54117_item_a2\">\u00c5tdragning <span class=\"n67256colon\">:<\/span><\/td>\n<td class=\"n54117_item_b2\">\n<div class=\"n54117_item_b_sub\">3 steg<\/div>\n<\/td>\n<\/tr>\n<tr>\n<td class=\"n54117_item_a1\">Vikt <span class=\"n67256colon\">:<\/span><\/td>\n<td class=\"n54117_item_b1\">\n<div class=\"n54117_item_b_sub\">17 kg<\/div>\n<\/td>\n<\/tr>\n<tr>\n<td class=\"n54117_item_a2\">Garanti <span class=\"n67256colon\">:<\/span><\/td>\n<td class=\"n54117_item_b2\">\n<div class=\"n54117_item_b_sub\">1 \u00e5r<\/div>\n<\/td>\n<\/tr>\n<tr>\n<td class=\"n54117_item_a1\"><span class=\"n67256colon\">CE-m\u00e4rkt :<\/span><\/td>\n<td class=\"n54117_item_b1\">\n<div class=\"n54117_item_b_sub\">Ja<\/div>\n<\/td>\n<\/tr>\n<\/tbody>\n<\/table>\n","protected":false},"excerpt":{"rendered":"<h3><strong>1\u201d mutterdragare, f\u00f6r h\u00e5rd och kontinuerlig anv\u00e4ndning i verkst\u00e4der.<\/strong><\/h3>\n<p>&nbsp;<\/p>\n<div>\n<p>Kraftig mutterdragare med maximalt vridmoment p\u00e5 hela 4800 Nm! och varvtal p\u00e5 3800 rpm.<br \/>\nL\u00e5ngt 1&#8243; fyrkantsf\u00e4ste f\u00f6r b\u00e4sta \u00e5tkomlighet p\u00e5 t.ex. lastbilshjul.<\/p>\n<p>&nbsp;<\/p>\n<ul>\n<li>Knappar f\u00f6r riktningsomkastning.<\/li>\n<li>H\u00f6g prestanda \u2013 maximalt vridmoment \u00e4r 4800 Nm!<\/li>\n<li>3-steg f\u00f6r \u00e5tdragning, 3-steg f\u00f6r lossdragning<\/li>\n<li>Vridhastighet: 3800 rpm.<\/li>\n<li>Chassi och sidohandtag i slitstark aluminium<\/li>\n<\/ul>\n<p>&nbsp;<\/p>\n<\/div>\n","protected":false},"featured_media":23944,"template":"","meta":{"_acf_changed":false,"_seopress_robots_primary_cat":"none","_seopress_titles_title":"","_seopress_titles_desc":"","_seopress_robots_index":""},"product_cat":[318,216],"product_tag":[],"class_list":{"0":"post-23930","1":"product","2":"type-product","3":"status-publish","4":"has-post-thumbnail","6":"product_cat-mutterdragare","7":"product_cat-tryckluft-och-kompressor","8":"product_shipping_class-k-160","10":"first","11":"instock","12":"taxable","13":"shipping-taxable","14":"purchasable","15":"product-type-simple","swatches":"rey-swatches","show_selected":""},"acf":[],"_links":{"self":[{"href":"https:\/\/toolhouse.fi\/sv\/wp-json\/wp\/v2\/product\/23930","targetHints":{"allow":["GET"]}}],"collection":[{"href":"https:\/\/toolhouse.fi\/sv\/wp-json\/wp\/v2\/product"}],"about":[{"href":"https:\/\/toolhouse.fi\/sv\/wp-json\/wp\/v2\/types\/product"}],"version-history":[{"count":3,"href":"https:\/\/toolhouse.fi\/sv\/wp-json\/wp\/v2\/product\/23930\/revisions"}],"predecessor-version":[{"id":27551,"href":"https:\/\/toolhouse.fi\/sv\/wp-json\/wp\/v2\/product\/23930\/revisions\/27551"}],"wp:featuredmedia":[{"embeddable":true,"href":"https:\/\/toolhouse.fi\/sv\/wp-json\/wp\/v2\/media\/23944"}],"wp:attachment":[{"href":"https:\/\/toolhouse.fi\/sv\/wp-json\/wp\/v2\/media?parent=23930"}],"wp:term":[{"taxonomy":"product_cat","embeddable":true,"href":"https:\/\/toolhouse.fi\/sv\/wp-json\/wp\/v2\/product_cat?post=23930"},{"taxonomy":"product_tag","embeddable":true,"href":"https:\/\/toolhouse.fi\/sv\/wp-json\/wp\/v2\/product_tag?post=23930"}],"curies":[{"name":"wp","href":"https:\/\/api.w.org\/{rel}","templated":true}]}}