{"id":24228,"date":"2025-02-25T10:37:31","date_gmt":"2025-02-25T08:37:31","guid":{"rendered":"https:\/\/toolhouse.fi\/?post_type=product&#038;p=24228"},"modified":"2026-03-17T18:31:08","modified_gmt":"2026-03-17T16:31:08","slug":"verktyg-till-bararm","status":"publish","type":"product","link":"https:\/\/toolhouse.fi\/sv\/produkt\/verktyg-till-bararm\/","title":{"rendered":"Verktyg till b\u00e4rarm"},"content":{"rendered":"","protected":false},"excerpt":{"rendered":"<p data-start=\"0\" data-end=\"215\">Verktyget \u00e4r designat f\u00f6r effektiv montering och demontering av fj\u00e4dringssystem och leder. Tillverkad av h\u00f6gkvalitativt A3-st\u00e5l f\u00f6r maximal h\u00e5llbarhet.<\/p>\n<h3 data-start=\"217\" data-end=\"257\"><\/h3>\n<ul data-start=\"259\" data-end=\"928\">\n<li data-start=\"259\" data-end=\"461\">F\u00f6r montering och demontering av fj\u00e4dring och leder<\/li>\n<li data-start=\"462\" data-end=\"619\">Justerbar glidmekanism<\/li>\n<li data-start=\"620\" data-end=\"766\">Ergonomiskt gummihandtag<\/li>\n<li data-start=\"620\" data-end=\"766\">L\u00e4ngd:<span style=\"background-color: var(--body-bg-color); color: var(--body-color); font-family: var(--body-font-family),sans-serif; font-size: 1.125rem; font-weight: var(--body-font-weight,400);\"> 118 cm<\/span><\/li>\n<li data-start=\"620\" data-end=\"766\">Material: A3-st\u00e5l, korrosionsbest\u00e4ndigt<\/li>\n<li data-start=\"620\" data-end=\"766\">Tillverkare: Geko<\/li>\n<\/ul>\n","protected":false},"featured_media":24238,"template":"","meta":{"_acf_changed":false,"_seopress_robots_primary_cat":"none","_seopress_titles_title":"","_seopress_titles_desc":"","_seopress_robots_index":""},"product_cat":[338,585,21],"product_tag":[],"class_list":{"0":"post-24228","1":"product","2":"type-product","3":"status-publish","4":"has-post-thumbnail","6":"product_cat-fordonsverktyg","7":"product_cat-verktyg-for-underrede-och-transmission","8":"product_cat-verkstadsutrustning","10":"first","11":"instock","12":"taxable","13":"shipping-taxable","14":"purchasable","15":"product-type-simple","swatches":"rey-swatches","show_selected":""},"acf":[],"_links":{"self":[{"href":"https:\/\/toolhouse.fi\/sv\/wp-json\/wp\/v2\/product\/24228","targetHints":{"allow":["GET"]}}],"collection":[{"href":"https:\/\/toolhouse.fi\/sv\/wp-json\/wp\/v2\/product"}],"about":[{"href":"https:\/\/toolhouse.fi\/sv\/wp-json\/wp\/v2\/types\/product"}],"version-history":[{"count":2,"href":"https:\/\/toolhouse.fi\/sv\/wp-json\/wp\/v2\/product\/24228\/revisions"}],"predecessor-version":[{"id":24244,"href":"https:\/\/toolhouse.fi\/sv\/wp-json\/wp\/v2\/product\/24228\/revisions\/24244"}],"wp:featuredmedia":[{"embeddable":true,"href":"https:\/\/toolhouse.fi\/sv\/wp-json\/wp\/v2\/media\/24238"}],"wp:attachment":[{"href":"https:\/\/toolhouse.fi\/sv\/wp-json\/wp\/v2\/media?parent=24228"}],"wp:term":[{"taxonomy":"product_cat","embeddable":true,"href":"https:\/\/toolhouse.fi\/sv\/wp-json\/wp\/v2\/product_cat?post=24228"},{"taxonomy":"product_tag","embeddable":true,"href":"https:\/\/toolhouse.fi\/sv\/wp-json\/wp\/v2\/product_tag?post=24228"}],"curies":[{"name":"wp","href":"https:\/\/api.w.org\/{rel}","templated":true}]}}