{"id":24275,"date":"2025-02-26T16:46:07","date_gmt":"2025-02-26T14:46:07","guid":{"rendered":"https:\/\/toolhouse.fi\/?post_type=product&#038;p=24275"},"modified":"2025-11-19T14:33:17","modified_gmt":"2025-11-19T12:33:17","slug":"flaskdomkraft-12t-2-steg","status":"publish","type":"product","link":"https:\/\/toolhouse.fi\/sv\/produkt\/flaskdomkraft-12t-2-steg\/","title":{"rendered":"Flaskdomkraft 12T 2-steg"},"content":{"rendered":"","protected":false},"excerpt":{"rendered":"<p data-start=\"0\" data-end=\"98\"><strong>Kompakt och l\u00e5gprofilerad domkraft som klarar hela 12 ton, med lyfth\u00f6jd fr\u00e5n 120 mm till 270 mm.<\/strong><\/p>\n<ul data-start=\"100\" data-end=\"259\" data-is-last-node=\"\" data-is-only-node=\"\">\n<li data-start=\"100\" data-end=\"127\">L\u00e4gsta h\u00f6jd: 120 mm<\/li>\n<li data-start=\"128\" data-end=\"171\">Maxh\u00f6jd utan f\u00f6rh\u00f6jningsdel: 230 mm<\/li>\n<li data-start=\"172\" data-end=\"214\">Maxh\u00f6jd med f\u00f6rh\u00f6jningsdel: 270 mm<\/li>\n<li data-start=\"172\" data-end=\"214\">F\u00f6rh\u00f6jningsdel: 45 mm<\/li>\n<li data-start=\"172\" data-end=\"214\">Lyftkapacitet 12T<\/li>\n<li data-start=\"215\" data-end=\"235\">Vikt: 6,9 kg<\/li>\n<li data-start=\"215\" data-end=\"235\">Teleskop 2-stegs<\/li>\n<li data-start=\"236\" data-end=\"259\" data-is-last-node=\"\">Tillverkare: Geko<\/li>\n<\/ul>\n","protected":false},"featured_media":24302,"template":"","meta":{"_acf_changed":false,"_seopress_robots_primary_cat":"none","_seopress_titles_title":"","_seopress_titles_desc":"","_seopress_robots_index":""},"product_cat":[283,20],"product_tag":[],"class_list":{"0":"post-24275","1":"product","2":"type-product","3":"status-publish","4":"has-post-thumbnail","6":"product_cat-domkraft-pallbock","7":"product_cat-lyftteknik","9":"first","10":"outofstock","11":"taxable","12":"shipping-taxable","13":"purchasable","14":"product-type-simple","swatches":"rey-swatches","show_selected":""},"acf":[],"_links":{"self":[{"href":"https:\/\/toolhouse.fi\/sv\/wp-json\/wp\/v2\/product\/24275","targetHints":{"allow":["GET"]}}],"collection":[{"href":"https:\/\/toolhouse.fi\/sv\/wp-json\/wp\/v2\/product"}],"about":[{"href":"https:\/\/toolhouse.fi\/sv\/wp-json\/wp\/v2\/types\/product"}],"version-history":[{"count":3,"href":"https:\/\/toolhouse.fi\/sv\/wp-json\/wp\/v2\/product\/24275\/revisions"}],"predecessor-version":[{"id":24288,"href":"https:\/\/toolhouse.fi\/sv\/wp-json\/wp\/v2\/product\/24275\/revisions\/24288"}],"wp:featuredmedia":[{"embeddable":true,"href":"https:\/\/toolhouse.fi\/sv\/wp-json\/wp\/v2\/media\/24302"}],"wp:attachment":[{"href":"https:\/\/toolhouse.fi\/sv\/wp-json\/wp\/v2\/media?parent=24275"}],"wp:term":[{"taxonomy":"product_cat","embeddable":true,"href":"https:\/\/toolhouse.fi\/sv\/wp-json\/wp\/v2\/product_cat?post=24275"},{"taxonomy":"product_tag","embeddable":true,"href":"https:\/\/toolhouse.fi\/sv\/wp-json\/wp\/v2\/product_tag?post=24275"}],"curies":[{"name":"wp","href":"https:\/\/api.w.org\/{rel}","templated":true}]}}