{"id":24306,"date":"2025-02-27T12:10:32","date_gmt":"2025-02-27T10:10:32","guid":{"rendered":"https:\/\/toolhouse.fi\/?post_type=product&#038;p=24306"},"modified":"2026-01-16T10:58:06","modified_gmt":"2026-01-16T08:58:06","slug":"flaskdomkraft-20t-2-steg","status":"publish","type":"product","link":"https:\/\/toolhouse.fi\/sv\/produkt\/flaskdomkraft-20t-2-steg\/","title":{"rendered":"Flaskdomkraft 20T 2-steg"},"content":{"rendered":"","protected":false},"excerpt":{"rendered":"<p data-start=\"0\" data-end=\"98\"><strong>Kompakt och l\u00e5gprofilerad domkraft som klarar hela 20 ton, med lyfth\u00f6jd fr\u00e5n 170 mm till 420 mm.<\/strong><\/p>\n<ul data-start=\"100\" data-end=\"259\" data-is-last-node=\"\" data-is-only-node=\"\">\n<li data-start=\"100\" data-end=\"127\">L\u00e4gsta h\u00f6jd: 170 mm<\/li>\n<li data-start=\"128\" data-end=\"171\">Maxh\u00f6jd utan f\u00f6rh\u00f6jningsdel: 360 mm<\/li>\n<li data-start=\"172\" data-end=\"214\">Maxh\u00f6jd med g\u00e4ngad f\u00f6rh\u00f6jningsdel: 420 mm<\/li>\n<li data-start=\"172\" data-end=\"214\">G\u00e4ngad f\u00f6rh\u00f6jningsdel: 60 mm<\/li>\n<li data-start=\"172\" data-end=\"214\">Lyftkapacitet 20T<\/li>\n<li data-start=\"215\" data-end=\"235\">Vikt: 10,5 kg<\/li>\n<li data-start=\"215\" data-end=\"235\">Teleskop 2-stegs<\/li>\n<li data-start=\"236\" data-end=\"259\" data-is-last-node=\"\">Tillverkare: Geko<\/li>\n<\/ul>\n","protected":false},"featured_media":24324,"template":"","meta":{"_acf_changed":false,"_seopress_robots_primary_cat":"none","_seopress_titles_title":"","_seopress_titles_desc":"","_seopress_robots_index":""},"product_cat":[283,20],"product_tag":[],"class_list":{"0":"post-24306","1":"product","2":"type-product","3":"status-publish","4":"has-post-thumbnail","6":"product_cat-domkraft-pallbock","7":"product_cat-lyftteknik","9":"first","10":"outofstock","11":"taxable","12":"shipping-taxable","13":"purchasable","14":"product-type-simple","swatches":"rey-swatches","show_selected":""},"acf":[],"_links":{"self":[{"href":"https:\/\/toolhouse.fi\/sv\/wp-json\/wp\/v2\/product\/24306","targetHints":{"allow":["GET"]}}],"collection":[{"href":"https:\/\/toolhouse.fi\/sv\/wp-json\/wp\/v2\/product"}],"about":[{"href":"https:\/\/toolhouse.fi\/sv\/wp-json\/wp\/v2\/types\/product"}],"version-history":[{"count":2,"href":"https:\/\/toolhouse.fi\/sv\/wp-json\/wp\/v2\/product\/24306\/revisions"}],"predecessor-version":[{"id":24310,"href":"https:\/\/toolhouse.fi\/sv\/wp-json\/wp\/v2\/product\/24306\/revisions\/24310"}],"wp:featuredmedia":[{"embeddable":true,"href":"https:\/\/toolhouse.fi\/sv\/wp-json\/wp\/v2\/media\/24324"}],"wp:attachment":[{"href":"https:\/\/toolhouse.fi\/sv\/wp-json\/wp\/v2\/media?parent=24306"}],"wp:term":[{"taxonomy":"product_cat","embeddable":true,"href":"https:\/\/toolhouse.fi\/sv\/wp-json\/wp\/v2\/product_cat?post=24306"},{"taxonomy":"product_tag","embeddable":true,"href":"https:\/\/toolhouse.fi\/sv\/wp-json\/wp\/v2\/product_tag?post=24306"}],"curies":[{"name":"wp","href":"https:\/\/api.w.org\/{rel}","templated":true}]}}