{"id":24329,"date":"2025-02-27T14:12:45","date_gmt":"2025-02-27T12:12:45","guid":{"rendered":"https:\/\/toolhouse.fi\/?post_type=product&#038;p=24329"},"modified":"2026-03-03T14:58:18","modified_gmt":"2026-03-03T12:58:18","slug":"synkroniseringskit-till-forgasare","status":"publish","type":"product","link":"https:\/\/toolhouse.fi\/sv\/produkt\/synkroniseringskit-till-forgasare\/","title":{"rendered":"Synkroniseringskit till f\u00f6rgasare"},"content":{"rendered":"","protected":false},"excerpt":{"rendered":"<p data-start=\"0\" data-end=\"94\"><strong data-start=\"0\" data-end=\"92\">F\u00f6rgasarsynkroniseringskit \u2013 Ett oumb\u00e4rligt verktyg f\u00f6r mekaniker och fordonsentusiaster<\/strong><\/p>\n<p data-start=\"96\" data-end=\"480\">Verktyg till f\u00f6rgasarsynkroniserings \u00e4r ett m\u00e5ste f\u00f6r mekaniker och entusiaster av motorcyklar och klassiska bilar med flerf\u00f6rgasarsystem. Med fyra h\u00f6gprecisa manometrar, flexibla slangar och ett set med 17 adaptrar i olika storlekar m\u00f6jligg\u00f6r det exakt balansering av vakuumtrycket i varje f\u00f6rgasare. Detta leder till optimal motoreffekt, j\u00e4mnare f\u00f6rbr\u00e4nning och f\u00f6rb\u00e4ttrad gasrespons.<\/p>\n<h3 data-start=\"482\" data-end=\"515\"><\/h3>\n<ul>\n<li data-start=\"517\" data-end=\"986\">Exakt synkronisering av f\u00f6rgasare \u2013 Ger noggrann justering av vakuumtrycket i flerf\u00f6rgasarmotorer.<\/li>\n<li data-start=\"517\" data-end=\"986\">Fyra stora manometrar (93 mm) \u2013 Tydliga och exakta avl\u00e4sningar f\u00f6r precisionsarbete.<\/li>\n<li data-start=\"517\" data-end=\"986\">Flexibla gummislangar (5&#215;8 mm, 900 mm) \u2013 Enkel anslutning till insugssystemet.<\/li>\n<li data-start=\"517\" data-end=\"986\">Komplett adaptersats (17 delar) \u2013 Passar en m\u00e4ngd olika motorcykel- och bilmodeller.<\/li>\n<li data-start=\"517\" data-end=\"986\">L\u00e4tt att anv\u00e4nda \u2013 Perfekt b\u00e5de f\u00f6r professionella verkst\u00e4der och privatpersoner.<\/li>\n<\/ul>\n<p data-start=\"988\" data-end=\"1016\"><strong>Inneh\u00e5ll<\/strong><\/p>\n<ul>\n<li data-start=\"1018\" data-end=\"1194\">4 x precisa manometrar (93 mm diameter)<\/li>\n<li data-start=\"1018\" data-end=\"1194\">4 x flexibla gummislangar (5&#215;8 mm, 900 mm)<\/li>\n<li data-start=\"1018\" data-end=\"1194\">17 x adaptrar i olika diametrar och l\u00e4ngder &#8211; M5, M6, universal \u2013 passar till de flesta f\u00f6rgasare<\/li>\n<\/ul>\n<p>&nbsp;<\/p>\n<p data-start=\"1196\" data-end=\"1355\" data-is-last-node=\"\" data-is-only-node=\"\">Tillverkare: Geko<\/p>\n","protected":false},"featured_media":26217,"template":"","meta":{"_acf_changed":false,"_seopress_robots_primary_cat":"none","_seopress_titles_title":"","_seopress_titles_desc":"","_seopress_robots_index":""},"product_cat":[338,582,21],"product_tag":[],"class_list":{"0":"post-24329","1":"product","2":"type-product","3":"status-publish","4":"has-post-thumbnail","6":"product_cat-fordonsverktyg","7":"product_cat-motorverktyg","8":"product_cat-verkstadsutrustning","10":"first","11":"instock","12":"taxable","13":"shipping-taxable","14":"purchasable","15":"product-type-simple","swatches":"rey-swatches","show_selected":""},"acf":[],"_links":{"self":[{"href":"https:\/\/toolhouse.fi\/sv\/wp-json\/wp\/v2\/product\/24329","targetHints":{"allow":["GET"]}}],"collection":[{"href":"https:\/\/toolhouse.fi\/sv\/wp-json\/wp\/v2\/product"}],"about":[{"href":"https:\/\/toolhouse.fi\/sv\/wp-json\/wp\/v2\/types\/product"}],"version-history":[{"count":5,"href":"https:\/\/toolhouse.fi\/sv\/wp-json\/wp\/v2\/product\/24329\/revisions"}],"predecessor-version":[{"id":28873,"href":"https:\/\/toolhouse.fi\/sv\/wp-json\/wp\/v2\/product\/24329\/revisions\/28873"}],"wp:featuredmedia":[{"embeddable":true,"href":"https:\/\/toolhouse.fi\/sv\/wp-json\/wp\/v2\/media\/26217"}],"wp:attachment":[{"href":"https:\/\/toolhouse.fi\/sv\/wp-json\/wp\/v2\/media?parent=24329"}],"wp:term":[{"taxonomy":"product_cat","embeddable":true,"href":"https:\/\/toolhouse.fi\/sv\/wp-json\/wp\/v2\/product_cat?post=24329"},{"taxonomy":"product_tag","embeddable":true,"href":"https:\/\/toolhouse.fi\/sv\/wp-json\/wp\/v2\/product_tag?post=24329"}],"curies":[{"name":"wp","href":"https:\/\/api.w.org\/{rel}","templated":true}]}}