{"id":24350,"date":"2025-02-27T18:52:24","date_gmt":"2025-02-27T16:52:24","guid":{"rendered":"https:\/\/toolhouse.fi\/?post_type=product&#038;p=24350"},"modified":"2025-02-27T19:07:59","modified_gmt":"2025-02-27T17:07:59","slug":"krafthylssats-1-2-torx","status":"publish","type":"product","link":"https:\/\/toolhouse.fi\/sv\/produkt\/krafthylssats-1-2-torx\/","title":{"rendered":"Krafthylssats 1\/2&#8243; Torx"},"content":{"rendered":"","protected":false},"excerpt":{"rendered":"<p>H\u00e5llbara torx-krafthylsor i krommolybdenst\u00e5l (Cr-Mo), perfekta f\u00f6r arbete med mutterdragare.<\/p>\n<ul>\n<li>Antal delar: 9<\/li>\n<li>Storlekar: T20, T25, T30, T40, T45, T50, T55, T60, T70<\/li>\n<li>L\u00e4ngd 78 mm<\/li>\n<li data-start=\"99\" data-end=\"205\">1\/2&#8243; fyrkantsf\u00e4ste<\/li>\n<li data-start=\"99\" data-end=\"205\">F\u00f6rpackat i praktisk plastl\u00e5da<\/li>\n<li>Material: Krom-molybdenst\u00e5l (Cr-Mo)<\/li>\n<\/ul>\n<p data-start=\"299\" data-end=\"344\" data-is-last-node=\"\" data-is-only-node=\"\">Tillverkare: Geko<\/p>\n","protected":false},"featured_media":24364,"template":"","meta":{"_acf_changed":false,"_seopress_robots_primary_cat":"none","_seopress_titles_title":"","_seopress_titles_desc":"","_seopress_robots_index":""},"product_cat":[581,318,336,21],"product_tag":[],"class_list":{"0":"post-24350","1":"product","2":"type-product","3":"status-publish","4":"has-post-thumbnail","6":"product_cat-hylsverktyg-och-vridverktyg","7":"product_cat-mutterdragare","8":"product_cat-verktyg","9":"product_cat-verkstadsutrustning","11":"first","12":"instock","13":"taxable","14":"shipping-taxable","15":"purchasable","16":"product-type-simple","swatches":"rey-swatches","show_selected":""},"acf":[],"_links":{"self":[{"href":"https:\/\/toolhouse.fi\/sv\/wp-json\/wp\/v2\/product\/24350","targetHints":{"allow":["GET"]}}],"collection":[{"href":"https:\/\/toolhouse.fi\/sv\/wp-json\/wp\/v2\/product"}],"about":[{"href":"https:\/\/toolhouse.fi\/sv\/wp-json\/wp\/v2\/types\/product"}],"version-history":[{"count":2,"href":"https:\/\/toolhouse.fi\/sv\/wp-json\/wp\/v2\/product\/24350\/revisions"}],"predecessor-version":[{"id":24363,"href":"https:\/\/toolhouse.fi\/sv\/wp-json\/wp\/v2\/product\/24350\/revisions\/24363"}],"wp:featuredmedia":[{"embeddable":true,"href":"https:\/\/toolhouse.fi\/sv\/wp-json\/wp\/v2\/media\/24364"}],"wp:attachment":[{"href":"https:\/\/toolhouse.fi\/sv\/wp-json\/wp\/v2\/media?parent=24350"}],"wp:term":[{"taxonomy":"product_cat","embeddable":true,"href":"https:\/\/toolhouse.fi\/sv\/wp-json\/wp\/v2\/product_cat?post=24350"},{"taxonomy":"product_tag","embeddable":true,"href":"https:\/\/toolhouse.fi\/sv\/wp-json\/wp\/v2\/product_tag?post=24350"}],"curies":[{"name":"wp","href":"https:\/\/api.w.org\/{rel}","templated":true}]}}