{"id":24390,"date":"2025-02-28T16:00:10","date_gmt":"2025-02-28T14:00:10","guid":{"rendered":"https:\/\/toolhouse.fi\/?post_type=product&#038;p=24390"},"modified":"2026-01-20T12:51:04","modified_gmt":"2026-01-20T10:51:04","slug":"batteritestare-12-24v-lcd","status":"publish","type":"product","link":"https:\/\/toolhouse.fi\/sv\/produkt\/batteritestare-12-24v-lcd\/","title":{"rendered":"Batteritestare 12\/24V LCD"},"content":{"rendered":"","protected":false},"excerpt":{"rendered":"<p data-start=\"0\" data-end=\"65\"><strong data-start=\"0\" data-end=\"63\">Geko LCD Batteritestare <\/strong><\/p>\n<p data-start=\"0\" data-end=\"65\">Snabb och precis testning av bilbatterier med 12V och 24V sp\u00e4nning och kapacitet fr\u00e5n 3Ah till 200Ah. Den tydliga LCD-sk\u00e4rmen ger omedelbar avl\u00e4sning av resultat, medan de l\u00e5nga m\u00e4tkablarna med kraftiga kl\u00e4mmor s\u00e4kerst\u00e4ller en stabil anslutning.<\/p>\n<h3 data-start=\"446\" data-end=\"475\"><\/h3>\n<ul>\n<li data-start=\"476\" data-end=\"1070\">Brett kompatibilitetsomr\u00e5de \u2013 Testar batterier fr\u00e5n 3Ah till 200Ah, l\u00e4mplig f\u00f6r b\u00e5de sm\u00e5 MC-batterier och st\u00f6rre bilbatterier.<\/li>\n<li data-start=\"476\" data-end=\"1070\">St\u00f6d f\u00f6r 12V och 24V \u2013 Blysyra-, AGM-, EFB- och GEL- batterier<\/li>\n<li data-start=\"476\" data-end=\"1070\">Noggranna m\u00e4tningar \u2013 Visar batteriets h\u00e4lsa i procent och m\u00e4ter dess inre resistans f\u00f6r en p\u00e5litlig konditionsbed\u00f6mning.<\/li>\n<li data-start=\"476\" data-end=\"1070\">Ber\u00e4kning av urladdningsstr\u00f6m \u2013 Hj\u00e4lper till att f\u00f6ruts\u00e4ga hur snabbt batteriet laddas ur vid belastning.<\/li>\n<li data-start=\"476\" data-end=\"1070\">L\u00e5nga m\u00e4tkablar \u2013 650 mm kablar med robusta kl\u00e4mmor g\u00f6r det enkelt att ansluta \u00e4ven i tr\u00e5nga utrymmen.<\/li>\n<\/ul>\n<p>&nbsp;<\/p>\n<p><strong>Teknisk specifikation:<\/strong><\/p>\n<ul data-start=\"1513\" data-end=\"1808\">\n<li>Funktioner: Batteristatus i procent (SOH), inre resistansm\u00e4tning (I.R), ber\u00e4knad kallstartsstr\u00f6m (EDC), sp\u00e4nning (Volt), laddningsstatus (SOC)<\/li>\n<li data-start=\"1547\" data-end=\"1591\">St\u00f6dda batterikapaciteter: 3Ah\u2013200Ah<\/li>\n<li data-start=\"244\" data-end=\"848\">Batterityp: 12V och 24V Blysyra-, AGM-, EFB- och GEL- batterier<\/li>\n<li data-start=\"1625\" data-end=\"1651\">Kabell\u00e4ngd: 650 mm<\/li>\n<li data-start=\"1785\" data-end=\"1808\">Sk\u00e4rm: 2,7\u201d LCD<\/li>\n<\/ul>\n<p data-start=\"1810\" data-end=\"1834\" data-is-last-node=\"\" data-is-only-node=\"\">Tillverkare: Geko<\/p>\n","protected":false},"featured_media":24416,"template":"","meta":{"_acf_changed":false,"_seopress_robots_primary_cat":"none","_seopress_titles_title":"","_seopress_titles_desc":"","_seopress_robots_index":"","_seopress_analysis_target_kw":""},"product_cat":[342,21],"product_tag":[],"class_list":{"0":"post-24390","1":"product","2":"type-product","3":"status-publish","4":"has-post-thumbnail","6":"product_cat-batteriladdare","7":"product_cat-verkstadsutrustning","9":"first","10":"instock","11":"taxable","12":"shipping-taxable","13":"purchasable","14":"product-type-simple","swatches":"rey-swatches","show_selected":""},"acf":[],"_links":{"self":[{"href":"https:\/\/toolhouse.fi\/sv\/wp-json\/wp\/v2\/product\/24390","targetHints":{"allow":["GET"]}}],"collection":[{"href":"https:\/\/toolhouse.fi\/sv\/wp-json\/wp\/v2\/product"}],"about":[{"href":"https:\/\/toolhouse.fi\/sv\/wp-json\/wp\/v2\/types\/product"}],"version-history":[{"count":0,"href":"https:\/\/toolhouse.fi\/sv\/wp-json\/wp\/v2\/product\/24390\/revisions"}],"wp:featuredmedia":[{"embeddable":true,"href":"https:\/\/toolhouse.fi\/sv\/wp-json\/wp\/v2\/media\/24416"}],"wp:attachment":[{"href":"https:\/\/toolhouse.fi\/sv\/wp-json\/wp\/v2\/media?parent=24390"}],"wp:term":[{"taxonomy":"product_cat","embeddable":true,"href":"https:\/\/toolhouse.fi\/sv\/wp-json\/wp\/v2\/product_cat?post=24390"},{"taxonomy":"product_tag","embeddable":true,"href":"https:\/\/toolhouse.fi\/sv\/wp-json\/wp\/v2\/product_tag?post=24390"}],"curies":[{"name":"wp","href":"https:\/\/api.w.org\/{rel}","templated":true}]}}