{"id":24426,"date":"2025-03-02T18:25:02","date_gmt":"2025-03-02T16:25:02","guid":{"rendered":"https:\/\/toolhouse.fi\/?post_type=product&#038;p=24426"},"modified":"2025-12-19T19:36:08","modified_gmt":"2025-12-19T17:36:08","slug":"metallborrar-tvardy-1-13-mm","status":"publish","type":"product","link":"https:\/\/toolhouse.fi\/sv\/produkt\/metallborrar-tvardy-1-13-mm\/","title":{"rendered":"Metallborrar Tvardy 1 \u2013 13 mm HSS-TIN 4341"},"content":{"rendered":"","protected":false},"excerpt":{"rendered":"<p data-start=\"136\" data-end=\"217\"><strong data-start=\"136\" data-end=\"215\">Sats med 25 mycket slitstarka metallborrar i HSS 4341 snabbst\u00e5l med TiN-bel\u00e4ggning<\/strong><\/p>\n<p data-start=\"219\" data-end=\"404\">H\u00f6gkvalitativa borr f\u00f6r genomg\u00e5ende och bottenh\u00e5l, tillverkade enligt DIN 338-standard. Utrustade med en 2-stegs spets slipad i 135\u00b0 f\u00f6r optimal precision och effektiv sp\u00e5nbortf\u00f6ring.<\/p>\n<p data-start=\"406\" data-end=\"543\">TiN-bel\u00e4ggningen \u00f6kar borrarnas h\u00e5rdhet, minskar friktionen och f\u00f6rl\u00e4nger livsl\u00e4ngden, s\u00e4rskilt vid bearbetning av sv\u00e5rskurna material.<\/p>\n<p data-start=\"545\" data-end=\"592\">Levereras i en praktisk plastf\u00f6rpackning.<\/p>\n<h3 data-start=\"594\" data-end=\"620\">Specifikationer:<\/h3>\n<ul data-start=\"621\" data-end=\"930\">\n<li data-start=\"621\" data-end=\"647\">Material: HSS 4341<\/li>\n<li data-start=\"648\" data-end=\"689\">Bel\u00e4ggning: TiN (titanium-nitrid)<\/li>\n<li data-start=\"690\" data-end=\"727\">Spets: 2-stegs, slipad i 135\u00b0<\/li>\n<li data-start=\"690\" data-end=\"727\">Skaft: 3-fasat<\/li>\n<li data-start=\"728\" data-end=\"753\">Standard: DIN 338<\/li>\n<li data-start=\"754\" data-end=\"930\">Storlekar: 1,0 \/ 1,5 \/ 2,0 \/ 2,5 \/ 3,0 \/ 3,5 \/ 4,0 \/ 4,5 \/ 5,0 \/ 5,5 \/ 6,0 \/ 6,5 \/ 7,0 \/ 7,5 \/ 8,0 \/ 8,5 \/ 9,0 \/ 9,5 \/ 10,0 \/ 10,5 \/ 11,0 \/ 11,5 \/ 12,0 \/ 12,5 \/ 13,0 mm<\/li>\n<\/ul>\n<p data-start=\"932\" data-end=\"957\">Tillverkare: Tvardy<\/p>\n","protected":false},"featured_media":24441,"template":"","meta":{"_acf_changed":false,"_seopress_robots_primary_cat":"none","_seopress_titles_title":"","_seopress_titles_desc":"","_seopress_robots_index":""},"product_cat":[598,255,55,599],"product_tag":[],"class_list":{"0":"post-24426","1":"product","2":"type-product","3":"status-publish","4":"has-post-thumbnail","6":"product_cat-metallbearbetning","7":"product_cat-pelarborrmaskiner","8":"product_cat-svets-metallarbete","9":"product_cat-tillbehor-metallbearbetning","11":"first","12":"instock","13":"taxable","14":"shipping-taxable","15":"purchasable","16":"product-type-simple","swatches":"rey-swatches","show_selected":""},"acf":[],"_links":{"self":[{"href":"https:\/\/toolhouse.fi\/sv\/wp-json\/wp\/v2\/product\/24426","targetHints":{"allow":["GET"]}}],"collection":[{"href":"https:\/\/toolhouse.fi\/sv\/wp-json\/wp\/v2\/product"}],"about":[{"href":"https:\/\/toolhouse.fi\/sv\/wp-json\/wp\/v2\/types\/product"}],"version-history":[{"count":0,"href":"https:\/\/toolhouse.fi\/sv\/wp-json\/wp\/v2\/product\/24426\/revisions"}],"wp:featuredmedia":[{"embeddable":true,"href":"https:\/\/toolhouse.fi\/sv\/wp-json\/wp\/v2\/media\/24441"}],"wp:attachment":[{"href":"https:\/\/toolhouse.fi\/sv\/wp-json\/wp\/v2\/media?parent=24426"}],"wp:term":[{"taxonomy":"product_cat","embeddable":true,"href":"https:\/\/toolhouse.fi\/sv\/wp-json\/wp\/v2\/product_cat?post=24426"},{"taxonomy":"product_tag","embeddable":true,"href":"https:\/\/toolhouse.fi\/sv\/wp-json\/wp\/v2\/product_tag?post=24426"}],"curies":[{"name":"wp","href":"https:\/\/api.w.org\/{rel}","templated":true}]}}