{"id":24455,"date":"2025-03-03T16:17:32","date_gmt":"2025-03-03T14:17:32","guid":{"rendered":"https:\/\/toolhouse.fi\/?post_type=product&#038;p=24455"},"modified":"2025-09-19T15:14:16","modified_gmt":"2025-09-19T12:14:16","slug":"blockeringsverktyg-vag-2-4-2-7-2-8-3-0-v6","status":"publish","type":"product","link":"https:\/\/toolhouse.fi\/sv\/produkt\/blockeringsverktyg-vag-2-4-2-7-2-8-3-0-v6\/","title":{"rendered":"Blockeringsverktyg VAG 2.4 2.7 2.8 3.0 V6"},"content":{"rendered":"","protected":false},"excerpt":{"rendered":"<p data-start=\"0\" data-end=\"102\">Kamaxell\u00e5s och vevaxell\u00e5s f\u00f6r 5-ventils motorer i Audi, VW, Skoda och Seat.<\/p>\n<h3 data-start=\"104\" data-end=\"151\"><strong data-start=\"108\" data-end=\"149\">Passar bland annat f\u00f6ljande modeller:<\/strong><\/h3>\n<ul data-start=\"152\" data-end=\"281\">\n<li data-start=\"152\" data-end=\"200\"><strong data-start=\"154\" data-end=\"162\">Audi<\/strong> A4, RS4, S4\/Allroad, A8 (1994-2005)<\/li>\n<li data-start=\"201\" data-end=\"241\"><strong data-start=\"203\" data-end=\"209\">VW<\/strong> Passat 2.8 V6 30V (1996-2005)<\/li>\n<li data-start=\"242\" data-end=\"281\"><strong data-start=\"244\" data-end=\"253\">Skoda<\/strong> Superb 2.8 V6 (2002-2008)<\/li>\n<\/ul>\n<h3 data-start=\"283\" data-end=\"319\"><strong data-start=\"287\" data-end=\"317\">Kompatibla V6 30V-motorer:<\/strong><\/h3>\n<ul data-start=\"320\" data-end=\"506\">\n<li data-start=\"320\" data-end=\"398\"><strong data-start=\"322\" data-end=\"330\">2.4L<\/strong> \u2013 AGA, AJG, ALF, ALW, AML, AMM, APC, APS, APZ, ARJ, ARN, ASM, BDV<\/li>\n<li data-start=\"399\" data-end=\"452\"><strong data-start=\"401\" data-end=\"409\">2.7L<\/strong> \u2013 AGB, AJK, ASJ, ARE, AZA, AZB, AZR, BES<\/li>\n<li data-start=\"453\" data-end=\"506\"><strong data-start=\"455\" data-end=\"463\">2.8L<\/strong> \u2013 ACK, AGE, ALG, AMX, APR, AQD, ATX, BBG<\/li>\n<\/ul>\n<h3 data-start=\"508\" data-end=\"543\"><strong data-start=\"512\" data-end=\"541\">Kompatibla bensinmotorer:<\/strong><\/h3>\n<ul data-start=\"544\" data-end=\"760\">\n<li data-start=\"544\" data-end=\"589\"><strong data-start=\"546\" data-end=\"574\">Audi 80, 100, A4, A6, A8<\/strong> \u2013 2.6L, 2.8L<\/li>\n<li data-start=\"590\" data-end=\"654\"><strong data-start=\"592\" data-end=\"624\">Audi A4, S4, A6, Allroad, A8<\/strong> \u2013 2.4L, 2.7L, 2.8L (V6 30V)<\/li>\n<li data-start=\"655\" data-end=\"693\"><strong data-start=\"657\" data-end=\"684\">VW Passat, Skoda Superb<\/strong> \u2013 2.8L<\/li>\n<li data-start=\"694\" data-end=\"760\"><strong data-start=\"696\" data-end=\"745\">Audi A6, S6, A8, S8, RS6, VW Touareg, Phaeton<\/strong> \u2013 3.7L, 4.2L<\/li>\n<\/ul>\n<h3 data-start=\"762\" data-end=\"797\"><strong data-start=\"766\" data-end=\"795\">Kompatibla dieselmotorer:<\/strong><\/h3>\n<ul data-start=\"798\" data-end=\"911\" data-is-last-node=\"\" data-is-only-node=\"\">\n<li data-start=\"798\" data-end=\"837\"><strong data-start=\"800\" data-end=\"835\">Skoda Superb, VW Passat, Sharan<\/strong><\/li>\n<li data-start=\"838\" data-end=\"883\"><strong data-start=\"840\" data-end=\"868\">Audi A4, A6, A8, Allroad<\/strong> \u2013 2.5 V6 TDI<\/li>\n<li data-start=\"884\" data-end=\"911\" data-is-last-node=\"\"><strong data-start=\"886\" data-end=\"897\">Audi A8<\/strong> \u2013 3.3L V8 TDI<\/li>\n<\/ul>\n<h3><strong>OEM:<\/strong><\/h3>\n<ul>\n<li>3391<\/li>\n<li>3242<\/li>\n<\/ul>\n<p>Tillverkare: Geko<\/p>\n","protected":false},"featured_media":24460,"template":"","meta":{"_acf_changed":false,"_seopress_robots_primary_cat":"none","_seopress_titles_title":"","_seopress_titles_desc":"","_seopress_robots_index":""},"product_cat":[338,582,21],"product_tag":[],"class_list":{"0":"post-24455","1":"product","2":"type-product","3":"status-publish","4":"has-post-thumbnail","6":"product_cat-fordonsverktyg","7":"product_cat-motorverktyg","8":"product_cat-verkstadsutrustning","10":"first","11":"outofstock","12":"taxable","13":"shipping-taxable","14":"purchasable","15":"product-type-simple","swatches":"rey-swatches","show_selected":""},"acf":[],"_links":{"self":[{"href":"https:\/\/toolhouse.fi\/sv\/wp-json\/wp\/v2\/product\/24455","targetHints":{"allow":["GET"]}}],"collection":[{"href":"https:\/\/toolhouse.fi\/sv\/wp-json\/wp\/v2\/product"}],"about":[{"href":"https:\/\/toolhouse.fi\/sv\/wp-json\/wp\/v2\/types\/product"}],"version-history":[{"count":1,"href":"https:\/\/toolhouse.fi\/sv\/wp-json\/wp\/v2\/product\/24455\/revisions"}],"predecessor-version":[{"id":24459,"href":"https:\/\/toolhouse.fi\/sv\/wp-json\/wp\/v2\/product\/24455\/revisions\/24459"}],"wp:featuredmedia":[{"embeddable":true,"href":"https:\/\/toolhouse.fi\/sv\/wp-json\/wp\/v2\/media\/24460"}],"wp:attachment":[{"href":"https:\/\/toolhouse.fi\/sv\/wp-json\/wp\/v2\/media?parent=24455"}],"wp:term":[{"taxonomy":"product_cat","embeddable":true,"href":"https:\/\/toolhouse.fi\/sv\/wp-json\/wp\/v2\/product_cat?post=24455"},{"taxonomy":"product_tag","embeddable":true,"href":"https:\/\/toolhouse.fi\/sv\/wp-json\/wp\/v2\/product_tag?post=24455"}],"curies":[{"name":"wp","href":"https:\/\/api.w.org\/{rel}","templated":true}]}}