{"id":24492,"date":"2025-03-04T18:50:50","date_gmt":"2025-03-04T16:50:50","guid":{"rendered":"https:\/\/toolhouse.fi\/?post_type=product&#038;p=24492"},"modified":"2025-03-04T21:36:30","modified_gmt":"2025-03-04T19:36:30","slug":"blockeringsverktyg-ford-2-0-2-2-2-4-tdci-tddi","status":"publish","type":"product","link":"https:\/\/toolhouse.fi\/sv\/produkt\/blockeringsverktyg-ford-2-0-2-2-2-4-tdci-tddi\/","title":{"rendered":"Blockeringsverktyg Ford 2.0 2.2 2.4 TDCi, TDDI"},"content":{"rendered":"","protected":false},"excerpt":{"rendered":"<p data-start=\"0\" data-end=\"33\"><strong data-start=\"0\" data-end=\"31\">L\u00e5sverktyg\u2013 Ford TDDi\/TDCi Transit\/Mondeo<\/strong><\/p>\n<p data-start=\"140\" data-end=\"164\"><strong data-start=\"140\" data-end=\"162\">Inneh\u00e5ll i satsen:<\/strong><\/p>\n<ul data-start=\"165\" data-end=\"319\">\n<li data-start=\"165\" data-end=\"179\">Kamaxell\u00e5s<\/li>\n<li data-start=\"180\" data-end=\"197\">Sv\u00e4nghjulsl\u00e5s<\/li>\n<li data-start=\"198\" data-end=\"231\">L\u00e5sstift f\u00f6r insprutningspump<\/li>\n<li data-start=\"232\" data-end=\"257\">L\u00e5sstift f\u00f6r sp\u00e4nnare<\/li>\n<li data-start=\"258\" data-end=\"319\">Verktyg f\u00f6r demontering och montering av insprutningspump<\/li>\n<\/ul>\n<p data-start=\"321\" data-end=\"347\"><strong data-start=\"321\" data-end=\"345\">Kompatibla modeller:<\/strong><\/p>\n<ul data-start=\"348\" data-end=\"543\">\n<li data-start=\"348\" data-end=\"410\"><strong data-start=\"350\" data-end=\"365\">Ford Mondeo<\/strong> 2.0L \/ 2.2L \/ 2.4L (TDDi \/ TDCi) 2001-2007<\/li>\n<li data-start=\"411\" data-end=\"474\"><strong data-start=\"413\" data-end=\"429\">Ford Transit<\/strong> 2.0L \/ 2.2L \/ 2.4L (TDDi \/ TDCi) 2000-2008<\/li>\n<li data-start=\"475\" data-end=\"507\"><strong data-start=\"477\" data-end=\"491\">LDV Convoy<\/strong> 2.4L TD \/ TDi<\/li>\n<li data-start=\"508\" data-end=\"543\"><strong data-start=\"510\" data-end=\"527\">Jaguar X-Type<\/strong> 2.0L \/ 2.2L D<\/li>\n<\/ul>\n<p data-start=\"545\" data-end=\"756\"><strong data-start=\"545\" data-end=\"571\">Motorkoder:<\/strong><br data-start=\"571\" data-end=\"574\" \/>ABFA, D3FA, F3FA, D5BA, D6BA, FMBA, FMBB, FIFA, HJBA, HJBB, HJBC, HJBE, N7BA, N7BB, SDBA, QJBA, QJBB, QJBC, QJBD, QJBS, D2FA, D4FA, D0FA, F4FA, FXFA, H9FA, H9FB, JXFA, PHFA, ZSD424<\/p>\n<p data-start=\"758\" data-end=\"865\" data-is-last-node=\"\" data-is-only-node=\"\"><strong data-start=\"758\" data-end=\"777\">OEM:<\/strong><br data-start=\"777\" data-end=\"780\" \/>21-262 \/ 21-234 \/ 21-263 \/ 303-732 \/ 21-260 \/ 303-734 \/ 999-7169 \/ 303-735 \/ 310-083A<\/p>\n<p data-start=\"758\" data-end=\"865\" data-is-last-node=\"\" data-is-only-node=\"\">Tillverkare: Geko<\/p>\n","protected":false},"featured_media":24495,"template":"","meta":{"_acf_changed":false,"_seopress_robots_primary_cat":"none","_seopress_titles_title":"","_seopress_titles_desc":"","_seopress_robots_index":""},"product_cat":[338,582,21],"product_tag":[],"class_list":{"0":"post-24492","1":"product","2":"type-product","3":"status-publish","4":"has-post-thumbnail","6":"product_cat-fordonsverktyg","7":"product_cat-motorverktyg","8":"product_cat-verkstadsutrustning","10":"first","11":"instock","12":"taxable","13":"shipping-taxable","14":"purchasable","15":"product-type-simple","swatches":"rey-swatches","show_selected":""},"acf":[],"_links":{"self":[{"href":"https:\/\/toolhouse.fi\/sv\/wp-json\/wp\/v2\/product\/24492","targetHints":{"allow":["GET"]}}],"collection":[{"href":"https:\/\/toolhouse.fi\/sv\/wp-json\/wp\/v2\/product"}],"about":[{"href":"https:\/\/toolhouse.fi\/sv\/wp-json\/wp\/v2\/types\/product"}],"version-history":[{"count":0,"href":"https:\/\/toolhouse.fi\/sv\/wp-json\/wp\/v2\/product\/24492\/revisions"}],"wp:featuredmedia":[{"embeddable":true,"href":"https:\/\/toolhouse.fi\/sv\/wp-json\/wp\/v2\/media\/24495"}],"wp:attachment":[{"href":"https:\/\/toolhouse.fi\/sv\/wp-json\/wp\/v2\/media?parent=24492"}],"wp:term":[{"taxonomy":"product_cat","embeddable":true,"href":"https:\/\/toolhouse.fi\/sv\/wp-json\/wp\/v2\/product_cat?post=24492"},{"taxonomy":"product_tag","embeddable":true,"href":"https:\/\/toolhouse.fi\/sv\/wp-json\/wp\/v2\/product_tag?post=24492"}],"curies":[{"name":"wp","href":"https:\/\/api.w.org\/{rel}","templated":true}]}}