{"id":24518,"date":"2025-03-05T12:33:57","date_gmt":"2025-03-05T10:33:57","guid":{"rendered":"https:\/\/toolhouse.fi\/?post_type=product&#038;p=24518"},"modified":"2025-03-11T10:27:00","modified_gmt":"2025-03-11T08:27:00","slug":"glidhammare-riktsats","status":"publish","type":"product","link":"https:\/\/toolhouse.fi\/sv\/produkt\/glidhammare-riktsats\/","title":{"rendered":"Glidhammare\/riktsats"},"content":{"rendered":"","protected":false},"excerpt":{"rendered":"<p>Beh\u00e4ndigt verktyg f\u00f6r riktning av bilpl\u00e5t, demontering av axlar, lager, m.m.<\/p>\n<ul>\n<li>Svarvad glidhammare<\/li>\n<li>Glidhammarens vikt: 3,2 kg<\/li>\n<li>Totalvikt: 8,1 kg<\/li>\n<li>Tillverkare: Geko<\/li>\n<\/ul>\n","protected":false},"featured_media":24526,"template":"","meta":{"_acf_changed":false,"_seopress_robots_primary_cat":"none","_seopress_titles_title":"","_seopress_titles_desc":"","_seopress_robots_index":""},"product_cat":[137,583,463],"product_tag":[],"class_list":{"0":"post-24518","1":"product","2":"type-product","3":"status-publish","4":"has-post-thumbnail","6":"product_cat-hydraulpressar","7":"product_cat-karosseriverktyg","8":"product_cat-riktverktyg","10":"first","11":"instock","12":"taxable","13":"shipping-taxable","14":"purchasable","15":"product-type-simple","swatches":"rey-swatches","show_selected":""},"acf":[],"_links":{"self":[{"href":"https:\/\/toolhouse.fi\/sv\/wp-json\/wp\/v2\/product\/24518","targetHints":{"allow":["GET"]}}],"collection":[{"href":"https:\/\/toolhouse.fi\/sv\/wp-json\/wp\/v2\/product"}],"about":[{"href":"https:\/\/toolhouse.fi\/sv\/wp-json\/wp\/v2\/types\/product"}],"version-history":[{"count":0,"href":"https:\/\/toolhouse.fi\/sv\/wp-json\/wp\/v2\/product\/24518\/revisions"}],"wp:featuredmedia":[{"embeddable":true,"href":"https:\/\/toolhouse.fi\/sv\/wp-json\/wp\/v2\/media\/24526"}],"wp:attachment":[{"href":"https:\/\/toolhouse.fi\/sv\/wp-json\/wp\/v2\/media?parent=24518"}],"wp:term":[{"taxonomy":"product_cat","embeddable":true,"href":"https:\/\/toolhouse.fi\/sv\/wp-json\/wp\/v2\/product_cat?post=24518"},{"taxonomy":"product_tag","embeddable":true,"href":"https:\/\/toolhouse.fi\/sv\/wp-json\/wp\/v2\/product_tag?post=24518"}],"curies":[{"name":"wp","href":"https:\/\/api.w.org\/{rel}","templated":true}]}}