{"id":24581,"date":"2025-03-11T12:59:34","date_gmt":"2025-03-11T10:59:34","guid":{"rendered":"https:\/\/toolhouse.fi\/?post_type=product&#038;p=24581"},"modified":"2025-12-07T20:31:08","modified_gmt":"2025-12-07T18:31:08","slug":"skrapor-till-limvikter-4-pack","status":"publish","type":"product","link":"https:\/\/toolhouse.fi\/sv\/produkt\/skrapor-till-limvikter-4-pack\/","title":{"rendered":"Skrapor till limvikter 4-pack"},"content":{"rendered":"","protected":false},"excerpt":{"rendered":"<p data-start=\"0\" data-end=\"125\">Beh\u00e4ndiga skrapor f\u00f6r att l\u00e4tt avl\u00e4gsna klistervikter och lim. Satsen inneh\u00e5ller 4 skrapor med bredder p\u00e5 18, 20, 25 och 36 mm.<\/p>\n<p data-start=\"127\" data-end=\"144\"><strong data-start=\"127\" data-end=\"144\">Teknisk data:<\/strong><\/p>\n<ul>\n<li data-start=\"146\" data-end=\"170\">Bredd: 18, 20, 25, 36 mm<\/li>\n<li data-start=\"172\" data-end=\"191\">L\u00e4ngd: 255 mm<\/li>\n<li data-start=\"193\" data-end=\"219\">Material: Slagt\u00e5lig nylon.<\/li>\n<\/ul>\n","protected":false},"featured_media":24584,"template":"","meta":{"_acf_changed":false,"_seopress_robots_primary_cat":"none","_seopress_titles_title":"","_seopress_titles_desc":"","_seopress_robots_index":""},"product_cat":[589,18,595,160],"product_tag":[],"class_list":{"0":"post-24581","1":"product","2":"type-product","3":"status-publish","4":"has-post-thumbnail","6":"product_cat-balanseringsvikter","7":"product_cat-dackarbete","8":"product_cat-tillbehor-balanseringsvikter","9":"product_cat-tillbehor-verktyg","11":"first","12":"instock","13":"taxable","14":"shipping-taxable","15":"purchasable","16":"product-type-simple","swatches":"rey-swatches","show_selected":""},"acf":[],"_links":{"self":[{"href":"https:\/\/toolhouse.fi\/sv\/wp-json\/wp\/v2\/product\/24581","targetHints":{"allow":["GET"]}}],"collection":[{"href":"https:\/\/toolhouse.fi\/sv\/wp-json\/wp\/v2\/product"}],"about":[{"href":"https:\/\/toolhouse.fi\/sv\/wp-json\/wp\/v2\/types\/product"}],"version-history":[{"count":1,"href":"https:\/\/toolhouse.fi\/sv\/wp-json\/wp\/v2\/product\/24581\/revisions"}],"predecessor-version":[{"id":24588,"href":"https:\/\/toolhouse.fi\/sv\/wp-json\/wp\/v2\/product\/24581\/revisions\/24588"}],"wp:featuredmedia":[{"embeddable":true,"href":"https:\/\/toolhouse.fi\/sv\/wp-json\/wp\/v2\/media\/24584"}],"wp:attachment":[{"href":"https:\/\/toolhouse.fi\/sv\/wp-json\/wp\/v2\/media?parent=24581"}],"wp:term":[{"taxonomy":"product_cat","embeddable":true,"href":"https:\/\/toolhouse.fi\/sv\/wp-json\/wp\/v2\/product_cat?post=24581"},{"taxonomy":"product_tag","embeddable":true,"href":"https:\/\/toolhouse.fi\/sv\/wp-json\/wp\/v2\/product_tag?post=24581"}],"curies":[{"name":"wp","href":"https:\/\/api.w.org\/{rel}","templated":true}]}}