{"id":24596,"date":"2025-03-11T17:26:39","date_gmt":"2025-03-11T15:26:39","guid":{"rendered":"https:\/\/toolhouse.fi\/?post_type=product&#038;p=24596"},"modified":"2025-10-30T13:58:47","modified_gmt":"2025-10-30T11:58:47","slug":"tang-for-bransleanslutningar-15-32-mm","status":"publish","type":"product","link":"https:\/\/toolhouse.fi\/sv\/produkt\/tang-for-bransleanslutningar-15-32-mm\/","title":{"rendered":"T\u00e5ng f\u00f6r br\u00e4nsleanslutningar 15\u201332 mm"},"content":{"rendered":"","protected":false},"excerpt":{"rendered":"<p>T\u00e5ng f\u00f6r att koppla loss anslutningar p\u00e5 br\u00e4nsleledningar. Universell modell som kan anv\u00e4ndas p\u00e5 m\u00e5nga bilmodeller.<\/p>\n<ul>\n<li>Beh\u00f6vs tex. vid byte av br\u00e4nslefilter.<\/li>\n<li>Skadar inte anslutningar eller br\u00e4nsler\u00f6r<\/li>\n<li>Arbetsomr\u00e5de: 15\u201332 mm.<\/li>\n<li>Vinklad modell f\u00f6r bra \u00e5tkommlighet<\/li>\n<li>Passar till Volvo, Vag mfl.<\/li>\n<li>Tillverkare: Geko<\/li>\n<\/ul>\n","protected":false},"featured_media":24615,"template":"","meta":{"_acf_changed":false,"_seopress_robots_primary_cat":"none","_seopress_titles_title":"","_seopress_titles_desc":"","_seopress_robots_index":""},"product_cat":[338,582,21],"product_tag":[],"class_list":{"0":"post-24596","1":"product","2":"type-product","3":"status-publish","4":"has-post-thumbnail","6":"product_cat-fordonsverktyg","7":"product_cat-motorverktyg","8":"product_cat-verkstadsutrustning","10":"first","11":"instock","12":"taxable","13":"shipping-taxable","14":"purchasable","15":"product-type-simple","swatches":"rey-swatches","show_selected":""},"acf":[],"_links":{"self":[{"href":"https:\/\/toolhouse.fi\/sv\/wp-json\/wp\/v2\/product\/24596","targetHints":{"allow":["GET"]}}],"collection":[{"href":"https:\/\/toolhouse.fi\/sv\/wp-json\/wp\/v2\/product"}],"about":[{"href":"https:\/\/toolhouse.fi\/sv\/wp-json\/wp\/v2\/types\/product"}],"version-history":[{"count":0,"href":"https:\/\/toolhouse.fi\/sv\/wp-json\/wp\/v2\/product\/24596\/revisions"}],"wp:featuredmedia":[{"embeddable":true,"href":"https:\/\/toolhouse.fi\/sv\/wp-json\/wp\/v2\/media\/24615"}],"wp:attachment":[{"href":"https:\/\/toolhouse.fi\/sv\/wp-json\/wp\/v2\/media?parent=24596"}],"wp:term":[{"taxonomy":"product_cat","embeddable":true,"href":"https:\/\/toolhouse.fi\/sv\/wp-json\/wp\/v2\/product_cat?post=24596"},{"taxonomy":"product_tag","embeddable":true,"href":"https:\/\/toolhouse.fi\/sv\/wp-json\/wp\/v2\/product_tag?post=24596"}],"curies":[{"name":"wp","href":"https:\/\/api.w.org\/{rel}","templated":true}]}}