{"id":24672,"date":"2025-03-18T10:24:03","date_gmt":"2025-03-18T08:24:03","guid":{"rendered":"https:\/\/toolhouse.fi\/?post_type=product&#038;p=24672"},"modified":"2026-02-26T15:30:15","modified_gmt":"2026-02-26T13:30:15","slug":"fargtjockleksmatare","status":"publish","type":"product","link":"https:\/\/toolhouse.fi\/sv\/produkt\/fargtjockleksmatare\/","title":{"rendered":"F\u00e4rgtjockleksm\u00e4tare"},"content":{"rendered":"","protected":false},"excerpt":{"rendered":"<h3 data-start=\"0\" data-end=\"57\"><strong data-start=\"4\" data-end=\"55\">F\u00e4rgm\u00e4tare \u2013 Precisionsverktyg f\u00f6r lacktjocklek<\/strong><\/h3>\n<p data-start=\"59\" data-end=\"290\" data-is-last-node=\"\" data-is-only-node=\"\">F\u00e4rgm\u00e4taren m\u00e4ter exakt lacktjocklek p\u00e5 metallytor. Den har en tydlig, bakgrundsbelyst LCD-sk\u00e4rm. Med h\u00f6g precision, m\u00e5ngsidighet och enkel anv\u00e4ndning passar den b\u00e5de proffs och hobbyanv\u00e4ndare.<\/p>\n<p data-start=\"512\" data-end=\"545\">M\u00e4taren erbjuder tre sondl\u00e4gen:<\/p>\n<ul data-start=\"546\" data-end=\"724\">\n<li><strong>AUTO<\/strong>: Automatisk justering f\u00f6r alla ytor.<\/li>\n<li><strong>F<\/strong>: Magnetisk induktion f\u00f6r ferromagnetiska ytor (t.ex. st\u00e5l).<\/li>\n<li><strong>NFE<\/strong>: f\u00f6r icke-magnetiska ytor (t.ex. aluminium).<\/li>\n<\/ul>\n<h3 data-start=\"2156\" data-end=\"2196\"><strong data-start=\"2160\" data-end=\"2194\">Exempel p\u00e5 anv\u00e4ndningsomr\u00e5den:<\/strong><\/h3>\n<ul>\n<li data-start=\"2197\" data-end=\"2724\"><strong data-start=\"2200\" data-end=\"2210\">Fordon<\/strong> \u2013 M\u00e4tning av lacktjocklek p\u00e5 bilkarosser f\u00f6r att uppt\u00e4cka omlackerade delar eller bed\u00f6ma skicket p\u00e5 lacken vid k\u00f6p och f\u00f6rs\u00e4ljning.<\/li>\n<li data-start=\"2197\" data-end=\"2724\"><strong data-start=\"2348\" data-end=\"2370\">Lackeringsindustri<\/strong> \u2013 Kontroll av lackskikt p\u00e5 olika metallytor f\u00f6r att s\u00e4kerst\u00e4lla att kvalitetsstandarder uppfylls.<\/li>\n<li data-start=\"2197\" data-end=\"2724\"><strong data-start=\"2474\" data-end=\"2492\">Metallindustri<\/strong> \u2013 M\u00e4tning av skyddande bel\u00e4ggningar p\u00e5 st\u00e5l- och aluminiumkomponenter inom bygg- och tillverkningsindustrin.<\/li>\n<li data-start=\"2197\" data-end=\"2724\"><strong data-start=\"2607\" data-end=\"2626\">Skadeinspektion<\/strong> \u2013 Identifiering av omlackeringar p\u00e5 fordon som kan tyda p\u00e5 tidigare reparationer efter olyckor.<\/li>\n<\/ul>\n<h3 data-start=\"839\" data-end=\"874\"><strong data-start=\"843\" data-end=\"872\">Tekniska specifikationer:<\/strong><\/h3>\n<ul data-start=\"875\" data-end=\"1162\">\n<li><strong>M\u00e4tenheter:<\/strong>\u00a0V\u00e4lj mellan mikrometer (\u00b5m), millimeter (mm) eller mils (mil) f\u00f6r att passa ditt behov.<\/li>\n<li><strong>M\u00e4tomr\u00e5de:<\/strong>\u00a0M\u00e4t bel\u00e4ggningstjocklek fr\u00e5n 0 till 2000 \u00b5m, fr\u00e5n tunna lager till tjocka bel\u00e4ggningar.<\/li>\n<li><strong>M\u00e4tstatistik:<\/strong>\u00a0F\u00e5 en komplett bild av m\u00e4tresultaten \u2013 inklusive min\/max, medelv\u00e4rde och antal m\u00e4tningar.<\/li>\n<li><strong>Automatisk avst\u00e4ngning:<\/strong>\u00a0F\u00f6rl\u00e4ng batteritiden med automatisk avst\u00e4ngning efter 3 minuter.<\/li>\n<\/ul>\n<p>&nbsp;<\/p>\n<h3 data-start=\"1164\" data-end=\"1196\"><strong data-start=\"1168\" data-end=\"1194\">Medf\u00f6ljande tillbeh\u00f6r:<\/strong><\/h3>\n<ul data-start=\"1197\" data-end=\"1266\">\n<li data-start=\"1197\" data-end=\"1211\">F\u00e4rgm\u00e4tare<\/li>\n<li data-start=\"1212\" data-end=\"1234\">Kalibreringsplatta<\/li>\n<li data-start=\"1235\" data-end=\"1266\">6 folier med olika tjocklek f\u00f6r kalibrering<\/li>\n<\/ul>\n<h3 data-start=\"1268\" data-end=\"1296\"><strong data-start=\"1272\" data-end=\"1294\">Produktfunktioner:<\/strong><\/h3>\n<ul>\n<li><strong data-start=\"1443\" data-end=\"1451\">AUTO<\/strong> \u2013 Automatisk anpassning till yttyp<\/li>\n<li><strong data-start=\"1493\" data-end=\"1498\">F<\/strong> \u2013 Magnetisk induktion f\u00f6r ferromagnetiska ytor (t.ex. st\u00e5l)<\/li>\n<li><strong data-start=\"1565\" data-end=\"1572\">NFE<\/strong> \u2013 f\u00f6r icke-magnetiska ytor (t.ex. aluminium)<\/li>\n<li><strong data-start=\"1637\" data-end=\"1655\">Tre m\u00e4tenheter<\/strong> \u2013 mikrometer (\u00b5m), millimeter (mm) och mils (mil)<\/li>\n<li><strong data-start=\"1750\" data-end=\"1773\">M\u00e4tomr\u00e5de 0\u20132000 \u00b5m(0 &#8211; 2 mm)<\/strong><\/li>\n<li><strong data-start=\"1835\" data-end=\"1851\">M\u00e4tstatistik<\/strong> \u2013 Visar minsta, genomsnittliga och h\u00f6gsta lacktjocklek samt skillnaden mellan dessa och antalet utf\u00f6rda m\u00e4tningar.<\/li>\n<li><strong data-start=\"1299\" data-end=\"1328\">Bakgrundsbelyst LCD-sk\u00e4rm<\/strong><\/li>\n<li><strong data-start=\"1971\" data-end=\"1997\">Automatisk avst\u00e4ngning<\/strong> \u2013 Enheten st\u00e4nger av sig sj\u00e4lv efter 3 minuter f\u00f6r att spara batteri.<\/li>\n<li><strong data-start=\"2072\" data-end=\"2088\">Batteridrift<\/strong> \u2013 Drivs av tv\u00e5\u00a0 AAA-batterier (medf\u00f6ljer ej)<\/li>\n<\/ul>\n<p>Tillverkare: Keltin<\/p>\n<p data-start=\"2197\" data-end=\"2724\" data-is-only-node=\"\">\n","protected":false},"featured_media":24690,"template":"","meta":{"_acf_changed":false,"_seopress_robots_primary_cat":"none","_seopress_titles_title":"","_seopress_titles_desc":"","_seopress_robots_index":""},"product_cat":[338,583,577,349,21],"product_tag":[],"class_list":{"0":"post-24672","1":"product","2":"type-product","3":"status-publish","4":"has-post-thumbnail","6":"product_cat-fordonsverktyg","7":"product_cat-karosseriverktyg","8":"product_cat-matverktyg","9":"product_cat-ovrigt","10":"product_cat-verkstadsutrustning","12":"first","13":"outofstock","14":"taxable","15":"shipping-taxable","16":"purchasable","17":"product-type-simple","swatches":"rey-swatches","show_selected":""},"acf":[],"_links":{"self":[{"href":"https:\/\/toolhouse.fi\/sv\/wp-json\/wp\/v2\/product\/24672","targetHints":{"allow":["GET"]}}],"collection":[{"href":"https:\/\/toolhouse.fi\/sv\/wp-json\/wp\/v2\/product"}],"about":[{"href":"https:\/\/toolhouse.fi\/sv\/wp-json\/wp\/v2\/types\/product"}],"version-history":[{"count":3,"href":"https:\/\/toolhouse.fi\/sv\/wp-json\/wp\/v2\/product\/24672\/revisions"}],"predecessor-version":[{"id":31701,"href":"https:\/\/toolhouse.fi\/sv\/wp-json\/wp\/v2\/product\/24672\/revisions\/31701"}],"wp:featuredmedia":[{"embeddable":true,"href":"https:\/\/toolhouse.fi\/sv\/wp-json\/wp\/v2\/media\/24690"}],"wp:attachment":[{"href":"https:\/\/toolhouse.fi\/sv\/wp-json\/wp\/v2\/media?parent=24672"}],"wp:term":[{"taxonomy":"product_cat","embeddable":true,"href":"https:\/\/toolhouse.fi\/sv\/wp-json\/wp\/v2\/product_cat?post=24672"},{"taxonomy":"product_tag","embeddable":true,"href":"https:\/\/toolhouse.fi\/sv\/wp-json\/wp\/v2\/product_tag?post=24672"}],"curies":[{"name":"wp","href":"https:\/\/api.w.org\/{rel}","templated":true}]}}