{"id":24695,"date":"2025-03-18T11:29:48","date_gmt":"2025-03-18T09:29:48","guid":{"rendered":"https:\/\/toolhouse.fi\/?post_type=product&#038;p=24695"},"modified":"2025-04-05T10:44:06","modified_gmt":"2025-04-05T07:44:06","slug":"pinnbultsutdragare-6-12mm","status":"publish","type":"product","link":"https:\/\/toolhouse.fi\/sv\/produkt\/pinnbultsutdragare-6-12mm\/","title":{"rendered":"Pinnbultsutdragare 6 &#8211; 12mm"},"content":{"rendered":"","protected":false},"excerpt":{"rendered":"<p data-start=\"0\" data-end=\"76\"><strong data-start=\"0\" data-end=\"74\">Pinnbultsutdragare 4 delar<\/strong><\/p>\n<p data-start=\"78\" data-end=\"211\">Professionellt verktygsset som m\u00f6jligg\u00f6r borttagning av avbrutna bultar, pinnbultar och g\u00e4ngst\u00e4nger som sticker ut ovanf\u00f6r ytan d\u00e4r de sitter fast.<\/p>\n<p data-start=\"213\" data-end=\"274\">Borttagning sker med hj\u00e4lp av specialrullar inuti hylsorna.<\/p>\n<ul>\n<li data-start=\"276\" data-end=\"363\">Hylsorna har 1\/2\u2033 fyrkantsf\u00e4ste samt 21mm sexkantsfattning.<\/li>\n<li data-start=\"276\" data-end=\"363\">Material: CRV 50BV30<\/li>\n<\/ul>\n<p data-start=\"365\" data-end=\"393\"><strong>Inneh\u00e5ll i satsen:<\/strong><\/p>\n<p data-start=\"394\" data-end=\"473\" data-is-only-node=\"\" data-is-last-node=\"\">\ud83d\udd39 6 mm hylsa<br data-start=\"411\" data-end=\"414\" \/>\ud83d\udd39 8 mm hylsa<br data-start=\"431\" data-end=\"434\" \/>\ud83d\udd39 10 mm hylsa<br data-start=\"452\" data-end=\"455\" data-is-only-node=\"\" \/>\ud83d\udd39 12 mm hylsa<\/p>\n<p data-start=\"394\" data-end=\"473\" data-is-only-node=\"\" data-is-last-node=\"\">Tillverkare: Geko<\/p>\n","protected":false},"featured_media":24705,"template":"","meta":{"_acf_changed":false,"_seopress_robots_primary_cat":"none","_seopress_titles_title":"","_seopress_titles_desc":"","_seopress_robots_index":""},"product_cat":[581,21],"product_tag":[],"class_list":{"0":"post-24695","1":"product","2":"type-product","3":"status-publish","4":"has-post-thumbnail","6":"product_cat-hylsverktyg-och-vridverktyg","7":"product_cat-verkstadsutrustning","9":"first","10":"instock","11":"taxable","12":"shipping-taxable","13":"purchasable","14":"product-type-simple","swatches":"rey-swatches","show_selected":""},"acf":[],"_links":{"self":[{"href":"https:\/\/toolhouse.fi\/sv\/wp-json\/wp\/v2\/product\/24695","targetHints":{"allow":["GET"]}}],"collection":[{"href":"https:\/\/toolhouse.fi\/sv\/wp-json\/wp\/v2\/product"}],"about":[{"href":"https:\/\/toolhouse.fi\/sv\/wp-json\/wp\/v2\/types\/product"}],"version-history":[{"count":2,"href":"https:\/\/toolhouse.fi\/sv\/wp-json\/wp\/v2\/product\/24695\/revisions"}],"predecessor-version":[{"id":24699,"href":"https:\/\/toolhouse.fi\/sv\/wp-json\/wp\/v2\/product\/24695\/revisions\/24699"}],"wp:featuredmedia":[{"embeddable":true,"href":"https:\/\/toolhouse.fi\/sv\/wp-json\/wp\/v2\/media\/24705"}],"wp:attachment":[{"href":"https:\/\/toolhouse.fi\/sv\/wp-json\/wp\/v2\/media?parent=24695"}],"wp:term":[{"taxonomy":"product_cat","embeddable":true,"href":"https:\/\/toolhouse.fi\/sv\/wp-json\/wp\/v2\/product_cat?post=24695"},{"taxonomy":"product_tag","embeddable":true,"href":"https:\/\/toolhouse.fi\/sv\/wp-json\/wp\/v2\/product_tag?post=24695"}],"curies":[{"name":"wp","href":"https:\/\/api.w.org\/{rel}","templated":true}]}}