{"id":24926,"date":"2025-03-21T17:19:42","date_gmt":"2025-03-21T15:19:42","guid":{"rendered":"https:\/\/toolhouse.fi\/?post_type=product&#038;p=24926"},"modified":"2026-04-16T15:37:21","modified_gmt":"2026-04-16T12:37:21","slug":"verkstadspress-30t-geko","status":"publish","type":"product","link":"https:\/\/toolhouse.fi\/sv\/produkt\/verkstadspress-30t-geko\/","title":{"rendered":"Verkstadspress 30T Geko"},"content":{"rendered":"<p>&nbsp;<\/p>\n<div class=\"large-2 col pb-0 mb-0\">\n<h5 class=\"uppercase mt\">BESKRIVNING<\/h5>\n<\/div>\n<div class=\"large-10 col pb-0 mb-0\">\n<div class=\"panel entry-content\">\n<table class=\"n54117_dictionary\">\n<tbody>\n<tr>\n<td class=\"n54117_item_a1\">Max tryck\u00a0\u00a0<span class=\"n67256colon\">:<\/span><\/td>\n<td class=\"n54117_item_b1\">\n<div class=\"n54117_item_b_sub\">30 ton<\/div>\n<\/td>\n<\/tr>\n<tr>\n<td class=\"n54117_item_a2\">Arbetsomr\u00e5de\u00a0<span class=\"n67256colon\">:<\/span><\/td>\n<td class=\"n54117_item_b2\">\n<div class=\"n54117_item_b_sub\">0 \u2013 1000 mm<\/div>\n<\/td>\n<\/tr>\n<tr>\n<td class=\"n54117_item_a1\">Justerbart bord\u00a0<span class=\"n67256colon\">:<\/span><\/td>\n<td class=\"n54117_item_b1\">\n<div class=\"n54117_item_b_sub\">8 niv\u00e5er<\/div>\n<\/td>\n<\/tr>\n<tr>\n<td class=\"n54117_item_a2\">Bord inv\u00e4ndig bredd\u00a0 <span class=\"n67256colon\">:<\/span><\/td>\n<td class=\"n54117_item_b2\">\n<div class=\"n54117_item_b_sub\">530 mm<\/div>\n<\/td>\n<\/tr>\n<tr>\n<td class=\"n54117_item_a1\">Bord djup\u00a0<span class=\"n67256colon\">:<\/span><\/td>\n<td class=\"n54117_item_b1\">\n<div class=\"n54117_item_b_sub\">260 mm<\/div>\n<\/td>\n<\/tr>\n<tr>\n<td class=\"n54117_item_a2\">Total h\u00f6jd\u00a0<span class=\"n67256colon\">:<\/span><\/td>\n<td class=\"n54117_item_b2\">\n<div class=\"n54117_item_b_sub\">1790 mm<\/div>\n<\/td>\n<\/tr>\n<tr>\n<td class=\"n54117_item_a1\">Kolvdiameter\u00a0<span class=\"n67256colon\">:<\/span><\/p>\n<p>Slagl\u00e4ngd kolv:<\/td>\n<td class=\"n54117_item_b1\">\n<div class=\"n54117_item_b_sub\">58 mm<\/div>\n<div><\/div>\n<div>160 mm<\/div>\n<\/td>\n<\/tr>\n<tr>\n<td class=\"n54117_item_a2\">Ce-m\u00e4rkt:<\/td>\n<td class=\"n54117_item_b2\">\n<div class=\"n54117_item_b_sub\">Ja<\/div>\n<\/td>\n<\/tr>\n<tr>\n<td class=\"n54117_item_a1\"><\/td>\n<td class=\"n54117_item_b1\">\n<div class=\"n54117_item_b_sub\"><\/div>\n<\/td>\n<\/tr>\n<tr>\n<td class=\"n54117_item_a2\">Vikt:<\/td>\n<td class=\"n54117_item_b2\">\n<div class=\"n54117_item_b_sub\">120 kg<\/div>\n<\/td>\n<\/tr>\n<tr>\n<td class=\"n54117_item_a1\"><span class=\"n67256colon\">Tillverkare:<\/span><\/td>\n<td class=\"n54117_item_b1\">\n<div class=\"n54117_item_b_sub\">Geko<\/div>\n<\/td>\n<\/tr>\n<tr>\n<td class=\"n54117_item_a2\">Garanti\u00a0<span class=\"n67256colon\">:<\/span><\/td>\n<td class=\"n54117_item_b2\">\n<div class=\"n54117_item_b_sub\">1 \u00e5r<\/div>\n<\/td>\n<\/tr>\n<\/tbody>\n<\/table>\n<\/div>\n<\/div>\n","protected":false},"excerpt":{"rendered":"<h3>Hydraulpress 30T med 2 hastigheter<\/h3>\n<ul>\n<li>Dubbel hydraulpump med snabb och precisions l\u00e4ge.<\/li>\n<li>Presscylindern \u00e4r flyttbar i sidled, l\u00e5sbar i \u00f6nskat l\u00e4ge<\/li>\n<li>2 st v-block ing\u00e5r.<\/li>\n<li>Pumpen \u00e4r f\u00e4rdigt fylld med olja vid leverans.<\/li>\n<li>12 m\u00e5naders garanti och alla reservdelar finns tillg\u00e4ngliga.<\/li>\n<li>CE-m\u00e4rkt<\/li>\n<\/ul>\n","protected":false},"featured_media":25801,"template":"","meta":{"_acf_changed":false,"_seopress_robots_primary_cat":"none","_seopress_titles_title":"","_seopress_titles_desc":"","_seopress_robots_index":""},"product_cat":[137,621],"product_tag":[],"class_list":{"0":"post-24926","1":"product","2":"type-product","3":"status-publish","4":"has-post-thumbnail","6":"product_cat-hydraulpressar","7":"product_cat-pressar","8":"product_shipping_class-frakt69e","10":"first","11":"instock","12":"sale","13":"taxable","14":"shipping-taxable","15":"purchasable","16":"product-type-simple","swatches":"rey-swatches","show_selected":""},"acf":[],"_links":{"self":[{"href":"https:\/\/toolhouse.fi\/sv\/wp-json\/wp\/v2\/product\/24926","targetHints":{"allow":["GET"]}}],"collection":[{"href":"https:\/\/toolhouse.fi\/sv\/wp-json\/wp\/v2\/product"}],"about":[{"href":"https:\/\/toolhouse.fi\/sv\/wp-json\/wp\/v2\/types\/product"}],"version-history":[{"count":0,"href":"https:\/\/toolhouse.fi\/sv\/wp-json\/wp\/v2\/product\/24926\/revisions"}],"wp:featuredmedia":[{"embeddable":true,"href":"https:\/\/toolhouse.fi\/sv\/wp-json\/wp\/v2\/media\/25801"}],"wp:attachment":[{"href":"https:\/\/toolhouse.fi\/sv\/wp-json\/wp\/v2\/media?parent=24926"}],"wp:term":[{"taxonomy":"product_cat","embeddable":true,"href":"https:\/\/toolhouse.fi\/sv\/wp-json\/wp\/v2\/product_cat?post=24926"},{"taxonomy":"product_tag","embeddable":true,"href":"https:\/\/toolhouse.fi\/sv\/wp-json\/wp\/v2\/product_tag?post=24926"}],"curies":[{"name":"wp","href":"https:\/\/api.w.org\/{rel}","templated":true}]}}