{"id":24993,"date":"2025-03-25T15:28:41","date_gmt":"2025-03-25T13:28:41","guid":{"rendered":"https:\/\/toolhouse.fi\/?post_type=product&#038;p=24993"},"modified":"2025-03-25T16:44:59","modified_gmt":"2025-03-25T14:44:59","slug":"pallbock-par-3t-tvardy","status":"publish","type":"product","link":"https:\/\/toolhouse.fi\/sv\/produkt\/pallbock-par-3t-tvardy\/","title":{"rendered":"Pallbock par 3T Tvardy"},"content":{"rendered":"","protected":false},"excerpt":{"rendered":"<p>&nbsp;<\/p>\n<p>Robusta pallbockar med stabil och s\u00e4ker l\u00e5smekanism, pulverlackerad yta och rej\u00e4l h\u00f6jdjustering.<\/p>\n<ul>\n<li>H\u00f6jd 260 &#8211; 435 mm.<\/li>\n<li>Vikt 7 kg<\/li>\n<li>L\u00e5sbara i 10 olika l\u00e4gen.<\/li>\n<li data-start=\"97\" data-end=\"129\">Robust och s\u00e4ker l\u00e5smekanism<\/li>\n<li data-start=\"82\" data-end=\"125\">Pulverlackerade<\/li>\n<li>Levereras parvis.<\/li>\n<\/ul>\n<table class=\"n54117_dictionary\">\n<tbody>\n<tr>\n<td class=\"n54117_item_a1\">Tillverkare\u00a0<span class=\"n67256colon\">:<\/span><\/td>\n<td class=\"n54117_item_b1\">\n<div class=\"n54117_item_b_sub\"><span class=\"n54117_name_sub\">Tvardy<\/span><\/div>\n<\/td>\n<\/tr>\n<tr>\n<td class=\"n54117_item_a2\">Kapacitet <span class=\"n67256colon\">:<\/span><\/td>\n<td class=\"n54117_item_b2\">\n<div class=\"n54117_item_b_sub\">3000 kg<\/div>\n<\/td>\n<\/tr>\n<tr>\n<td class=\"n54117_item_a1\"><span class=\"n67256colon\">Min h\u00f6jd :<\/span><\/td>\n<td class=\"n54117_item_b1\">\n<div class=\"n54117_item_b_sub\">260 mm<\/div>\n<\/td>\n<\/tr>\n<tr>\n<td class=\"n54117_item_a2\"><span class=\"n67256colon\">Max h\u00f6jd :<\/span><\/td>\n<td class=\"n54117_item_b2\">\n<div class=\"n54117_item_b_sub\">445 mm<\/div>\n<\/td>\n<\/tr>\n<tr>\n<td class=\"n54117_item_a1\"><span class=\"n67256colon\">storlek bas :(L x B)<\/span><\/td>\n<td class=\"n54117_item_b1\">205 x 195 mm<\/td>\n<\/tr>\n<tr>\n<td class=\"n54117_item_a2\"><span class=\"n67256colon\">Vikt :<\/span><\/td>\n<td class=\"n54117_item_b2\">\n<div class=\"n54117_item_b_sub\">7 kg<\/div>\n<\/td>\n<\/tr>\n<tr>\n<td class=\"n54117_item_a1\">Garanti :<\/td>\n<td class=\"n54117_item_b1\">\n<div class=\"n54117_item_b_sub\">12 m\u00e5nader<\/div>\n<\/td>\n<\/tr>\n<tr>\n<td class=\"n54117_item_a2\">Ce-godk\u00e4nd<\/td>\n<td class=\"n54117_item_b2\">\n<div class=\"n54117_item_b_sub\">\n<div class=\"n54117_item_b_sub\">Ja<\/div>\n<\/div>\n<\/td>\n<\/tr>\n<tr>\n<td class=\"n54117_item_a1\"><\/td>\n<td class=\"n54117_item_b1\"><\/td>\n<\/tr>\n<tr>\n<td class=\"n54117_item_a2\"><\/td>\n<td class=\"n54117_item_b2\">\n<div class=\"n54117_item_b_sub\"><\/div>\n<\/td>\n<\/tr>\n<\/tbody>\n<\/table>\n<p>&nbsp;<\/p>\n","protected":false},"featured_media":25004,"template":"","meta":{"_acf_changed":false,"_seopress_robots_primary_cat":"none","_seopress_titles_title":"","_seopress_titles_desc":"","_seopress_robots_index":""},"product_cat":[283,20],"product_tag":[],"class_list":{"0":"post-24993","1":"product","2":"type-product","3":"status-publish","4":"has-post-thumbnail","6":"product_cat-domkraft-pallbock","7":"product_cat-lyftteknik","8":"product_shipping_class-tillbehor-790","10":"first","11":"instock","12":"taxable","13":"shipping-taxable","14":"purchasable","15":"product-type-simple","swatches":"rey-swatches","show_selected":""},"acf":[],"_links":{"self":[{"href":"https:\/\/toolhouse.fi\/sv\/wp-json\/wp\/v2\/product\/24993","targetHints":{"allow":["GET"]}}],"collection":[{"href":"https:\/\/toolhouse.fi\/sv\/wp-json\/wp\/v2\/product"}],"about":[{"href":"https:\/\/toolhouse.fi\/sv\/wp-json\/wp\/v2\/types\/product"}],"version-history":[{"count":2,"href":"https:\/\/toolhouse.fi\/sv\/wp-json\/wp\/v2\/product\/24993\/revisions"}],"predecessor-version":[{"id":25012,"href":"https:\/\/toolhouse.fi\/sv\/wp-json\/wp\/v2\/product\/24993\/revisions\/25012"}],"wp:featuredmedia":[{"embeddable":true,"href":"https:\/\/toolhouse.fi\/sv\/wp-json\/wp\/v2\/media\/25004"}],"wp:attachment":[{"href":"https:\/\/toolhouse.fi\/sv\/wp-json\/wp\/v2\/media?parent=24993"}],"wp:term":[{"taxonomy":"product_cat","embeddable":true,"href":"https:\/\/toolhouse.fi\/sv\/wp-json\/wp\/v2\/product_cat?post=24993"},{"taxonomy":"product_tag","embeddable":true,"href":"https:\/\/toolhouse.fi\/sv\/wp-json\/wp\/v2\/product_tag?post=24993"}],"curies":[{"name":"wp","href":"https:\/\/api.w.org\/{rel}","templated":true}]}}