{"id":25156,"date":"2025-03-27T18:56:14","date_gmt":"2025-03-27T16:56:14","guid":{"rendered":"https:\/\/toolhouse.fi\/?post_type=product&#038;p=25156"},"modified":"2026-03-03T15:22:33","modified_gmt":"2026-03-03T13:22:33","slug":"monteringsverktyg-for-drivknutsdamask","status":"publish","type":"product","link":"https:\/\/toolhouse.fi\/sv\/produkt\/monteringsverktyg-for-drivknutsdamask\/","title":{"rendered":"Monteringsverktyg f\u00f6r drivknutsdamask"},"content":{"rendered":"","protected":false},"excerpt":{"rendered":"<p>Tryckluftsdrivet verktyg f\u00f6r att enkelt montera drivknutsdamasker utan att beh\u00f6va demontera drivknutarna fr\u00e5n drivaxeln.<\/p>\n<p>&nbsp;<\/p>\n<ul>\n<li data-start=\"389\" data-end=\"489\">Arbetstryck\u00a0 5 &#8211; 9 BAR,<\/li>\n<li data-start=\"492\" data-end=\"609\">Passar damasker med en diameter p\u00e5 20 till 120 mm, vilket g\u00f6r den kompatibel med de flesta bilmodeller.<\/li>\n<li data-start=\"612\" data-end=\"726\">Utrustad med 8 stabila armar som j\u00e4mnt str\u00e4cker damasken, och s\u00e4kerst\u00e4ller att damasken inte skadas eller g\u00e5r s\u00f6nder under installationen.<\/li>\n<li data-start=\"729\" data-end=\"837\">Tillverkad i l\u00e4tt och h\u00e5llbart kompositmaterial.<\/li>\n<li data-start=\"729\" data-end=\"837\">L\u00e4ngd: 450 mm<\/li>\n<li data-start=\"729\" data-end=\"837\">Vikt: 2,1 kg<\/li>\n<li data-start=\"729\" data-end=\"837\">Tillverkare: Geko<\/li>\n<\/ul>\n","protected":false},"featured_media":25168,"template":"","meta":{"_acf_changed":false,"_seopress_robots_primary_cat":"none","_seopress_titles_title":"","_seopress_titles_desc":"","_seopress_robots_index":""},"product_cat":[338,585,21],"product_tag":[],"class_list":{"0":"post-25156","1":"product","2":"type-product","3":"status-publish","4":"has-post-thumbnail","6":"product_cat-fordonsverktyg","7":"product_cat-verktyg-for-underrede-och-transmission","8":"product_cat-verkstadsutrustning","10":"first","11":"instock","12":"taxable","13":"shipping-taxable","14":"purchasable","15":"product-type-simple","swatches":"rey-swatches","show_selected":""},"acf":[],"_links":{"self":[{"href":"https:\/\/toolhouse.fi\/sv\/wp-json\/wp\/v2\/product\/25156","targetHints":{"allow":["GET"]}}],"collection":[{"href":"https:\/\/toolhouse.fi\/sv\/wp-json\/wp\/v2\/product"}],"about":[{"href":"https:\/\/toolhouse.fi\/sv\/wp-json\/wp\/v2\/types\/product"}],"version-history":[{"count":3,"href":"https:\/\/toolhouse.fi\/sv\/wp-json\/wp\/v2\/product\/25156\/revisions"}],"predecessor-version":[{"id":25174,"href":"https:\/\/toolhouse.fi\/sv\/wp-json\/wp\/v2\/product\/25156\/revisions\/25174"}],"wp:featuredmedia":[{"embeddable":true,"href":"https:\/\/toolhouse.fi\/sv\/wp-json\/wp\/v2\/media\/25168"}],"wp:attachment":[{"href":"https:\/\/toolhouse.fi\/sv\/wp-json\/wp\/v2\/media?parent=25156"}],"wp:term":[{"taxonomy":"product_cat","embeddable":true,"href":"https:\/\/toolhouse.fi\/sv\/wp-json\/wp\/v2\/product_cat?post=25156"},{"taxonomy":"product_tag","embeddable":true,"href":"https:\/\/toolhouse.fi\/sv\/wp-json\/wp\/v2\/product_tag?post=25156"}],"curies":[{"name":"wp","href":"https:\/\/api.w.org\/{rel}","templated":true}]}}