{"id":25191,"date":"2025-03-28T14:26:50","date_gmt":"2025-03-28T12:26:50","guid":{"rendered":"https:\/\/toolhouse.fi\/?post_type=product&#038;p=25191"},"modified":"2025-12-23T12:49:33","modified_gmt":"2025-12-23T10:49:33","slug":"tandstiftshylsa-3-8-14mm-12-kant-bmw-renault","status":"publish","type":"product","link":"https:\/\/toolhouse.fi\/sv\/produkt\/tandstiftshylsa-3-8-14mm-12-kant-bmw-renault\/","title":{"rendered":"T\u00e4ndstiftshylsa 3\/8&#8243; 14mm 12-kant, BMW Renault"},"content":{"rendered":"","protected":false},"excerpt":{"rendered":"<p>T\u00e4ndstiftshylsa med tunna v\u00e4ggar f\u00f6r m\u00e5nga BMW- och Renault-motorer.<\/p>\n<ul>\n<li>3\/8\u00a0 fyrkantsf\u00e4ste,<\/li>\n<li>12-kant<\/li>\n<li>Tillverkad av kromvanadiumst\u00e5l.<\/li>\n<li>Tillverkare: Geko<\/li>\n<\/ul>\n","protected":false},"featured_media":25199,"template":"","meta":{"_acf_changed":false,"_seopress_robots_primary_cat":"none","_seopress_titles_title":"","_seopress_titles_desc":"","_seopress_robots_index":""},"product_cat":[581,582,21],"product_tag":[],"class_list":{"0":"post-25191","1":"product","2":"type-product","3":"status-publish","4":"has-post-thumbnail","6":"product_cat-hylsverktyg-och-vridverktyg","7":"product_cat-motorverktyg","8":"product_cat-verkstadsutrustning","10":"first","11":"instock","12":"taxable","13":"shipping-taxable","14":"purchasable","15":"product-type-simple","swatches":"rey-swatches","show_selected":""},"acf":[],"_links":{"self":[{"href":"https:\/\/toolhouse.fi\/sv\/wp-json\/wp\/v2\/product\/25191","targetHints":{"allow":["GET"]}}],"collection":[{"href":"https:\/\/toolhouse.fi\/sv\/wp-json\/wp\/v2\/product"}],"about":[{"href":"https:\/\/toolhouse.fi\/sv\/wp-json\/wp\/v2\/types\/product"}],"version-history":[{"count":0,"href":"https:\/\/toolhouse.fi\/sv\/wp-json\/wp\/v2\/product\/25191\/revisions"}],"wp:featuredmedia":[{"embeddable":true,"href":"https:\/\/toolhouse.fi\/sv\/wp-json\/wp\/v2\/media\/25199"}],"wp:attachment":[{"href":"https:\/\/toolhouse.fi\/sv\/wp-json\/wp\/v2\/media?parent=25191"}],"wp:term":[{"taxonomy":"product_cat","embeddable":true,"href":"https:\/\/toolhouse.fi\/sv\/wp-json\/wp\/v2\/product_cat?post=25191"},{"taxonomy":"product_tag","embeddable":true,"href":"https:\/\/toolhouse.fi\/sv\/wp-json\/wp\/v2\/product_tag?post=25191"}],"curies":[{"name":"wp","href":"https:\/\/api.w.org\/{rel}","templated":true}]}}