{"id":25207,"date":"2025-03-28T18:22:01","date_gmt":"2025-03-28T16:22:01","guid":{"rendered":"https:\/\/toolhouse.fi\/?post_type=product&#038;p=25207"},"modified":"2025-12-14T13:34:56","modified_gmt":"2025-12-14T11:34:56","slug":"verktyg-till-spannband-drivknut","status":"publish","type":"product","link":"https:\/\/toolhouse.fi\/sv\/produkt\/verktyg-till-spannband-drivknut\/","title":{"rendered":"Verktyg till sp\u00e4nnband drivknut"},"content":{"rendered":"","protected":false},"excerpt":{"rendered":"<p class=\"\" data-start=\"0\" data-end=\"88\">T\u00e5ng f\u00f6r att sp\u00e4nna och kapa klamrar p\u00e5 drivknutar.<\/p>\n<ul>\n<li data-start=\"92\" data-end=\"191\">Anpassad f\u00f6r \u00e5tdragning och upprullning av 1\/4&#8243; eller 3\/8&#8243; breda metallband p\u00e5 drivknutsdamasker.<\/li>\n<li data-start=\"194\" data-end=\"239\">Utrustad med funktion f\u00f6r kapning av bandet.<\/li>\n<li data-start=\"242\" data-end=\"278\">Tillverkad av h\u00f6gkvalitativt st\u00e5l och plastbelagt handtag.<\/li>\n<\/ul>\n","protected":false},"featured_media":25215,"template":"","meta":{"_acf_changed":false,"_seopress_robots_primary_cat":"none","_seopress_titles_title":"","_seopress_titles_desc":"","_seopress_robots_index":"","_seopress_analysis_target_kw":""},"product_cat":[585,21],"product_tag":[],"class_list":{"0":"post-25207","1":"product","2":"type-product","3":"status-publish","4":"has-post-thumbnail","6":"product_cat-verktyg-for-underrede-och-transmission","7":"product_cat-verkstadsutrustning","9":"first","10":"instock","11":"taxable","12":"shipping-taxable","13":"purchasable","14":"product-type-simple","swatches":"rey-swatches","show_selected":""},"acf":[],"_links":{"self":[{"href":"https:\/\/toolhouse.fi\/sv\/wp-json\/wp\/v2\/product\/25207","targetHints":{"allow":["GET"]}}],"collection":[{"href":"https:\/\/toolhouse.fi\/sv\/wp-json\/wp\/v2\/product"}],"about":[{"href":"https:\/\/toolhouse.fi\/sv\/wp-json\/wp\/v2\/types\/product"}],"version-history":[{"count":0,"href":"https:\/\/toolhouse.fi\/sv\/wp-json\/wp\/v2\/product\/25207\/revisions"}],"wp:featuredmedia":[{"embeddable":true,"href":"https:\/\/toolhouse.fi\/sv\/wp-json\/wp\/v2\/media\/25215"}],"wp:attachment":[{"href":"https:\/\/toolhouse.fi\/sv\/wp-json\/wp\/v2\/media?parent=25207"}],"wp:term":[{"taxonomy":"product_cat","embeddable":true,"href":"https:\/\/toolhouse.fi\/sv\/wp-json\/wp\/v2\/product_cat?post=25207"},{"taxonomy":"product_tag","embeddable":true,"href":"https:\/\/toolhouse.fi\/sv\/wp-json\/wp\/v2\/product_tag?post=25207"}],"curies":[{"name":"wp","href":"https:\/\/api.w.org\/{rel}","templated":true}]}}