{"id":25224,"date":"2025-03-28T18:44:56","date_gmt":"2025-03-28T16:44:56","guid":{"rendered":"https:\/\/toolhouse.fi\/?post_type=product&#038;p=25224"},"modified":"2025-12-31T14:25:55","modified_gmt":"2025-12-31T12:25:55","slug":"roterande-hardmetallfilar-6st","status":"publish","type":"product","link":"https:\/\/toolhouse.fi\/sv\/produkt\/roterande-hardmetallfilar-6st\/","title":{"rendered":"Roterande h\u00e5rdmetallfilar 6st"},"content":{"rendered":"","protected":false},"excerpt":{"rendered":"<h3 data-start=\"0\" data-end=\"272\">Set med mycket h\u00e5llbara roterande filar tillverkade av volframkarbid<\/h3>\n<ul>\n<li data-start=\"276\" data-end=\"405\">Anpassade f\u00f6r st\u00e5l \u2013 Tillverkade av slitstarkt volframkarbid, optimerade f\u00f6r bearbetning av h\u00e5rda material inklusive st\u00e5l.<\/li>\n<li data-start=\"408\" data-end=\"609\">M\u00e5ngsidiga former \u2013 Setet inneh\u00e5ller sf\u00e4riska, ovala, cylindriska, rundade cylindriska och koniska h\u00e5rdmetallfilar.<\/li>\n<li data-start=\"612\" data-end=\"791\">H\u00f6g h\u00e5llbarhet och prestanda \u2013 klarar h\u00f6ga varvtal (upp till 30 000 rpm) och \u00e4r ytterst h\u00e5llbara.<\/li>\n<\/ul>\n<h3 class=\"\" data-start=\"1042\" data-end=\"1073\">Tekniska specifikationer:<\/h3>\n<ul>\n<li data-start=\"1076\" data-end=\"1099\">Tillverkare: Geko<\/li>\n<li data-start=\"1102\" data-end=\"1142\">Anv\u00e4ndningsomr\u00e5de: St\u00e5lbearbetning<\/li>\n<li data-start=\"1145\" data-end=\"1169\">Antal fr\u00e4sar: 6 st<\/li>\n<li data-start=\"1172\" data-end=\"1253\">Fr\u00e4sformer: Sf\u00e4risk, oval, cylindrisk, rundad cylindrisk, konisk, spetsig<\/li>\n<li data-start=\"1256\" data-end=\"1281\">Skaftdiameter: 6 mm<\/li>\n<li data-start=\"1284\" data-end=\"1308\">F\u00e4ste: Cylindriskt<\/li>\n<li data-start=\"1311\" data-end=\"1341\">Material: Volframkarbid<\/li>\n<li data-start=\"1344\" data-end=\"1374\">Maxhastighet: 30 000 rpm<\/li>\n<li data-start=\"1377\" data-end=\"1413\">F\u00f6rpackning: Plastetui med l\u00e5s<\/li>\n<\/ul>\n","protected":false},"featured_media":25249,"template":"","meta":{"_acf_changed":false,"_seopress_robots_primary_cat":"none","_seopress_titles_title":"","_seopress_titles_desc":"","_seopress_robots_index":""},"product_cat":[598,349,599,21],"product_tag":[],"class_list":{"0":"post-25224","1":"product","2":"type-product","3":"status-publish","4":"has-post-thumbnail","6":"product_cat-metallbearbetning","7":"product_cat-ovrigt","8":"product_cat-tillbehor-metallbearbetning","9":"product_cat-verkstadsutrustning","11":"first","12":"instock","13":"taxable","14":"shipping-taxable","15":"purchasable","16":"product-type-simple","swatches":"rey-swatches","show_selected":""},"acf":[],"_links":{"self":[{"href":"https:\/\/toolhouse.fi\/sv\/wp-json\/wp\/v2\/product\/25224","targetHints":{"allow":["GET"]}}],"collection":[{"href":"https:\/\/toolhouse.fi\/sv\/wp-json\/wp\/v2\/product"}],"about":[{"href":"https:\/\/toolhouse.fi\/sv\/wp-json\/wp\/v2\/types\/product"}],"version-history":[{"count":5,"href":"https:\/\/toolhouse.fi\/sv\/wp-json\/wp\/v2\/product\/25224\/revisions"}],"predecessor-version":[{"id":25259,"href":"https:\/\/toolhouse.fi\/sv\/wp-json\/wp\/v2\/product\/25224\/revisions\/25259"}],"wp:featuredmedia":[{"embeddable":true,"href":"https:\/\/toolhouse.fi\/sv\/wp-json\/wp\/v2\/media\/25249"}],"wp:attachment":[{"href":"https:\/\/toolhouse.fi\/sv\/wp-json\/wp\/v2\/media?parent=25224"}],"wp:term":[{"taxonomy":"product_cat","embeddable":true,"href":"https:\/\/toolhouse.fi\/sv\/wp-json\/wp\/v2\/product_cat?post=25224"},{"taxonomy":"product_tag","embeddable":true,"href":"https:\/\/toolhouse.fi\/sv\/wp-json\/wp\/v2\/product_tag?post=25224"}],"curies":[{"name":"wp","href":"https:\/\/api.w.org\/{rel}","templated":true}]}}