{"id":25298,"date":"2025-03-29T14:46:21","date_gmt":"2025-03-29T12:46:21","guid":{"rendered":"https:\/\/toolhouse.fi\/?post_type=product&#038;p=25298"},"modified":"2025-04-14T09:10:45","modified_gmt":"2025-04-14T06:10:45","slug":"snabbtving-400x100mm","status":"publish","type":"product","link":"https:\/\/toolhouse.fi\/sv\/produkt\/snabbtving-400x100mm\/","title":{"rendered":"Snabbtving 400x100mm"},"content":{"rendered":"","protected":false},"excerpt":{"rendered":"<article class=\"w-full text-token-text-primary\" dir=\"auto\" data-testid=\"conversation-turn-640\" data-scroll-anchor=\"true\">\n<div class=\"text-base my-auto mx-auto py-5 px-6\">\n<div class=\"mx-auto flex flex-1 text-base gap-4 md:gap-5 lg:gap-6 md:max-w-3xl lg:max-w-[40rem] xl:max-w-[48rem] group\/turn-messages focus-visible:outline-none\" tabindex=\"-1\">\n<div class=\"group\/conversation-turn relative flex w-full min-w-0 flex-col agent-turn @xs\/thread:px-0 @sm\/thread:px-1.5 @md\/thread:px-4\">\n<div class=\"relative flex-col gap-1 md:gap-3\">\n<div class=\"flex max-w-full flex-col flex-grow\">\n<div class=\"min-h-8 text-message relative flex w-full flex-col items-end gap-2 whitespace-normal break-words text-start [.text-message+&amp;]:mt-5\" dir=\"auto\" data-message-author-role=\"assistant\" data-message-id=\"5f3b36ab-2620-40b6-bb17-ab247080c875\" data-message-model-slug=\"gpt-4o\">\n<div class=\"flex w-full flex-col gap-1 empty:hidden first:pt-[3px]\">\n<div class=\"markdown prose w-full break-words dark:prose-invert light\">\n<p class=\"\" data-start=\"0\" data-end=\"179\">Tvardy snabbtving i h\u00e5llbar smidd st\u00e5lkonstruktion med skyddande krombel\u00e4ggning samt plastskydd som skyddar k\u00e4nsliga ytor.<\/p>\n<p class=\"\" data-start=\"359\" data-end=\"555\">Stark kl\u00e4mkraft p\u00e5 500 kg samt sp\u00e4rrmekanism f\u00f6r enkel hantering.<\/p>\n<\/div>\n<\/div>\n<\/div>\n<\/div>\n<\/div>\n<div class=\"absolute\">\n<div class=\"flex items-center justify-center\"><\/div>\n<\/div>\n<\/div>\n<\/div>\n<\/div>\n<\/article>\n<ul>\n<li>M\u00e4rke: Tvardy<\/li>\n<li>Material: St\u00e5l<\/li>\n<li>Skyddande yta: Krombel\u00e4ggning<\/li>\n<li>Handtag: Aluminium<\/li>\n<li>Maximal \u00f6ppning: 400 mm<\/li>\n<li>Djup: 120 mm<\/li>\n<li>Skena: 9,5&#215;20 mm<\/li>\n<li>Presskraft: 500 kg<\/li>\n<li>Skyddsk\u00e5por: Plast<\/li>\n<li>Vikt:1,2 kg<\/li>\n<li>Utrustad med sp\u00e4rrmekanism<\/li>\n<\/ul>\n","protected":false},"featured_media":25310,"template":"","meta":{"_acf_changed":false,"_seopress_robots_primary_cat":"none","_seopress_titles_title":"","_seopress_titles_desc":"","_seopress_robots_index":""},"product_cat":[578,349,615,336],"product_tag":[],"class_list":{"0":"post-25298","1":"product","2":"type-product","3":"status-publish","4":"has-post-thumbnail","6":"product_cat-handverktyg","7":"product_cat-ovrigt","8":"product_cat-svetstillbehor","9":"product_cat-verktyg","11":"first","12":"instock","13":"taxable","14":"shipping-taxable","15":"purchasable","16":"product-type-simple","swatches":"rey-swatches","show_selected":""},"acf":[],"_links":{"self":[{"href":"https:\/\/toolhouse.fi\/sv\/wp-json\/wp\/v2\/product\/25298","targetHints":{"allow":["GET"]}}],"collection":[{"href":"https:\/\/toolhouse.fi\/sv\/wp-json\/wp\/v2\/product"}],"about":[{"href":"https:\/\/toolhouse.fi\/sv\/wp-json\/wp\/v2\/types\/product"}],"version-history":[{"count":0,"href":"https:\/\/toolhouse.fi\/sv\/wp-json\/wp\/v2\/product\/25298\/revisions"}],"wp:featuredmedia":[{"embeddable":true,"href":"https:\/\/toolhouse.fi\/sv\/wp-json\/wp\/v2\/media\/25310"}],"wp:attachment":[{"href":"https:\/\/toolhouse.fi\/sv\/wp-json\/wp\/v2\/media?parent=25298"}],"wp:term":[{"taxonomy":"product_cat","embeddable":true,"href":"https:\/\/toolhouse.fi\/sv\/wp-json\/wp\/v2\/product_cat?post=25298"},{"taxonomy":"product_tag","embeddable":true,"href":"https:\/\/toolhouse.fi\/sv\/wp-json\/wp\/v2\/product_tag?post=25298"}],"curies":[{"name":"wp","href":"https:\/\/api.w.org\/{rel}","templated":true}]}}