{"id":25442,"date":"2025-04-10T18:38:29","date_gmt":"2025-04-10T15:38:29","guid":{"rendered":"https:\/\/toolhouse.fi\/?post_type=product&#038;p=25442"},"modified":"2026-02-07T22:03:30","modified_gmt":"2026-02-07T20:03:30","slug":"laddningsbar-arbetslampa-led","status":"publish","type":"product","link":"https:\/\/toolhouse.fi\/sv\/produkt\/laddningsbar-arbetslampa-led\/","title":{"rendered":"Laddningsbar arbetslampa LED"},"content":{"rendered":"","protected":false},"excerpt":{"rendered":"<p class=\"\" data-start=\"40\" data-end=\"68\">Slagt\u00e5lig och kompakt, laddningsbar arbetslampa med magnetf\u00e4ste och upph\u00e4ngningskrok. Med 4 timmars batteritid och en ljusstyrka p\u00e5 450 lumen \u00e4r den ett utm\u00e4rkt val f\u00f6r alla typer av arbetsuppgifter \u2013 b\u00e5de i verkstaden och ute p\u00e5 f\u00e4ltet.<\/p>\n<p class=\"\" data-start=\"40\" data-end=\"68\"><strong data-start=\"40\" data-end=\"68\">Tekniska specifikationer<\/strong><\/p>\n<ul>\n<li data-start=\"70\" data-end=\"521\"><strong data-start=\"68\" data-end=\"82\">Ljusk\u00e4lla:<\/strong> 10W COB LED<\/li>\n<li data-start=\"70\" data-end=\"521\"><strong data-start=\"97\" data-end=\"111\" data-is-only-node=\"\">Ljusfl\u00f6de:<\/strong> 450 lm<\/li>\n<li data-start=\"70\" data-end=\"521\"><strong data-start=\"147\" data-end=\"168\">Batterikapacitet:<\/strong> 1800 mAh<\/li>\n<li data-start=\"70\" data-end=\"521\"><strong data-start=\"180\" data-end=\"193\">Drifttid:<\/strong> 4 timmar<\/li>\n<li data-start=\"70\" data-end=\"521\"><strong data-start=\"205\" data-end=\"226\">Arbetstemperatur:<\/strong> -45\u202f\u00b0C till 50\u202f\u00b0C<\/li>\n<li data-start=\"70\" data-end=\"521\"><strong data-start=\"247\" data-end=\"267\">Isolationsklass:<\/strong> IP44 (damm- och st\u00e4nkskyddad)<\/li>\n<li data-start=\"70\" data-end=\"521\"><strong data-start=\"300\" data-end=\"315\">Ljusvinkel:<\/strong> 120\u00b0<\/li>\n<li data-start=\"70\" data-end=\"521\"><strong data-start=\"323\" data-end=\"355\">F\u00e4rg\u00e5tergivningsindex (CRI):<\/strong> &gt;80 Ra<\/li>\n<li data-start=\"70\" data-end=\"521\"><strong data-start=\"365\" data-end=\"389\">Ljusstyrkereglering:<\/strong> Stegl\u00f6s<\/li>\n<li data-start=\"70\" data-end=\"521\"><strong data-start=\"400\" data-end=\"410\">F\u00e4ste:<\/strong> Magnetiskt, 360\u00b0 roterbart<\/li>\n<li data-start=\"70\" data-end=\"521\"><strong data-start=\"440\" data-end=\"458\">Extra handtag:<\/strong> Upph\u00e4ngningskrok<\/li>\n<li data-start=\"70\" data-end=\"521\"><strong data-start=\"478\" data-end=\"491\">Laddning:<\/strong> micro-USB, laddningskabel ing\u00e5r<\/li>\n<li data-start=\"70\" data-end=\"521\"><strong data-start=\"504\" data-end=\"513\">M\u00e5tt:<\/strong> 37,5 x 3,5 x 2,6 cm<\/li>\n<\/ul>\n","protected":false},"featured_media":25451,"template":"","meta":{"_acf_changed":false,"_seopress_robots_primary_cat":"none","_seopress_titles_title":"","_seopress_titles_desc":"","_seopress_robots_index":""},"product_cat":[338,578,349,21],"product_tag":[],"class_list":{"0":"post-25442","1":"product","2":"type-product","3":"status-publish","4":"has-post-thumbnail","6":"product_cat-fordonsverktyg","7":"product_cat-handverktyg","8":"product_cat-ovrigt","9":"product_cat-verkstadsutrustning","11":"first","12":"instock","13":"taxable","14":"shipping-taxable","15":"purchasable","16":"product-type-simple","swatches":"rey-swatches","show_selected":""},"acf":[],"_links":{"self":[{"href":"https:\/\/toolhouse.fi\/sv\/wp-json\/wp\/v2\/product\/25442","targetHints":{"allow":["GET"]}}],"collection":[{"href":"https:\/\/toolhouse.fi\/sv\/wp-json\/wp\/v2\/product"}],"about":[{"href":"https:\/\/toolhouse.fi\/sv\/wp-json\/wp\/v2\/types\/product"}],"version-history":[{"count":1,"href":"https:\/\/toolhouse.fi\/sv\/wp-json\/wp\/v2\/product\/25442\/revisions"}],"predecessor-version":[{"id":25445,"href":"https:\/\/toolhouse.fi\/sv\/wp-json\/wp\/v2\/product\/25442\/revisions\/25445"}],"wp:featuredmedia":[{"embeddable":true,"href":"https:\/\/toolhouse.fi\/sv\/wp-json\/wp\/v2\/media\/25451"}],"wp:attachment":[{"href":"https:\/\/toolhouse.fi\/sv\/wp-json\/wp\/v2\/media?parent=25442"}],"wp:term":[{"taxonomy":"product_cat","embeddable":true,"href":"https:\/\/toolhouse.fi\/sv\/wp-json\/wp\/v2\/product_cat?post=25442"},{"taxonomy":"product_tag","embeddable":true,"href":"https:\/\/toolhouse.fi\/sv\/wp-json\/wp\/v2\/product_tag?post=25442"}],"curies":[{"name":"wp","href":"https:\/\/api.w.org\/{rel}","templated":true}]}}