{"id":25466,"date":"2025-04-11T10:43:15","date_gmt":"2025-04-11T07:43:15","guid":{"rendered":"https:\/\/toolhouse.fi\/?post_type=product&#038;p=25466"},"modified":"2026-01-12T16:57:07","modified_gmt":"2026-01-12T14:57:07","slug":"klamtangsats-rak","status":"publish","type":"product","link":"https:\/\/toolhouse.fi\/sv\/produkt\/klamtangsats-rak\/","title":{"rendered":"Kl\u00e4mt\u00e5ngsats rak"},"content":{"rendered":"","protected":false},"excerpt":{"rendered":"<p>F\u00f6r slangar upp till 63 mm i diameter. T\u00e4ngerna kan anv\u00e4ndas f\u00f6r att f\u00f6rhindra att v\u00e4tskor rinner ut fr\u00e5n kylarslangar, bromsledningar m.m.<\/p>\n<p>&nbsp;<\/p>\n<p><strong>Inneh\u00e5ll:<\/strong><\/p>\n<ul>\n<li data-start=\"0\" data-end=\"107\">Kort kl\u00e4mmt\u00e5ng: 160 mm 3\u201320 mm<\/li>\n<li data-start=\"0\" data-end=\"107\">Mellanstor kl\u00e4mmt\u00e5ng: 190 mm 3\u201335 mm<\/li>\n<li data-start=\"0\" data-end=\"107\">L\u00e5ng kl\u00e4mmt\u00e5ng: 255 mm 3\u201363 mm<\/li>\n<\/ul>\n<p class=\"\" data-start=\"109\" data-end=\"130\">Tillverkade av nylon.<\/p>\n","protected":false},"featured_media":25478,"template":"","meta":{"_acf_changed":false,"_seopress_robots_primary_cat":"none","_seopress_titles_title":"","_seopress_titles_desc":"","_seopress_robots_index":""},"product_cat":[584,338,582,349,21],"product_tag":[],"class_list":{"0":"post-25466","1":"product","2":"type-product","3":"status-publish","4":"has-post-thumbnail","6":"product_cat-bromsverktyg","7":"product_cat-fordonsverktyg","8":"product_cat-motorverktyg","9":"product_cat-ovrigt","10":"product_cat-verkstadsutrustning","12":"first","13":"instock","14":"taxable","15":"shipping-taxable","16":"purchasable","17":"product-type-simple","swatches":"rey-swatches","show_selected":""},"acf":[],"_links":{"self":[{"href":"https:\/\/toolhouse.fi\/sv\/wp-json\/wp\/v2\/product\/25466","targetHints":{"allow":["GET"]}}],"collection":[{"href":"https:\/\/toolhouse.fi\/sv\/wp-json\/wp\/v2\/product"}],"about":[{"href":"https:\/\/toolhouse.fi\/sv\/wp-json\/wp\/v2\/types\/product"}],"version-history":[{"count":1,"href":"https:\/\/toolhouse.fi\/sv\/wp-json\/wp\/v2\/product\/25466\/revisions"}],"predecessor-version":[{"id":25469,"href":"https:\/\/toolhouse.fi\/sv\/wp-json\/wp\/v2\/product\/25466\/revisions\/25469"}],"wp:featuredmedia":[{"embeddable":true,"href":"https:\/\/toolhouse.fi\/sv\/wp-json\/wp\/v2\/media\/25478"}],"wp:attachment":[{"href":"https:\/\/toolhouse.fi\/sv\/wp-json\/wp\/v2\/media?parent=25466"}],"wp:term":[{"taxonomy":"product_cat","embeddable":true,"href":"https:\/\/toolhouse.fi\/sv\/wp-json\/wp\/v2\/product_cat?post=25466"},{"taxonomy":"product_tag","embeddable":true,"href":"https:\/\/toolhouse.fi\/sv\/wp-json\/wp\/v2\/product_tag?post=25466"}],"curies":[{"name":"wp","href":"https:\/\/api.w.org\/{rel}","templated":true}]}}