{"id":25566,"date":"2025-04-16T15:55:10","date_gmt":"2025-04-16T12:55:10","guid":{"rendered":"https:\/\/toolhouse.fi\/?post_type=product&#038;p=25566"},"modified":"2025-11-19T14:08:06","modified_gmt":"2025-11-19T12:08:06","slug":"borste-med-slang-till-smadelstvatt","status":"publish","type":"product","link":"https:\/\/toolhouse.fi\/sv\/produkt\/borste-med-slang-till-smadelstvatt\/","title":{"rendered":"Borste med slang till sm\u00e5delstv\u00e4tt"},"content":{"rendered":"","protected":false},"excerpt":{"rendered":"<p>Beh\u00e4ndigt tillbeh\u00f6r till sm\u00e5delstv\u00e4ttar.<\/p>\n<p>&nbsp;<\/p>\n<ul>\n<li>Borstdiameter: 38 mm<\/li>\n<li>Slangdiameter: 16 mm<\/li>\n<li>Total l\u00e4ngd: 940 mm<\/li>\n<li>Slangl\u00e4ngd: 680 mm<\/li>\n<\/ul>\n","protected":false},"featured_media":25569,"template":"","meta":{"_acf_changed":false,"_seopress_robots_primary_cat":"none","_seopress_titles_title":"","_seopress_titles_desc":"","_seopress_robots_index":""},"product_cat":[334,21],"product_tag":[],"class_list":{"0":"post-25566","1":"product","2":"type-product","3":"status-publish","4":"has-post-thumbnail","6":"product_cat-verkstadstvatt","7":"product_cat-verkstadsutrustning","9":"first","10":"instock","11":"taxable","12":"shipping-taxable","13":"purchasable","14":"product-type-simple","swatches":"rey-swatches","show_selected":""},"acf":[],"_links":{"self":[{"href":"https:\/\/toolhouse.fi\/sv\/wp-json\/wp\/v2\/product\/25566","targetHints":{"allow":["GET"]}}],"collection":[{"href":"https:\/\/toolhouse.fi\/sv\/wp-json\/wp\/v2\/product"}],"about":[{"href":"https:\/\/toolhouse.fi\/sv\/wp-json\/wp\/v2\/types\/product"}],"version-history":[{"count":2,"href":"https:\/\/toolhouse.fi\/sv\/wp-json\/wp\/v2\/product\/25566\/revisions"}],"predecessor-version":[{"id":25572,"href":"https:\/\/toolhouse.fi\/sv\/wp-json\/wp\/v2\/product\/25566\/revisions\/25572"}],"wp:featuredmedia":[{"embeddable":true,"href":"https:\/\/toolhouse.fi\/sv\/wp-json\/wp\/v2\/media\/25569"}],"wp:attachment":[{"href":"https:\/\/toolhouse.fi\/sv\/wp-json\/wp\/v2\/media?parent=25566"}],"wp:term":[{"taxonomy":"product_cat","embeddable":true,"href":"https:\/\/toolhouse.fi\/sv\/wp-json\/wp\/v2\/product_cat?post=25566"},{"taxonomy":"product_tag","embeddable":true,"href":"https:\/\/toolhouse.fi\/sv\/wp-json\/wp\/v2\/product_tag?post=25566"}],"curies":[{"name":"wp","href":"https:\/\/api.w.org\/{rel}","templated":true}]}}