{"id":25608,"date":"2025-04-17T17:07:25","date_gmt":"2025-04-17T14:07:25","guid":{"rendered":"https:\/\/toolhouse.fi\/?post_type=product&#038;p=25608"},"modified":"2025-07-23T21:27:54","modified_gmt":"2025-07-23T18:27:54","slug":"hylsadaptersats-6st","status":"publish","type":"product","link":"https:\/\/toolhouse.fi\/sv\/produkt\/hylsadaptersats-6st\/","title":{"rendered":"Hylsadaptersats 6st"},"content":{"rendered":"","protected":false},"excerpt":{"rendered":"<p>Geko hylsadaptrar till skruvdragare, inneh\u00e5ller b\u00e5de l\u00e5nga och korta adaptrar<\/p>\n<p>Alla adaptrar har 1\/4\u201d sexkantsf\u00e4ste<\/p>\n<p>Inneh\u00e5ll:<\/p>\n<ul>\n<li>1\/4&#8243;\u2013 50 mm<\/li>\n<li>3\/8&#8243;\u2013 50 mm<\/li>\n<li>1\/2&#8243; \u2013 50 mm<\/li>\n<li>1\/4&#8243;\u2013 150 mm<\/li>\n<li>3\/8&#8243;\u2013 150 mm<\/li>\n<li>1\/2&#8243; \u2013 150 mm<\/li>\n<\/ul>\n<p>Material: h\u00e4rdat krom-vanadiumst\u00e5l (CR-V)<\/p>\n<p>Tillverkare: Geko<\/p>\n","protected":false},"featured_media":25625,"template":"","meta":{"_acf_changed":false,"_seopress_robots_primary_cat":"none","_seopress_titles_title":"","_seopress_titles_desc":"","_seopress_robots_index":""},"product_cat":[581,349,336,21],"product_tag":[],"class_list":{"0":"post-25608","1":"product","2":"type-product","3":"status-publish","4":"has-post-thumbnail","6":"product_cat-hylsverktyg-och-vridverktyg","7":"product_cat-ovrigt","8":"product_cat-verktyg","9":"product_cat-verkstadsutrustning","11":"first","12":"instock","13":"taxable","14":"shipping-taxable","15":"purchasable","16":"product-type-simple","swatches":"rey-swatches","show_selected":""},"acf":[],"_links":{"self":[{"href":"https:\/\/toolhouse.fi\/sv\/wp-json\/wp\/v2\/product\/25608","targetHints":{"allow":["GET"]}}],"collection":[{"href":"https:\/\/toolhouse.fi\/sv\/wp-json\/wp\/v2\/product"}],"about":[{"href":"https:\/\/toolhouse.fi\/sv\/wp-json\/wp\/v2\/types\/product"}],"version-history":[{"count":1,"href":"https:\/\/toolhouse.fi\/sv\/wp-json\/wp\/v2\/product\/25608\/revisions"}],"predecessor-version":[{"id":25619,"href":"https:\/\/toolhouse.fi\/sv\/wp-json\/wp\/v2\/product\/25608\/revisions\/25619"}],"wp:featuredmedia":[{"embeddable":true,"href":"https:\/\/toolhouse.fi\/sv\/wp-json\/wp\/v2\/media\/25625"}],"wp:attachment":[{"href":"https:\/\/toolhouse.fi\/sv\/wp-json\/wp\/v2\/media?parent=25608"}],"wp:term":[{"taxonomy":"product_cat","embeddable":true,"href":"https:\/\/toolhouse.fi\/sv\/wp-json\/wp\/v2\/product_cat?post=25608"},{"taxonomy":"product_tag","embeddable":true,"href":"https:\/\/toolhouse.fi\/sv\/wp-json\/wp\/v2\/product_tag?post=25608"}],"curies":[{"name":"wp","href":"https:\/\/api.w.org\/{rel}","templated":true}]}}