{"id":25631,"date":"2025-04-17T18:09:52","date_gmt":"2025-04-17T15:09:52","guid":{"rendered":"https:\/\/toolhouse.fi\/?post_type=product&#038;p=25631"},"modified":"2026-05-07T14:08:47","modified_gmt":"2026-05-07T11:08:47","slug":"automatisk-kornare","status":"publish","type":"product","link":"https:\/\/toolhouse.fi\/sv\/produkt\/automatisk-kornare\/","title":{"rendered":"Automatisk k\u00f6rnare"},"content":{"rendered":"","protected":false},"excerpt":{"rendered":"<p>Automatk\u00f6rnare med r\u00e4fflat handtag<\/p>\n<p>&nbsp;<\/p>\n<p>L\u00e4ngd: 125 mm<\/p>\n<p>Tillverkare: Tvardy<\/p>\n","protected":false},"featured_media":25634,"template":"","meta":{"_acf_changed":false,"_seopress_robots_primary_cat":"none","_seopress_titles_title":"","_seopress_titles_desc":"","_seopress_robots_index":""},"product_cat":[598,349,255,55,21],"product_tag":[],"class_list":{"0":"post-25631","1":"product","2":"type-product","3":"status-publish","4":"has-post-thumbnail","6":"product_cat-metallbearbetning","7":"product_cat-ovrigt","8":"product_cat-pelarborrmaskiner","9":"product_cat-svets-metallarbete","10":"product_cat-verkstadsutrustning","12":"first","13":"instock","14":"taxable","15":"shipping-taxable","16":"purchasable","17":"product-type-simple","swatches":"rey-swatches","show_selected":""},"acf":[],"_links":{"self":[{"href":"https:\/\/toolhouse.fi\/sv\/wp-json\/wp\/v2\/product\/25631","targetHints":{"allow":["GET"]}}],"collection":[{"href":"https:\/\/toolhouse.fi\/sv\/wp-json\/wp\/v2\/product"}],"about":[{"href":"https:\/\/toolhouse.fi\/sv\/wp-json\/wp\/v2\/types\/product"}],"version-history":[{"count":1,"href":"https:\/\/toolhouse.fi\/sv\/wp-json\/wp\/v2\/product\/25631\/revisions"}],"predecessor-version":[{"id":32847,"href":"https:\/\/toolhouse.fi\/sv\/wp-json\/wp\/v2\/product\/25631\/revisions\/32847"}],"wp:featuredmedia":[{"embeddable":true,"href":"https:\/\/toolhouse.fi\/sv\/wp-json\/wp\/v2\/media\/25634"}],"wp:attachment":[{"href":"https:\/\/toolhouse.fi\/sv\/wp-json\/wp\/v2\/media?parent=25631"}],"wp:term":[{"taxonomy":"product_cat","embeddable":true,"href":"https:\/\/toolhouse.fi\/sv\/wp-json\/wp\/v2\/product_cat?post=25631"},{"taxonomy":"product_tag","embeddable":true,"href":"https:\/\/toolhouse.fi\/sv\/wp-json\/wp\/v2\/product_tag?post=25631"}],"curies":[{"name":"wp","href":"https:\/\/api.w.org\/{rel}","templated":true}]}}