{"id":25704,"date":"2025-04-24T15:38:46","date_gmt":"2025-04-24T12:38:46","guid":{"rendered":"https:\/\/toolhouse.fi\/?post_type=product&#038;p=25704"},"modified":"2025-04-29T11:53:35","modified_gmt":"2025-04-29T08:53:35","slug":"dubbelsidigt-mattband-med-magnet-8m","status":"publish","type":"product","link":"https:\/\/toolhouse.fi\/sv\/produkt\/dubbelsidigt-mattband-med-magnet-8m\/","title":{"rendered":"Dubbelsidigt m\u00e5ttband med magnet 8M"},"content":{"rendered":"","protected":false},"excerpt":{"rendered":"<p class=\"\" data-start=\"37\" data-end=\"165\"><strong>Tvardy dubbelsidigt m\u00e5ttband med magnet och autostopp \u2013 8 m \/ 25 mm, Klass 1 noggrannhet.<\/strong><\/p>\n<p class=\"\" data-start=\"253\" data-end=\"567\">M\u00e5ttband som \u00e4r designat f\u00f6r dig som kr\u00e4ver b\u00e5de noggrannhet och anv\u00e4ndarv\u00e4nlighet. Med dubbelsidig skala, autostoppfunktion och stark magnet blir m\u00e4tarbetet snabbt, smidigt och exakt. Perfekt \u00e4ven f\u00f6r m\u00e4tningar d\u00e4r du bara har en hand fri!<\/p>\n<p class=\"\" data-start=\"597\" data-end=\"622\"><strong data-start=\"600\" data-end=\"622\">Produktegenskaper:<\/strong><\/p>\n<ul>\n<li data-start=\"626\" data-end=\"742\"><strong data-start=\"626\" data-end=\"647\">2-sidig skala<\/strong> \u2013 avl\u00e4s l\u00e4ngder bekv\u00e4mt fr\u00e5n b\u00e5da sidor av m\u00e5ttbandet, vilket g\u00f6r jobbet snabbare och enklare.<\/li>\n<li data-start=\"745\" data-end=\"842\"><strong data-start=\"745\" data-end=\"767\">Auto-stop funktion<\/strong> \u2013 bandet l\u00e5ses automatiskt vid utdragning f\u00f6r bekv\u00e4m och effektiv m\u00e4tning.<\/li>\n<li data-start=\"845\" data-end=\"956\"><strong data-start=\"845\" data-end=\"864\">Magnetisk spets<\/strong> \u2013 stark magnet i \u00e4nden g\u00f6r det l\u00e4ttare att m\u00e4ta p\u00e5 metalliska ytor och ger \u00f6kad stabilitet.<\/li>\n<li data-start=\"959\" data-end=\"1032\"><strong data-start=\"959\" data-end=\"986\">L\u00e4ngd 8 m \/ bredd 25 mm<\/strong> \u2013 tydligt och stabilt \u00e4ven p\u00e5 l\u00e5nga m\u00e4tobjekt.<\/li>\n<li data-start=\"959\" data-end=\"1032\"><strong>Nylon-ytbehandling <\/strong>\u2013 f\u00f6rhindrar reflektioner och ger l\u00e5ng livsl\u00e4ngd<\/li>\n<li data-start=\"1035\" data-end=\"1134\"><strong data-start=\"1035\" data-end=\"1060\">Noggrannhet i klass 1<\/strong> \u2013 h\u00f6gsta precisionsstandard enligt europeiska normer.<\/li>\n<li data-start=\"1137\" data-end=\"1208\"><strong data-start=\"1137\" data-end=\"1155\">Gummerat h\u00f6lje<\/strong> \u2013 st\u00f6tt\u00e5ligt och greppv\u00e4nligt skal som h\u00e5ller l\u00e4nge.<\/li>\n<li data-start=\"1211\" data-end=\"1279\"><strong data-start=\"1211\" data-end=\"1225\">St\u00e5lkl\u00e4mma<\/strong> \u2013 f\u00e4st enkelt i b\u00e4lte eller ficka f\u00f6r \u00f6kad r\u00f6rlighet.<\/li>\n<li data-start=\"1282\" data-end=\"1343\"><strong data-start=\"1282\" data-end=\"1297\">Handledsrem<\/strong> \u2013 extra s\u00e4kerhet och bekv\u00e4mlighet vid arbete.<\/li>\n<\/ul>\n<p>Tillverkare: Tvardy<\/p>\n","protected":false},"featured_media":25745,"template":"","meta":{"_acf_changed":false,"_seopress_robots_primary_cat":"none","_seopress_titles_title":"","_seopress_titles_desc":"","_seopress_robots_index":""},"product_cat":[577,336,21],"product_tag":[],"class_list":{"0":"post-25704","1":"product","2":"type-product","3":"status-publish","4":"has-post-thumbnail","6":"product_cat-matverktyg","7":"product_cat-verktyg","8":"product_cat-verkstadsutrustning","10":"first","11":"instock","12":"taxable","13":"shipping-taxable","14":"purchasable","15":"product-type-simple","swatches":"rey-swatches","show_selected":""},"acf":[],"_links":{"self":[{"href":"https:\/\/toolhouse.fi\/sv\/wp-json\/wp\/v2\/product\/25704","targetHints":{"allow":["GET"]}}],"collection":[{"href":"https:\/\/toolhouse.fi\/sv\/wp-json\/wp\/v2\/product"}],"about":[{"href":"https:\/\/toolhouse.fi\/sv\/wp-json\/wp\/v2\/types\/product"}],"version-history":[{"count":3,"href":"https:\/\/toolhouse.fi\/sv\/wp-json\/wp\/v2\/product\/25704\/revisions"}],"predecessor-version":[{"id":25713,"href":"https:\/\/toolhouse.fi\/sv\/wp-json\/wp\/v2\/product\/25704\/revisions\/25713"}],"wp:featuredmedia":[{"embeddable":true,"href":"https:\/\/toolhouse.fi\/sv\/wp-json\/wp\/v2\/media\/25745"}],"wp:attachment":[{"href":"https:\/\/toolhouse.fi\/sv\/wp-json\/wp\/v2\/media?parent=25704"}],"wp:term":[{"taxonomy":"product_cat","embeddable":true,"href":"https:\/\/toolhouse.fi\/sv\/wp-json\/wp\/v2\/product_cat?post=25704"},{"taxonomy":"product_tag","embeddable":true,"href":"https:\/\/toolhouse.fi\/sv\/wp-json\/wp\/v2\/product_tag?post=25704"}],"curies":[{"name":"wp","href":"https:\/\/api.w.org\/{rel}","templated":true}]}}