{"id":25789,"date":"2025-04-29T12:51:23","date_gmt":"2025-04-29T09:51:23","guid":{"rendered":"https:\/\/toolhouse.fi\/?post_type=product&#038;p=25789"},"modified":"2025-04-29T13:04:00","modified_gmt":"2025-04-29T10:04:00","slug":"blad-till-dackskarare-prema-r3","status":"publish","type":"product","link":"https:\/\/toolhouse.fi\/sv\/produkt\/blad-till-dackskarare-prema-r3\/","title":{"rendered":"Blad till d\u00e4cksk\u00e4rare prema R3"},"content":{"rendered":"","protected":false},"excerpt":{"rendered":"<p>Originalblad till Ruff Rillfit six och Ruff Prema cutter 300.<\/p>\n<p>Blad av h\u00f6gsta kvalitet och med l\u00e5ng livsl\u00e4ngd.<\/p>\n<ul>\n<li>Tillverkade i tyskland.<\/li>\n<li>Inneh\u00e5ller 20 st blad<\/li>\n<li>Tillverkare: Ruff<\/li>\n<\/ul>\n","protected":false},"featured_media":25791,"template":"","meta":{"_acf_changed":false,"_seopress_robots_primary_cat":"none","_seopress_titles_title":"","_seopress_titles_desc":"","_seopress_robots_index":""},"product_cat":[18,299],"product_tag":[],"class_list":{"0":"post-25789","1":"product","2":"type-product","3":"status-publish","4":"has-post-thumbnail","6":"product_cat-dackarbete","7":"product_cat-dacksskarare","9":"first","10":"instock","11":"taxable","12":"shipping-taxable","13":"purchasable","14":"product-type-simple","swatches":"rey-swatches","show_selected":""},"acf":[],"_links":{"self":[{"href":"https:\/\/toolhouse.fi\/sv\/wp-json\/wp\/v2\/product\/25789","targetHints":{"allow":["GET"]}}],"collection":[{"href":"https:\/\/toolhouse.fi\/sv\/wp-json\/wp\/v2\/product"}],"about":[{"href":"https:\/\/toolhouse.fi\/sv\/wp-json\/wp\/v2\/types\/product"}],"version-history":[{"count":0,"href":"https:\/\/toolhouse.fi\/sv\/wp-json\/wp\/v2\/product\/25789\/revisions"}],"wp:featuredmedia":[{"embeddable":true,"href":"https:\/\/toolhouse.fi\/sv\/wp-json\/wp\/v2\/media\/25791"}],"wp:attachment":[{"href":"https:\/\/toolhouse.fi\/sv\/wp-json\/wp\/v2\/media?parent=25789"}],"wp:term":[{"taxonomy":"product_cat","embeddable":true,"href":"https:\/\/toolhouse.fi\/sv\/wp-json\/wp\/v2\/product_cat?post=25789"},{"taxonomy":"product_tag","embeddable":true,"href":"https:\/\/toolhouse.fi\/sv\/wp-json\/wp\/v2\/product_tag?post=25789"}],"curies":[{"name":"wp","href":"https:\/\/api.w.org\/{rel}","templated":true}]}}