{"id":25858,"date":"2025-05-06T11:03:02","date_gmt":"2025-05-06T08:03:02","guid":{"rendered":"https:\/\/toolhouse.fi\/?post_type=product&#038;p=25858"},"modified":"2025-12-20T13:14:39","modified_gmt":"2025-12-20T11:14:39","slug":"px-700-quad-mc-atv-lyft","status":"publish","type":"product","link":"https:\/\/toolhouse.fi\/sv\/produkt\/px-700-quad-mc-atv-lyft\/","title":{"rendered":"PX-700 QUAD. Mc \/ Atv lyft,"},"content":{"rendered":"<table width=\"667\">\n<tbody>\n<tr>\n<td width=\"346\">Modell<\/td>\n<td colspan=\"2\" width=\"321\">PX-700<\/td>\n<\/tr>\n<tr>\n<td width=\"346\">Lyftkapacitet<\/td>\n<td colspan=\"2\" width=\"321\">700 kg<\/td>\n<\/tr>\n<tr>\n<td width=\"346\">Maximal\u00a0 lyfth\u00f6jd<\/td>\n<td colspan=\"2\" width=\"321\">1050 mm<\/td>\n<\/tr>\n<tr>\n<td width=\"346\">Lyft \/ s\u00e4nktid<\/td>\n<td colspan=\"2\" width=\"321\">ca 30 sek<\/td>\n<\/tr>\n<tr>\n<td width=\"346\">L\u00e4gsta h\u00f6jd<\/td>\n<td colspan=\"2\" width=\"321\">210 mm<\/td>\n<\/tr>\n<tr>\n<td width=\"346\">Bredd<\/td>\n<td colspan=\"2\" width=\"321\">750-1450 mm<\/td>\n<\/tr>\n<tr>\n<td width=\"346\">L\u00e4ngd<\/td>\n<td colspan=\"2\" width=\"321\">2200 mm<\/td>\n<\/tr>\n<tr>\n<td width=\"346\"><\/td>\n<td colspan=\"2\" width=\"321\"><\/td>\n<\/tr>\n<tr>\n<td width=\"346\">Str\u00f6mk\u00e4lla<\/td>\n<td colspan=\"2\" width=\"321\">230 v<\/td>\n<\/tr>\n<tr>\n<td width=\"346\">Motoreffekt<\/td>\n<td colspan=\"2\" width=\"321\">0,75 kW<\/td>\n<\/tr>\n<tr>\n<td width=\"346\">Ce m\u00e4rkt:<\/p>\n<p>Garanti:<\/td>\n<td colspan=\"2\" width=\"321\">Ja<\/p>\n<p>12 M\u00e5nader<\/td>\n<\/tr>\n<tr>\n<td width=\"346\">Bullerniv\u00e5<\/td>\n<td colspan=\"2\" width=\"321\">\u226470 dB(A)<\/td>\n<\/tr>\n<tr>\n<td width=\"346\">Nettovikt<\/td>\n<td colspan=\"2\" width=\"321\">295 kg<\/td>\n<\/tr>\n<\/tbody>\n<\/table>\n","protected":false},"excerpt":{"rendered":"<p class=\"\" data-start=\"47\" data-end=\"163\"><strong data-start=\"47\" data-end=\"88\">Hydraulisk motorcykellyft PX-700 QUAD<\/strong><\/p>\n<p class=\"\" data-start=\"47\" data-end=\"163\">PX-700 QUAD \u00e4r en kraftfull och professionell lyft med elhydraulisk drift (230 V) och en rej\u00e4l lyfth\u00f6jd p\u00e5 105 cm. Perfekt f\u00f6r dig som jobbar med motorcyklar, fyrhjulingar, UTV-fordon och liknande. Px-700 \u00e4r utrustad med s\u00e4kerhetsl\u00e5s, hjulst\u00f6d och halkfri yta f\u00f6r trygg anv\u00e4ndning.<\/p>\n<ul>\n<li>Designad f\u00f6r tv\u00e5-, tre- och fyrhjuliga fordon.<\/li>\n<li data-start=\"478\" data-end=\"545\">Elhydraulisk drift, 230 V<\/li>\n<li data-start=\"548\" data-end=\"631\">Max lyftkapacitet: 700 kg<\/li>\n<li data-start=\"634\" data-end=\"700\">Lyfth\u00f6jd: 210\u20131050 mm<\/li>\n<li data-start=\"703\" data-end=\"778\">Tre uppk\u00f6rningsramper<\/li>\n<li data-start=\"703\" data-end=\"778\">Lucka f\u00f6r bakhjul(32x60cm)<\/li>\n<li data-start=\"703\" data-end=\"778\">Lucka f\u00f6r framhjul(32x60cm)<\/li>\n<li data-start=\"781\" data-end=\"863\">Halkfri plattform samt hjulst\u00f6d f\u00f6r framhjulet<\/li>\n<li data-start=\"866\" data-end=\"932\">S\u00e4kringsh\u00e5l f\u00f6r sp\u00e4nnband<\/li>\n<li data-start=\"935\" data-end=\"1013\">Fyra 360\u00b0 sv\u00e4ngbara hjul med l\u00e5s<\/li>\n<li data-start=\"1016\" data-end=\"1083\">S\u00e4kerhetsl\u00e5s \u2013 f\u00f6r trygg anv\u00e4ndning.<\/li>\n<li data-start=\"1086\" data-end=\"1155\">Fj\u00e4rrkontroll med magnetf\u00e4ste samt upph\u00e4ngningskrok<\/li>\n<li data-start=\"1158\" data-end=\"1209\">Pulverlackerad yta<\/li>\n<\/ul>\n<p class=\"\" data-start=\"1001\" data-end=\"1019\">\n","protected":false},"featured_media":25933,"template":"","meta":{"_acf_changed":false,"_seopress_robots_primary_cat":"none","_seopress_titles_title":"","_seopress_titles_desc":"","_seopress_robots_index":"","_seopress_analysis_target_kw":""},"product_cat":[458,20,280],"product_tag":[],"class_list":{"0":"post-25858","1":"product","2":"type-product","3":"status-publish","4":"has-post-thumbnail","6":"product_cat-fordonslyftar","7":"product_cat-lyftteknik","8":"product_cat-saxlyft-laglyft","10":"first","11":"outofstock","12":"taxable","13":"shipping-taxable","14":"purchasable","15":"product-type-simple","swatches":"rey-swatches","show_selected":""},"acf":[],"_links":{"self":[{"href":"https:\/\/toolhouse.fi\/sv\/wp-json\/wp\/v2\/product\/25858","targetHints":{"allow":["GET"]}}],"collection":[{"href":"https:\/\/toolhouse.fi\/sv\/wp-json\/wp\/v2\/product"}],"about":[{"href":"https:\/\/toolhouse.fi\/sv\/wp-json\/wp\/v2\/types\/product"}],"version-history":[{"count":0,"href":"https:\/\/toolhouse.fi\/sv\/wp-json\/wp\/v2\/product\/25858\/revisions"}],"wp:featuredmedia":[{"embeddable":true,"href":"https:\/\/toolhouse.fi\/sv\/wp-json\/wp\/v2\/media\/25933"}],"wp:attachment":[{"href":"https:\/\/toolhouse.fi\/sv\/wp-json\/wp\/v2\/media?parent=25858"}],"wp:term":[{"taxonomy":"product_cat","embeddable":true,"href":"https:\/\/toolhouse.fi\/sv\/wp-json\/wp\/v2\/product_cat?post=25858"},{"taxonomy":"product_tag","embeddable":true,"href":"https:\/\/toolhouse.fi\/sv\/wp-json\/wp\/v2\/product_tag?post=25858"}],"curies":[{"name":"wp","href":"https:\/\/api.w.org\/{rel}","templated":true}]}}