{"id":26062,"date":"2025-05-20T14:05:11","date_gmt":"2025-05-20T11:05:11","guid":{"rendered":"https:\/\/toolhouse.fi\/?post_type=product&#038;p=26062"},"modified":"2025-06-09T16:43:13","modified_gmt":"2025-06-09T13:43:13","slug":"monteringshuvud-invento-komposit","status":"publish","type":"product","link":"https:\/\/toolhouse.fi\/sv\/produkt\/monteringshuvud-invento-komposit\/","title":{"rendered":"Monteringshuvud Invento komposit"},"content":{"rendered":"","protected":false},"excerpt":{"rendered":"<p>Monteringshuvud i kompositplast som\u00a0f\u00f6rhindrar skador p\u00e5 tex aluf\u00e4lgar.<\/p>\n<ul>\n<li>Monteringsh\u00e5l: 28 mm.<\/li>\n<li>L\u00e4ngd: 202 mm<\/li>\n<li>H\u00f6jd: 78 \/ 100 mm<\/li>\n<\/ul>\n<p>Passar till:<\/p>\n<ul>\n<li>Invento TCS 521 SA<\/li>\n<li>Invento TCS 524 2V HA<\/li>\n<li>Maskiner med 28mm monteringsh\u00e5l<\/li>\n<\/ul>\n","protected":false},"featured_media":26076,"template":"","meta":{"_acf_changed":false,"_seopress_robots_primary_cat":"none","_seopress_titles_title":"","_seopress_titles_desc":"","_seopress_robots_index":"","_seopress_analysis_target_kw":""},"product_cat":[18,593],"product_tag":[],"class_list":{"0":"post-26062","1":"product","2":"type-product","3":"status-publish","4":"has-post-thumbnail","6":"product_cat-dackarbete","7":"product_cat-tillbehor-och-reservdelar","9":"first","10":"instock","11":"taxable","12":"shipping-taxable","13":"purchasable","14":"product-type-simple","swatches":"rey-swatches","show_selected":""},"acf":[],"_links":{"self":[{"href":"https:\/\/toolhouse.fi\/sv\/wp-json\/wp\/v2\/product\/26062","targetHints":{"allow":["GET"]}}],"collection":[{"href":"https:\/\/toolhouse.fi\/sv\/wp-json\/wp\/v2\/product"}],"about":[{"href":"https:\/\/toolhouse.fi\/sv\/wp-json\/wp\/v2\/types\/product"}],"version-history":[{"count":0,"href":"https:\/\/toolhouse.fi\/sv\/wp-json\/wp\/v2\/product\/26062\/revisions"}],"wp:featuredmedia":[{"embeddable":true,"href":"https:\/\/toolhouse.fi\/sv\/wp-json\/wp\/v2\/media\/26076"}],"wp:attachment":[{"href":"https:\/\/toolhouse.fi\/sv\/wp-json\/wp\/v2\/media?parent=26062"}],"wp:term":[{"taxonomy":"product_cat","embeddable":true,"href":"https:\/\/toolhouse.fi\/sv\/wp-json\/wp\/v2\/product_cat?post=26062"},{"taxonomy":"product_tag","embeddable":true,"href":"https:\/\/toolhouse.fi\/sv\/wp-json\/wp\/v2\/product_tag?post=26062"}],"curies":[{"name":"wp","href":"https:\/\/api.w.org\/{rel}","templated":true}]}}