{"id":26088,"date":"2025-05-22T17:48:56","date_gmt":"2025-05-22T14:48:56","guid":{"rendered":"https:\/\/toolhouse.fi\/?post_type=product&#038;p=26088"},"modified":"2026-01-30T16:17:12","modified_gmt":"2026-01-30T14:17:12","slug":"atc-21-10-24","status":"publish","type":"product","link":"https:\/\/toolhouse.fi\/sv\/produkt\/atc-21-10-24\/","title":{"rendered":"ATC-21. 10-24&#8243;"},"content":{"rendered":"<table border=\"0\" width=\"587\" cellspacing=\"0\" cellpadding=\"2\">\n<tbody>\n<tr>\n<td width=\"258\"><strong>Typ\u00a0:<\/strong><\/p>\n<p><strong>Tillverkare :<\/strong><\/p>\n<p><strong>Modell :<\/strong><\/td>\n<td width=\"322\">Halvautomatisk<\/p>\n<p>Atlantic-technik<\/p>\n<p>Atc-21<\/td>\n<\/tr>\n<tr>\n<td bgcolor=\"#f1f1f1\" width=\"258\"><b>Sp\u00e4nning\u00a0:<\/b><\/td>\n<td bgcolor=\"#f1f1f1\" width=\"322\">230V 50Hz<\/td>\n<\/tr>\n<tr>\n<td width=\"258\"><b>Rotationshastighet:<\/b><\/td>\n<td width=\"322\">6 rpm<\/td>\n<\/tr>\n<tr>\n<td bgcolor=\"#f1f1f1\" width=\"258\"><b>Presstryck<\/b><\/td>\n<td bgcolor=\"#f1f1f1\" width=\"322\">2500 kg<\/td>\n<\/tr>\n<tr>\n<td width=\"258\"><b>Maximal hjuldiameter\u00a0:<\/b><\/td>\n<td width=\"322\">920 mm<\/td>\n<\/tr>\n<tr>\n<td bgcolor=\"#f1f1f1\" width=\"258\"><b>Maximal hjulbredd\u00a0:<\/b><\/td>\n<td bgcolor=\"#f1f1f1\" width=\"322\">332 mm<\/td>\n<\/tr>\n<tr>\n<td width=\"258\"><b>F\u00e4lgstorlek inv\u00e4ndig\u00a0:<\/b><\/td>\n<td width=\"322\">\u00a012\u201c- 24\u201d<\/td>\n<\/tr>\n<tr>\n<td bgcolor=\"#f1f1f1\" width=\"258\"><b>F\u00e4lgstorlek utv\u00e4ndig<\/b><\/td>\n<td bgcolor=\"#f1f1f1\" width=\"322\">\u00a010\u201c- 20\u201d<\/td>\n<\/tr>\n<tr>\n<td width=\"258\"><b>Lufttryck:<\/b><\/td>\n<td width=\"322\">8 \u2013 10 Bar<\/td>\n<\/tr>\n<tr>\n<td bgcolor=\"#f1f1f1\" width=\"258\"><b>Ljudniv\u00e5\u00a0:<\/b><\/td>\n<td bgcolor=\"#f1f1f1\" width=\"322\">&lt;75 dB<\/td>\n<\/tr>\n<tr>\n<td width=\"258\"><b>Motoreffekt\u00a0:<\/b><\/td>\n<td width=\"322\">1,1 kW<\/td>\n<\/tr>\n<tr>\n<td bgcolor=\"#f1f1f1\" width=\"258\"><b>Vikt :<\/b><\/td>\n<td bgcolor=\"#f1f1f1\" width=\"322\">184 kg<\/td>\n<\/tr>\n<tr>\n<td width=\"258\"><b>Dimensioner (H x D x B)\u00a0:<\/b><\/p>\n<p><strong>Ce-godk\u00e4nd :<\/strong><\/p>\n<p><strong>Garanti :<\/strong><\/td>\n<td width=\"322\">186 x 100 x 78 cm<\/p>\n<p>Ja<\/p>\n<p>12 m\u00e5nader<\/td>\n<\/tr>\n<tr>\n<td bgcolor=\"#f1f1f1\" width=\"258\"><b>Standardutrustning\u00a0:<\/b><\/td>\n<td bgcolor=\"#f1f1f1\" width=\"322\">Tryckregulator med sm\u00f6rjare och vattenavskiljare.<\/p>\n<p>D\u00e4ckj\u00e4rn.<\/p>\n<p>Luftp\u00e5fyllare.<\/p>\n<p>Borste till d\u00e4ckpasta.<\/p>\n<p>D\u00e4ckpasta 1kg<\/p>\n<p>Plastskydd till monterinshuvud.<\/p>\n<p>Plastskydd till k\u00e4ftar.<\/p>\n<p>Plastskydd till klinchpress.<\/td>\n<\/tr>\n<\/tbody>\n<\/table>\n","protected":false},"excerpt":{"rendered":"<p><strong>D\u00e4ckmaskin ATC-21<\/strong><\/p>\n<ul>\n<li>F\u00e4lgstorlek inv\u00e4ndig: 12 \u201c- 24\u201d<\/li>\n<li>F\u00e4lgstorlek utv\u00e4ndig: 10 \u201c- 20\u201d<\/li>\n<li>Maximal hjuldiameter: 920 mm<\/li>\n<li>Maximal hjulbredd: 332 mm<\/li>\n<li>Presskraft: 2600 kg<\/li>\n<li>Str\u00f6mf\u00f6rs\u00f6rjning: 230V<\/li>\n<li>Vikt: 184 kg<\/li>\n<\/ul>\n<p>ATC 21 \u00e4r en p\u00e5litlig d\u00e4ckmaskin som l\u00e4mpar sig f\u00f6r montering av d\u00e4ck p\u00e5 b\u00e5de personbilar och l\u00e4ttare transportfordon. Den levereras med plastskydd f\u00f6r monteringshuvudet, bordets klor samt f\u00f6r klinchpressen som standard. En h\u00f6gkvalitativ luftp\u00e5fyllare och dubbla pedaler f\u00f6r bordets rotation bidrar till en snabbare, smidigare och mer ergonomisk anv\u00e4ndning.<\/p>\n<p>Maskinen \u00e4r CE-godk\u00e4nd och levereras med 12 m\u00e5naders garanti. Alla reservdelar finns tillg\u00e4ngliga.<\/p>\n","protected":false},"featured_media":26111,"template":"","meta":{"_acf_changed":false,"_seopress_robots_primary_cat":"none","_seopress_titles_title":"","_seopress_titles_desc":"","_seopress_robots_index":"","_seopress_analysis_target_kw":""},"product_cat":[18,186,591],"product_tag":[],"class_list":{"0":"post-26088","1":"product","2":"type-product","3":"status-publish","4":"has-post-thumbnail","6":"product_cat-dackarbete","7":"product_cat-dackmaskiner","8":"product_cat-dackmonteringsmaskiner","10":"first","11":"instock","12":"sale","13":"taxable","14":"shipping-taxable","15":"purchasable","16":"product-type-simple","swatches":"rey-swatches","show_selected":""},"acf":[],"_links":{"self":[{"href":"https:\/\/toolhouse.fi\/sv\/wp-json\/wp\/v2\/product\/26088","targetHints":{"allow":["GET"]}}],"collection":[{"href":"https:\/\/toolhouse.fi\/sv\/wp-json\/wp\/v2\/product"}],"about":[{"href":"https:\/\/toolhouse.fi\/sv\/wp-json\/wp\/v2\/types\/product"}],"version-history":[{"count":0,"href":"https:\/\/toolhouse.fi\/sv\/wp-json\/wp\/v2\/product\/26088\/revisions"}],"wp:featuredmedia":[{"embeddable":true,"href":"https:\/\/toolhouse.fi\/sv\/wp-json\/wp\/v2\/media\/26111"}],"wp:attachment":[{"href":"https:\/\/toolhouse.fi\/sv\/wp-json\/wp\/v2\/media?parent=26088"}],"wp:term":[{"taxonomy":"product_cat","embeddable":true,"href":"https:\/\/toolhouse.fi\/sv\/wp-json\/wp\/v2\/product_cat?post=26088"},{"taxonomy":"product_tag","embeddable":true,"href":"https:\/\/toolhouse.fi\/sv\/wp-json\/wp\/v2\/product_tag?post=26088"}],"curies":[{"name":"wp","href":"https:\/\/api.w.org\/{rel}","templated":true}]}}