{"id":26154,"date":"2025-05-26T14:20:09","date_gmt":"2025-05-26T11:20:09","guid":{"rendered":"https:\/\/toolhouse.fi\/?post_type=product&#038;p=26154"},"modified":"2026-04-16T19:26:32","modified_gmt":"2026-04-16T16:26:32","slug":"atb-100","status":"publish","type":"product","link":"https:\/\/toolhouse.fi\/sv\/produkt\/atb-100\/","title":{"rendered":"ATB-100"},"content":{"rendered":"<table class=\"n54117_dictionary\">\n<tbody>\n<tr>\n<td class=\"n54117_item_a1\">Modell<span class=\"n67256colon\">:<\/span><\/td>\n<td class=\"n54117_item_b1\">\n<div class=\"n54117_item_b_sub\"><span class=\"n54117_name_sub\">ATB-100<\/span><\/div>\n<\/td>\n<\/tr>\n<tr>\n<td class=\"n54117_item_a2\">Typ\u00a0<span class=\"n67256colon\">:<\/span><\/td>\n<td class=\"n54117_item_b2\">\n<div class=\"n54117_item_b_sub\">halvautomatisk<\/div>\n<\/td>\n<\/tr>\n<tr>\n<td class=\"n54117_item_a1\">M\u00e5tt (B x D x H)\u00a0<span class=\"n67256colon\">:<\/span><\/p>\n<p>Vikt:<\/td>\n<td class=\"n54117_item_b1\">\n<div class=\"n54117_item_b_sub\">800x670x1010mm<\/div>\n<div>85kg<\/div>\n<\/td>\n<\/tr>\n<tr>\n<td class=\"n54117_item_a2\">M\u00e4tningstid\u00a0<span class=\"n67256colon\">:<\/span><\/td>\n<td class=\"n54117_item_b2\">\n<div class=\"n54117_item_b_sub\">8 sekunder<\/div>\n<\/td>\n<\/tr>\n<tr>\n<td class=\"n54117_item_a1\">Ljudniv\u00e5l\u00a0<span class=\"n67256colon\">:<\/span><\/td>\n<td class=\"n54117_item_b1\">\n<div class=\"n54117_item_b_sub\">\u226469dB<\/div>\n<\/td>\n<\/tr>\n<tr>\n<td class=\"n54117_item_a2\">Axel diameter\u00a0<span class=\"n67256colon\">:<\/span><\/td>\n<td class=\"n54117_item_b2\">\n<div class=\"n54117_item_b_sub\">36mm (diameter) x 3mm (g\u00e4ngstigning)<\/div>\n<\/td>\n<\/tr>\n<tr>\n<td class=\"n54117_item_a1\">Program:\u00a0<span class=\"n67256colon\">:<\/span><\/td>\n<td class=\"n54117_item_b1\">\n<div class=\"n54117_item_b_sub\">3st alu, dynamisk, statisk<\/div>\n<\/td>\n<\/tr>\n<tr>\n<td class=\"n54117_item_a2\">Maximal hjulvikt\u00a0<span class=\"n67256colon\">:<\/span><\/td>\n<td class=\"n54117_item_b2\">\n<div class=\"n54117_item_b_sub\">65 kg<\/div>\n<\/td>\n<\/tr>\n<tr>\n<td class=\"n54117_item_a1\">Rotations hastighet\u00a0<span class=\"n67256colon\">:<\/span><\/td>\n<td class=\"n54117_item_b1\">\n<div class=\"n54117_item_b_sub\">200 rpm<\/div>\n<\/td>\n<\/tr>\n<tr>\n<td class=\"n54117_item_a2\">Noggrannhet\u00a0<span class=\"n67256colon\">:<\/span><\/td>\n<td class=\"n54117_item_b2\">\n<div class=\"n54117_item_b_sub\">1g<\/div>\n<\/td>\n<\/tr>\n<tr>\n<td class=\"n54117_item_a1\">F\u00e4lgstorlek\u00a0<span class=\"n67256colon\">:<\/span><\/p>\n<p>F\u00e4lgbredd:<\/td>\n<td class=\"n54117_item_b1\">\n<div class=\"n54117_item_b_sub\">10 \u201c &#8211;\u00a0 24\u201d<\/div>\n<div>1,5&#8243; &#8211; 16&#8243;<\/div>\n<\/td>\n<\/tr>\n<tr>\n<td class=\"n54117_item_a2\">Vikt positionering\u00a0<span class=\"n67256colon\">:<\/span><\/td>\n<td class=\"n54117_item_b2\">\n<div class=\"n54117_item_b_sub\">led lampor, ljudsignal<\/div>\n<\/td>\n<\/tr>\n<tr>\n<td class=\"n54117_item_a1\">Ytterligare funktioner\u00a0<span class=\"n67256colon\">:<\/span><\/td>\n<td class=\"n54117_item_b1\">\n<div class=\"n54117_item_b_sub\">Automatisk sj\u00e4lvdiagnos, optimering<\/div>\n<\/td>\n<\/tr>\n<tr>\n<td class=\"n54117_item_a2\">Str\u00f6mf\u00f6rbrukning\u00a0<span class=\"n67256colon\">:<\/span><\/td>\n<td class=\"n54117_item_b2\">\n<div class=\"n54117_item_b_sub\">0.25kW<\/div>\n<\/td>\n<\/tr>\n<tr>\n<td class=\"n54117_item_a1\">Str\u00f6mf\u00f6rs\u00f6rjning\u00a0<span class=\"n67256colon\">:<\/span><\/td>\n<td class=\"n54117_item_b1\">\n<div class=\"n54117_item_b_sub\">230V 50Hz<\/div>\n<\/td>\n<\/tr>\n<tr>\n<td class=\"n54117_item_a2\">Garanti\u00a0<span class=\"n67256colon\">:<\/span><\/td>\n<td class=\"n54117_item_b2\">\n<div class=\"n54117_item_b_sub\">12 m\u00e5nader<\/div>\n<\/td>\n<\/tr>\n<tr>\n<td class=\"n54117_item_a1\"><span class=\"n67256colon\">Ce-m\u00e4rkt:<\/span><\/td>\n<td class=\"n54117_item_b1\">\n<div class=\"n54117_item_b_sub\">Ja<\/div>\n<\/td>\n<\/tr>\n<\/tbody>\n<\/table>\n","protected":false},"excerpt":{"rendered":"<p><strong data-start=\"97\" data-end=\"176\">ATB-100 \u00e4r en l\u00e4ttanv\u00e4nd och p\u00e5litlig balanseringsmaskin med h\u00f6g prestanda.<\/strong><br data-start=\"176\" data-end=\"179\" \/>Maskinen \u00e4r avsedd f\u00f6r balansering av d\u00e4ck p\u00e5 personbilar, paketbilar och motorcyklar (mc-adapter finns som tillvalsutrustning). Maskinen \u00e4r enkel att anv\u00e4nda och levererar snabba, noggranna och konsekventa m\u00e4tresultat.<\/p>\n<p><strong>Flera balanseringsprogram<\/strong><br \/>\nMaskinen \u00e4r utrustad med tre dedikerade program f\u00f6r l\u00e4ttmetallf\u00e4lgar samt statisk och dynamisk balansering.<\/p>\n<p><strong>LED-display<\/strong><\/p>\n<p>LED-display visar exakt var obalansen \u00e4r. Maskinen har \u00e4ven tydliga knappar f\u00f6r enkel anv\u00e4ndning.<\/p>\n<p><strong>Axeldiameter: 36 mm<\/strong><\/p>\n<p>ATB-100 \u00e4r utrustad med en 36 mm axel och kompatibel med ett brett utbud av tillbeh\u00f6r.<\/p>\n<p><strong>Sj\u00e4lvdiagnostik och kalibrering<\/strong><\/p>\n<p>Maskinen \u00e4r enkel att fels\u00f6ka och utrustad med ett anv\u00e4ndarv\u00e4nligt kalibreringssystem, vilket g\u00f6r att anv\u00e4ndaren sj\u00e4lv kan justera maskinen f\u00f6r optimala resultat.<\/p>\n<p><strong>Standardutrustning<\/strong><\/p>\n<ul>\n<li>Set med koner (4 st)<\/li>\n<li>Snabbmutter<\/li>\n<li>Viktt\u00e5ng<\/li>\n<li>F\u00e4lgm\u00e5tt f\u00f6r att m\u00e4ta hjulbredd<\/li>\n<li>Kalibreringsvikt<\/li>\n<\/ul>\n","protected":false},"featured_media":26174,"template":"","meta":{"_acf_changed":false,"_seopress_robots_primary_cat":"none","_seopress_titles_title":"","_seopress_titles_desc":"","_seopress_robots_index":""},"product_cat":[185,18,623],"product_tag":[],"class_list":{"0":"post-26154","1":"product","2":"type-product","3":"status-publish","4":"has-post-thumbnail","6":"product_cat-balanseringsmaskiner","7":"product_cat-dackarbete","8":"product_cat-dackbalanserare","10":"first","11":"instock","12":"sale","13":"taxable","14":"shipping-taxable","15":"purchasable","16":"product-type-simple","swatches":"rey-swatches","show_selected":""},"acf":[],"_links":{"self":[{"href":"https:\/\/toolhouse.fi\/sv\/wp-json\/wp\/v2\/product\/26154","targetHints":{"allow":["GET"]}}],"collection":[{"href":"https:\/\/toolhouse.fi\/sv\/wp-json\/wp\/v2\/product"}],"about":[{"href":"https:\/\/toolhouse.fi\/sv\/wp-json\/wp\/v2\/types\/product"}],"version-history":[{"count":3,"href":"https:\/\/toolhouse.fi\/sv\/wp-json\/wp\/v2\/product\/26154\/revisions"}],"predecessor-version":[{"id":32637,"href":"https:\/\/toolhouse.fi\/sv\/wp-json\/wp\/v2\/product\/26154\/revisions\/32637"}],"wp:featuredmedia":[{"embeddable":true,"href":"https:\/\/toolhouse.fi\/sv\/wp-json\/wp\/v2\/media\/26174"}],"wp:attachment":[{"href":"https:\/\/toolhouse.fi\/sv\/wp-json\/wp\/v2\/media?parent=26154"}],"wp:term":[{"taxonomy":"product_cat","embeddable":true,"href":"https:\/\/toolhouse.fi\/sv\/wp-json\/wp\/v2\/product_cat?post=26154"},{"taxonomy":"product_tag","embeddable":true,"href":"https:\/\/toolhouse.fi\/sv\/wp-json\/wp\/v2\/product_tag?post=26154"}],"curies":[{"name":"wp","href":"https:\/\/api.w.org\/{rel}","templated":true}]}}