{"id":26190,"date":"2025-05-27T11:32:53","date_gmt":"2025-05-27T08:32:53","guid":{"rendered":"https:\/\/toolhouse.fi\/?post_type=product&#038;p=26190"},"modified":"2025-11-11T16:57:12","modified_gmt":"2025-11-11T14:57:12","slug":"30t-verkstadspress-evolution","status":"publish","type":"product","link":"https:\/\/toolhouse.fi\/sv\/produkt\/30t-verkstadspress-evolution\/","title":{"rendered":"30T Verkstadspress Evolution"},"content":{"rendered":"<table class=\"n54117_dictionary\" style=\"height: 673px;\" width=\"352\">\n<tbody>\n<tr>\n<td class=\"n54117_item_a1\">Presskraft<span class=\"n67256colon\">:<\/span><\/p>\n<p>Tillverkare:<\/td>\n<td class=\"n54117_item_b1\">\n<div class=\"n54117_item_b_sub\">30T<\/div>\n<div>Evolution<\/div>\n<\/td>\n<\/tr>\n<tr>\n<td class=\"n54117_item_a2\"><span class=\"n67256colon\">Arbetsomr\u00e5de:<\/span><\/p>\n<p>Slagl\u00e4ngd<\/td>\n<td class=\"n54117_item_b2\">\n<div class=\"n54117_item_b_sub\">155 \u2013 1030 mm<\/div>\n<div>160 mm<\/div>\n<\/td>\n<\/tr>\n<tr>\n<td class=\"n54117_item_a1\"><span class=\"n67256colon\">Justerbart bord:<\/span><\/td>\n<td class=\"n54117_item_b1\">\n<div class=\"n54117_item_b_sub\">8 l\u00e4gen<\/div>\n<\/td>\n<\/tr>\n<tr>\n<td class=\"n54117_item_a2\"><span class=\"n67256colon\">Bordets bredd:<\/span><\/td>\n<td class=\"n54117_item_b2\">\n<div class=\"n54117_item_b_sub\">530 mm<\/div>\n<\/td>\n<\/tr>\n<tr>\n<td class=\"n54117_item_a1\"><span class=\"n67256colon\">Bordets djup:<\/span><\/td>\n<td class=\"n54117_item_b1\">\n<div class=\"n54117_item_b_sub\">145 mm<\/div>\n<\/td>\n<\/tr>\n<tr>\n<td class=\"n54117_item_a2\"><span class=\"n67256colon\">H\u00f6jd:<\/span><\/td>\n<td class=\"n54117_item_b2\">\n<div class=\"n54117_item_b_sub\">1680 mm<\/div>\n<\/td>\n<\/tr>\n<tr>\n<td class=\"n54117_item_a1\"><span class=\"n67256colon\">Bredd:<\/span><\/td>\n<td class=\"n54117_item_b1\">\n<div class=\"n54117_item_b_sub\">670 mm<\/div>\n<\/td>\n<\/tr>\n<tr>\n<td class=\"n54117_item_a2\">Standardutrustning::<\/td>\n<td class=\"n54117_item_b2\">\n<div>V-block 2st<\/div>\n<div>Handtag\/pedal<\/div>\n<div><\/div>\n<\/td>\n<\/tr>\n<tr>\n<td class=\"n54117_item_a1\"><\/td>\n<td class=\"n54117_item_b1\">\n<div class=\"n54117_item_b_sub\"><\/div>\n<\/td>\n<\/tr>\n<tr>\n<td class=\"n54117_item_a2\">Vikt:<\/td>\n<td class=\"n54117_item_b2\">\n<div class=\"n54117_item_b_sub\">130 kg<\/div>\n<\/td>\n<\/tr>\n<tr>\n<td class=\"n54117_item_a1\">Ce-godk\u00e4nd:<\/td>\n<td class=\"n54117_item_b1\">\n<div class=\"n54117_item_b_sub\">Ja<\/div>\n<\/td>\n<\/tr>\n<tr>\n<td class=\"n54117_item_a2\"><span class=\"n67256colon\">Garanti:<\/span><\/td>\n<td class=\"n54117_item_b2\">\n<div class=\"n54117_item_b_sub\">12 m\u00e5nader<\/div>\n<\/td>\n<\/tr>\n<\/tbody>\n<\/table>\n<p>&nbsp;<\/p>\n","protected":false},"excerpt":{"rendered":"<h3 class=\"product-title product_title entry-title\"><span class=\"Y2IQFc\" lang=\"fi\">30T hydraulisk verkstadspress<\/span><\/h3>\n<ul>\n<li>Stadig konstruktion med svetsad ram<\/li>\n<li>Tv\u00e5stegs hydraulpump som automatiskt v\u00e4xlar mellan snabb- och precisionsl\u00e4ge<\/li>\n<li>Hydraulpump med handtag och fotpedal<\/li>\n<li>Presskraft 30 Ton<\/li>\n<li>Presscylindern \u00e4r flyttbar i sidled<\/li>\n<li>V\u00e4ndbara pressplattor som \u00e4r v-formade p\u00e5 ena sidan och plana p\u00e5 andra sidan<\/li>\n<li>Stor, tydlig tryckm\u00e4tare<\/li>\n<li>Vikt 130kg<\/li>\n<\/ul>\n","protected":false},"featured_media":29557,"template":"","meta":{"_acf_changed":false,"_seopress_robots_primary_cat":"none","_seopress_titles_title":"","_seopress_titles_desc":"","_seopress_robots_index":""},"product_cat":[137,621],"product_tag":[],"class_list":{"0":"post-26190","1":"product","2":"type-product","3":"status-publish","4":"has-post-thumbnail","6":"product_cat-hydraulpressar","7":"product_cat-pressar","9":"first","10":"instock","11":"taxable","12":"shipping-taxable","13":"purchasable","14":"product-type-simple","swatches":"rey-swatches","show_selected":""},"acf":[],"_links":{"self":[{"href":"https:\/\/toolhouse.fi\/sv\/wp-json\/wp\/v2\/product\/26190","targetHints":{"allow":["GET"]}}],"collection":[{"href":"https:\/\/toolhouse.fi\/sv\/wp-json\/wp\/v2\/product"}],"about":[{"href":"https:\/\/toolhouse.fi\/sv\/wp-json\/wp\/v2\/types\/product"}],"version-history":[{"count":0,"href":"https:\/\/toolhouse.fi\/sv\/wp-json\/wp\/v2\/product\/26190\/revisions"}],"wp:featuredmedia":[{"embeddable":true,"href":"https:\/\/toolhouse.fi\/sv\/wp-json\/wp\/v2\/media\/29557"}],"wp:attachment":[{"href":"https:\/\/toolhouse.fi\/sv\/wp-json\/wp\/v2\/media?parent=26190"}],"wp:term":[{"taxonomy":"product_cat","embeddable":true,"href":"https:\/\/toolhouse.fi\/sv\/wp-json\/wp\/v2\/product_cat?post=26190"},{"taxonomy":"product_tag","embeddable":true,"href":"https:\/\/toolhouse.fi\/sv\/wp-json\/wp\/v2\/product_tag?post=26190"}],"curies":[{"name":"wp","href":"https:\/\/api.w.org\/{rel}","templated":true}]}}