{"id":26222,"date":"2025-05-27T13:33:18","date_gmt":"2025-05-27T10:33:18","guid":{"rendered":"https:\/\/toolhouse.fi\/?post_type=product&#038;p=26222"},"modified":"2026-02-16T16:44:04","modified_gmt":"2026-02-16T14:44:04","slug":"skruvstycke-200mm","status":"publish","type":"product","link":"https:\/\/toolhouse.fi\/sv\/produkt\/skruvstycke-200mm\/","title":{"rendered":"Skruvstycke 200mm, 27kg"},"content":{"rendered":"","protected":false},"excerpt":{"rendered":"<p data-start=\"65\" data-end=\"130\">Mycket robust skruvstycke med 200 mm bredd och vikt p\u00e5 27 kg.<\/p>\n<p data-start=\"132\" data-end=\"277\">Utrustat med extra stort smidesst\u00e4d (120 x 120 mm), trapetsg\u00e4nga och h\u00e4rdade backar, vilket g\u00f6r det b\u00e5de h\u00e5llbart och m\u00e5ngsidigt.<\/p>\n<ul>\n<li data-start=\"303\" data-end=\"320\">Vikt: 27 kg<\/li>\n<li data-start=\"323\" data-end=\"351\">Backbredd: 200 mm (8\u2033)<\/li>\n<li data-start=\"354\" data-end=\"379\">Max \u00f6ppning: 170 mm<\/li>\n<li data-start=\"382\" data-end=\"399\">Djup: 90 mm<\/li>\n<li data-start=\"402\" data-end=\"429\">Smidesst\u00e4d: 120 x 120 mm<\/li>\n<li data-start=\"402\" data-end=\"429\">L\u00e4ngd: 480 mm<\/li>\n<li data-start=\"402\" data-end=\"429\">H\u00f6jd: 226 mm<\/li>\n<li data-start=\"432\" data-end=\"456\">Material: Gjutj\u00e4rn<\/li>\n<li data-start=\"459\" data-end=\"506\">Roterbar bas<\/li>\n<li data-start=\"509\" data-end=\"533\">H\u00e4rdade backar<\/li>\n<li data-start=\"536\" data-end=\"577\">Tillverkare: Smart equipment<\/li>\n<\/ul>\n<p>&nbsp;<\/p>\n<p>&nbsp;<\/p>\n","protected":false},"featured_media":26231,"template":"","meta":{"_acf_changed":false,"_seopress_robots_primary_cat":"none","_seopress_titles_title":"","_seopress_titles_desc":"","_seopress_robots_index":""},"product_cat":[256,347,336,21],"product_tag":[],"class_list":{"0":"post-26222","1":"product","2":"type-product","3":"status-publish","4":"has-post-thumbnail","6":"product_cat-maskinskruvstycken","7":"product_cat-skruvstycken","8":"product_cat-verktyg","9":"product_cat-verkstadsutrustning","11":"first","12":"instock","13":"taxable","14":"shipping-taxable","15":"purchasable","16":"product-type-simple","swatches":"rey-swatches","show_selected":""},"acf":[],"_links":{"self":[{"href":"https:\/\/toolhouse.fi\/sv\/wp-json\/wp\/v2\/product\/26222","targetHints":{"allow":["GET"]}}],"collection":[{"href":"https:\/\/toolhouse.fi\/sv\/wp-json\/wp\/v2\/product"}],"about":[{"href":"https:\/\/toolhouse.fi\/sv\/wp-json\/wp\/v2\/types\/product"}],"version-history":[{"count":0,"href":"https:\/\/toolhouse.fi\/sv\/wp-json\/wp\/v2\/product\/26222\/revisions"}],"wp:featuredmedia":[{"embeddable":true,"href":"https:\/\/toolhouse.fi\/sv\/wp-json\/wp\/v2\/media\/26231"}],"wp:attachment":[{"href":"https:\/\/toolhouse.fi\/sv\/wp-json\/wp\/v2\/media?parent=26222"}],"wp:term":[{"taxonomy":"product_cat","embeddable":true,"href":"https:\/\/toolhouse.fi\/sv\/wp-json\/wp\/v2\/product_cat?post=26222"},{"taxonomy":"product_tag","embeddable":true,"href":"https:\/\/toolhouse.fi\/sv\/wp-json\/wp\/v2\/product_tag?post=26222"}],"curies":[{"name":"wp","href":"https:\/\/api.w.org\/{rel}","templated":true}]}}