{"id":26239,"date":"2025-05-27T15:51:37","date_gmt":"2025-05-27T12:51:37","guid":{"rendered":"https:\/\/toolhouse.fi\/?post_type=product&#038;p=26239"},"modified":"2026-02-12T15:12:43","modified_gmt":"2026-02-12T13:12:43","slug":"hydraulisk-lageravdragare-10t","status":"publish","type":"product","link":"https:\/\/toolhouse.fi\/sv\/produkt\/hydraulisk-lageravdragare-10t\/","title":{"rendered":"Hydraulisk lageravdragare 10T"},"content":{"rendered":"","protected":false},"excerpt":{"rendered":"<p data-start=\"75\" data-end=\"111\"><strong data-start=\"75\" data-end=\"111\">Hydraulisk avdragarsats \u2013 10 ton<\/strong><\/p>\n<p data-start=\"113\" data-end=\"218\">Robust och m\u00e5ngsidig sats f\u00f6r demontering av lager, drev, remskivor och andra fastsittande komponenter.<\/p>\n<p data-start=\"220\" data-end=\"348\">Med den hydrauliska spindeln p\u00e5 10 ton genereras stor dragkraft med minimal anstr\u00e4ngning \u2013 bara att skruva T-handtaget f\u00f6r hand.<\/p>\n<p><strong>Inneh\u00e5ll:<\/strong><\/p>\n<ul>\n<li>Hydraulisk spindel kapacitet 10 ton<\/li>\n<li>3x avdragarklor 100mm<\/li>\n<li>3x avdragarklor 150mm<\/li>\n<li>3x avdragarklor 200mm<\/li>\n<li>Adapter f\u00f6r 2 st avdragarklor<\/li>\n<li>Adapter f\u00f6r 3 st avdragarklor<\/li>\n<li>Avdragarholk<\/li>\n<li>Adapter f\u00f6r lageravdragare 205mm<\/li>\n<li>Lageravdragare 50-100mm<\/li>\n<li>3x spindelf\u00f6rl\u00e4ngningar 25mm, 35mm, 85mm<\/li>\n<li>2x f\u00f6rl\u00e4ngningar f\u00f6r lageravdragare 235mm<\/li>\n<li>2x dragst\u00e4nger f\u00f6r lageravdragare 185mm<\/li>\n<li>F\u00f6rvaringsv\u00e4ska<\/li>\n<\/ul>\n<p>Vikt 17,5 kg<\/p>\n<p>Tillverkare Smart equipment<\/p>\n","protected":false},"featured_media":26249,"template":"","meta":{"_acf_changed":false,"_seopress_robots_primary_cat":"none","_seopress_titles_title":"","_seopress_titles_desc":"","_seopress_robots_index":""},"product_cat":[588,336,21],"product_tag":[],"class_list":{"0":"post-26239","1":"product","2":"type-product","3":"status-publish","4":"has-post-thumbnail","6":"product_cat-avdragare","7":"product_cat-verktyg","8":"product_cat-verkstadsutrustning","10":"first","11":"instock","12":"taxable","13":"shipping-taxable","14":"purchasable","15":"product-type-simple","swatches":"rey-swatches","show_selected":""},"acf":[],"_links":{"self":[{"href":"https:\/\/toolhouse.fi\/sv\/wp-json\/wp\/v2\/product\/26239","targetHints":{"allow":["GET"]}}],"collection":[{"href":"https:\/\/toolhouse.fi\/sv\/wp-json\/wp\/v2\/product"}],"about":[{"href":"https:\/\/toolhouse.fi\/sv\/wp-json\/wp\/v2\/types\/product"}],"version-history":[{"count":0,"href":"https:\/\/toolhouse.fi\/sv\/wp-json\/wp\/v2\/product\/26239\/revisions"}],"wp:featuredmedia":[{"embeddable":true,"href":"https:\/\/toolhouse.fi\/sv\/wp-json\/wp\/v2\/media\/26249"}],"wp:attachment":[{"href":"https:\/\/toolhouse.fi\/sv\/wp-json\/wp\/v2\/media?parent=26239"}],"wp:term":[{"taxonomy":"product_cat","embeddable":true,"href":"https:\/\/toolhouse.fi\/sv\/wp-json\/wp\/v2\/product_cat?post=26239"},{"taxonomy":"product_tag","embeddable":true,"href":"https:\/\/toolhouse.fi\/sv\/wp-json\/wp\/v2\/product_tag?post=26239"}],"curies":[{"name":"wp","href":"https:\/\/api.w.org\/{rel}","templated":true}]}}